{"id":9133,"date":"2023-10-16T06:55:52","date_gmt":"2023-10-16T06:55:52","guid":{"rendered":"https:\/\/decoluxe.es\/pavage-exterieur\/"},"modified":"2023-11-27T09:43:11","modified_gmt":"2023-11-27T09:43:11","slug":"pavage-exterieur","status":"publish","type":"page","link":"https:\/\/decoluxeinteriordesign.com\/fr\/pavage-exterieur\/","title":{"rendered":"Pavage ext\u00e9rieur"},"content":{"rendered":"\t\t<div data-elementor-type=\"wp-page\" data-elementor-id=\"9133\" class=\"elementor elementor-9133 elementor-5082\" data-elementor-post-type=\"page\">\n\t\t\t\t<div class=\"elementor-element elementor-element-4b4cc5c1 e-flex e-con-boxed e-con e-parent\" data-id=\"4b4cc5c1\" data-element_type=\"container\" data-settings=\"{&quot;background_background&quot;:&quot;classic&quot;}\">\n\t\t\t\t\t<div class=\"e-con-inner\">\n\t\t<div class=\"elementor-element elementor-element-66ef3340 e-con-full e-flex e-con e-child\" data-id=\"66ef3340\" data-element_type=\"container\">\n\t\t\t\t<div class=\"elementor-element elementor-element-4d40cf2d elementor-widget elementor-widget-image\" data-id=\"4d40cf2d\" data-element_type=\"widget\" data-widget_type=\"image.default\">\n\t\t\t\t<div class=\"elementor-widget-container\">\n\t\t\t\t\t\t\t\t\t\t\t\t\t<img fetchpriority=\"high\" decoding=\"async\" width=\"2048\" height=\"1220\" src=\"https:\/\/decoluxeinteriordesign.com\/wp-content\/uploads\/2023\/11\/VIVIENDA-EN-GRECIA-ECO-CEMENT.jpg\" class=\"attachment-full size-full wp-image-12429\" alt=\"\" srcset=\"https:\/\/decoluxeinteriordesign.com\/wp-content\/uploads\/2023\/11\/VIVIENDA-EN-GRECIA-ECO-CEMENT.jpg 2048w, https:\/\/decoluxeinteriordesign.com\/wp-content\/uploads\/2023\/11\/VIVIENDA-EN-GRECIA-ECO-CEMENT-300x179.jpg 300w, https:\/\/decoluxeinteriordesign.com\/wp-content\/uploads\/2023\/11\/VIVIENDA-EN-GRECIA-ECO-CEMENT-1024x610.jpg 1024w, https:\/\/decoluxeinteriordesign.com\/wp-content\/uploads\/2023\/11\/VIVIENDA-EN-GRECIA-ECO-CEMENT-768x458.jpg 768w, https:\/\/decoluxeinteriordesign.com\/wp-content\/uploads\/2023\/11\/VIVIENDA-EN-GRECIA-ECO-CEMENT-1536x915.jpg 1536w\" sizes=\"(max-width: 2048px) 100vw, 2048px\" \/>\t\t\t\t\t\t\t\t\t\t\t\t\t<\/div>\n\t\t\t\t<\/div>\n\t\t\t\t<\/div>\n\t\t<div class=\"elementor-element elementor-element-5fd3eec3 e-con-full animated-slow e-flex elementor-invisible e-con e-child\" data-id=\"5fd3eec3\" data-element_type=\"container\" data-settings=\"{&quot;background_background&quot;:&quot;classic&quot;,&quot;animation&quot;:&quot;fadeInDown&quot;}\">\n\t\t<div class=\"elementor-element elementor-element-3ba7c7a7 e-flex e-con-boxed e-con e-child\" data-id=\"3ba7c7a7\" data-element_type=\"container\">\n\t\t\t\t\t<div class=\"e-con-inner\">\n\t\t\t\t<div class=\"elementor-element elementor-element-37a434f elementor-widget__width-auto elementor-hidden-tablet elementor-hidden-mobile elementor-widget elementor-widget-image\" data-id=\"37a434f\" data-element_type=\"widget\" data-widget_type=\"image.default\">\n\t\t\t\t<div class=\"elementor-widget-container\">\n\t\t\t\t\t\t\t\t\t\t\t\t\t<img decoding=\"async\" width=\"60\" height=\"60\" src=\"https:\/\/decoluxeinteriordesign.com\/wp-content\/uploads\/2023\/09\/punto.png\" class=\"attachment-large size-large wp-image-184\" alt=\"\" \/>\t\t\t\t\t\t\t\t\t\t\t\t\t<\/div>\n\t\t\t\t<\/div>\n\t\t\t\t<div class=\"elementor-element elementor-element-49e2f925 elementor-widget__width-auto elementor-widget elementor-widget-heading\" data-id=\"49e2f925\" data-element_type=\"widget\" data-widget_type=\"heading.default\">\n\t\t\t\t<div class=\"elementor-widget-container\">\n\t\t\t<h1 class=\"elementor-heading-title elementor-size-default\">chauss\u00e9es<br><span style=\"font-weight:300\">\u00e0 l'ext\u00e9rieur<\/span><\/h1>\t\t<\/div>\n\t\t\t\t<\/div>\n\t\t\t\t\t<\/div>\n\t\t\t\t<\/div>\n\t\t\t\t<div class=\"elementor-element elementor-element-72f09cce elementor-widget elementor-widget-text-editor\" data-id=\"72f09cce\" data-element_type=\"widget\" data-widget_type=\"text-editor.default\">\n\t\t\t\t<div class=\"elementor-widget-container\">\n\t\t\t\t\t\t\t<p><span>Dans notre approche de l&rsquo;am\u00e9nagement ext\u00e9rieur, le pavage devient le chemin vers la beaut\u00e9 et la fonctionnalit\u00e9 de l&rsquo;ext\u00e9rieur.  <\/span><span>Chaque type de rev\u00eatement, des pav\u00e9s rustiques aux \u00e9l\u00e9gantes dalles de pierre, est s\u00e9lectionn\u00e9 avec pr\u00e9cision pour r\u00e9sister aux \u00e9l\u00e9ments tout en ajoutant une touche de style \u00e0 votre espace ext\u00e9rieur.  <\/span><span>Nous nous effor\u00e7ons de trouver l&rsquo;\u00e9quilibre parfait entre durabilit\u00e9 et esth\u00e9tique, en veillant \u00e0 ce que votre rev\u00eatement de sol ext\u00e9rieur soit non seulement durable et facile \u00e0 entretenir, mais aussi une expression artistique de votre go\u00fbt et de votre personnalit\u00e9.<\/span><\/p>\n\t\t\t\t\t\t<\/div>\n\t\t\t\t<\/div>\n\t\t\t\t<div class=\"elementor-element elementor-element-4aace59a elementor-view-default elementor-widget elementor-widget-icon\" data-id=\"4aace59a\" data-element_type=\"widget\" data-widget_type=\"icon.default\">\n\t\t\t\t<div class=\"elementor-widget-container\">\n\t\t\t\t\t<div class=\"elementor-icon-wrapper\">\n\t\t\t<div class=\"elementor-icon\">\n\t\t\t<i aria-hidden=\"true\" class=\"fas fa-chevron-down\"><\/i>\t\t\t<\/div>\n\t\t<\/div>\n\t\t\t\t<\/div>\n\t\t\t\t<\/div>\n\t\t\t\t<\/div>\n\t\t\t\t\t<\/div>\n\t\t\t\t<\/div>\n\t\t<div class=\"elementor-element elementor-element-112ff285 e-con-full e-flex e-con e-parent\" data-id=\"112ff285\" data-element_type=\"container\">\n\t\t\t\t<div class=\"elementor-element elementor-element-cf00695 elementor-widget elementor-widget-gallery\" data-id=\"cf00695\" data-element_type=\"widget\" data-settings=\"{&quot;gap&quot;:{&quot;unit&quot;:&quot;px&quot;,&quot;size&quot;:1,&quot;sizes&quot;:[]},&quot;aspect_ratio&quot;:&quot;1:1&quot;,&quot;overlay_title&quot;:&quot;caption&quot;,&quot;lazyload&quot;:&quot;yes&quot;,&quot;gallery_layout&quot;:&quot;grid&quot;,&quot;columns&quot;:4,&quot;columns_tablet&quot;:2,&quot;columns_mobile&quot;:1,&quot;gap_tablet&quot;:{&quot;unit&quot;:&quot;px&quot;,&quot;size&quot;:10,&quot;sizes&quot;:[]},&quot;gap_mobile&quot;:{&quot;unit&quot;:&quot;px&quot;,&quot;size&quot;:10,&quot;sizes&quot;:[]},&quot;link_to&quot;:&quot;file&quot;,&quot;overlay_background&quot;:&quot;yes&quot;,&quot;content_hover_animation&quot;:&quot;fade-in&quot;}\" data-widget_type=\"gallery.default\">\n\t\t\t\t<div class=\"elementor-widget-container\">\n\t\t\t\t\t<div class=\"elementor-gallery__container\">\n\t\t\t\t\t\t\t<a class=\"e-gallery-item elementor-gallery-item elementor-animated-content\" href=\"https:\/\/decoluxeinteriordesign.com\/wp-content\/uploads\/2023\/11\/VIVIENDA-GRECIA.jpg\" data-elementor-open-lightbox=\"yes\" data-elementor-lightbox-slideshow=\"cf00695\" data-elementor-lightbox-title=\"VIVIENDA GRECIA\" data-e-action-hash=\"#elementor-action%3Aaction%3Dlightbox%26settings%3DeyJpZCI6MTI0MzMsInVybCI6Imh0dHBzOlwvXC9kZWNvbHV4ZWludGVyaW9yZGVzaWduLmNvbVwvd3AtY29udGVudFwvdXBsb2Fkc1wvMjAyM1wvMTFcL1ZJVklFTkRBLUdSRUNJQS5qcGciLCJzbGlkZXNob3ciOiJjZjAwNjk1In0%3D\">\n\t\t\t\t\t<div class=\"e-gallery-image elementor-gallery-item__image\" data-thumbnail=\"https:\/\/decoluxeinteriordesign.com\/wp-content\/uploads\/2023\/11\/VIVIENDA-GRECIA.jpg\" data-width=\"1498\" data-height=\"1000\" aria-label=\"\" role=\"img\" ><\/div>\n\t\t\t\t\t\t\t\t\t\t\t<div class=\"elementor-gallery-item__overlay\"><\/div>\n\t\t\t\t\t\t\t\t\t\t\t\t\t\t\t<div class=\"elementor-gallery-item__content\">\n\t\t\t\t\t\t\t\t\t\t\t\t\t\t<div class=\"elementor-gallery-item__title\">\n\t\t\t\t\t\t\t\t\t\t\t\t\t\t\t\t\t\tVIVIENDA GRECIA\t\t\t\t\t\t\t\t<\/div>\n\t\t\t\t\t\t\t\t\t\t\t\t<\/div>\n\t\t\t\t\t\t\t\t\t<\/a>\n\t\t\t\t\t\t\t<a class=\"e-gallery-item elementor-gallery-item elementor-animated-content\" href=\"https:\/\/decoluxeinteriordesign.com\/wp-content\/uploads\/2023\/11\/VIVIENDA-EN-GRECIA-ECO-CEMENT.jpg\" data-elementor-open-lightbox=\"yes\" data-elementor-lightbox-slideshow=\"cf00695\" data-elementor-lightbox-title=\"VIVIENDA EN GRECIA ECO CEMENT\" data-e-action-hash=\"#elementor-action%3Aaction%3Dlightbox%26settings%3DeyJpZCI6MTI0MjksInVybCI6Imh0dHBzOlwvXC9kZWNvbHV4ZWludGVyaW9yZGVzaWduLmNvbVwvd3AtY29udGVudFwvdXBsb2Fkc1wvMjAyM1wvMTFcL1ZJVklFTkRBLUVOLUdSRUNJQS1FQ08tQ0VNRU5ULmpwZyIsInNsaWRlc2hvdyI6ImNmMDA2OTUifQ%3D%3D\">\n\t\t\t\t\t<div class=\"e-gallery-image elementor-gallery-item__image\" data-thumbnail=\"https:\/\/decoluxeinteriordesign.com\/wp-content\/uploads\/2023\/11\/VIVIENDA-EN-GRECIA-ECO-CEMENT.jpg\" data-width=\"2048\" data-height=\"1220\" aria-label=\"\" role=\"img\" ><\/div>\n\t\t\t\t\t\t\t\t\t\t\t<div class=\"elementor-gallery-item__overlay\"><\/div>\n\t\t\t\t\t\t\t\t\t\t\t\t\t\t\t<div class=\"elementor-gallery-item__content\">\n\t\t\t\t\t\t\t\t\t\t\t\t\t\t<div class=\"elementor-gallery-item__title\">\n\t\t\t\t\t\t\t\t\t\t\t\t\t\t\t\t\t\tVIVIENDA EN GRECIA ECO CEMENT\t\t\t\t\t\t\t\t<\/div>\n\t\t\t\t\t\t\t\t\t\t\t\t<\/div>\n\t\t\t\t\t\t\t\t\t<\/a>\n\t\t\t\t\t\t\t<a class=\"e-gallery-item elementor-gallery-item elementor-animated-content\" href=\"https:\/\/decoluxeinteriordesign.com\/wp-content\/uploads\/2023\/11\/TERRAZA-CEMENT-DESIGN.jpg\" data-elementor-open-lightbox=\"yes\" data-elementor-lightbox-slideshow=\"cf00695\" data-elementor-lightbox-title=\"TERRAZA CEMENT DESIGN\" data-e-action-hash=\"#elementor-action%3Aaction%3Dlightbox%26settings%3DeyJpZCI6MTI0MjEsInVybCI6Imh0dHBzOlwvXC9kZWNvbHV4ZWludGVyaW9yZGVzaWduLmNvbVwvd3AtY29udGVudFwvdXBsb2Fkc1wvMjAyM1wvMTFcL1RFUlJBWkEtQ0VNRU5ULURFU0lHTi5qcGciLCJzbGlkZXNob3ciOiJjZjAwNjk1In0%3D\">\n\t\t\t\t\t<div class=\"e-gallery-image elementor-gallery-item__image\" data-thumbnail=\"https:\/\/decoluxeinteriordesign.com\/wp-content\/uploads\/2023\/11\/TERRAZA-CEMENT-DESIGN.jpg\" data-width=\"1200\" data-height=\"1500\" aria-label=\"\" role=\"img\" ><\/div>\n\t\t\t\t\t\t\t\t\t\t\t<div class=\"elementor-gallery-item__overlay\"><\/div>\n\t\t\t\t\t\t\t\t\t\t\t\t\t\t\t<div class=\"elementor-gallery-item__content\">\n\t\t\t\t\t\t\t\t\t\t\t\t\t\t<div class=\"elementor-gallery-item__title\">\n\t\t\t\t\t\t\t\t\t\t\t\t\t\t\t\t\t\tTERRAZA CEMENT DESIGN\t\t\t\t\t\t\t\t<\/div>\n\t\t\t\t\t\t\t\t\t\t\t\t<\/div>\n\t\t\t\t\t\t\t\t\t<\/a>\n\t\t\t\t\t\t\t<a class=\"e-gallery-item elementor-gallery-item elementor-animated-content\" href=\"https:\/\/decoluxeinteriordesign.com\/wp-content\/uploads\/2023\/11\/CEMENT-DESIGN-RESIDENTIAL-GUATEMALA.jpg\" data-elementor-open-lightbox=\"yes\" data-elementor-lightbox-slideshow=\"cf00695\" data-elementor-lightbox-title=\"RESIDENTIAL GUATEMALA\" data-e-action-hash=\"#elementor-action%3Aaction%3Dlightbox%26settings%3DeyJpZCI6MjA1MzgsInVybCI6Imh0dHBzOlwvXC9kZWNvbHV4ZWludGVyaW9yZGVzaWduLmNvbVwvd3AtY29udGVudFwvdXBsb2Fkc1wvMjAyM1wvMTFcL0NFTUVOVC1ERVNJR04tUkVTSURFTlRJQUwtR1VBVEVNQUxBLmpwZyIsInNsaWRlc2hvdyI6ImNmMDA2OTUifQ%3D%3D\">\n\t\t\t\t\t<div class=\"e-gallery-image elementor-gallery-item__image\" data-thumbnail=\"https:\/\/decoluxeinteriordesign.com\/wp-content\/uploads\/2023\/11\/CEMENT-DESIGN-RESIDENTIAL-GUATEMALA.jpg\" data-width=\"1743\" data-height=\"1232\" aria-label=\"\" role=\"img\" ><\/div>\n\t\t\t\t\t\t\t\t\t\t\t<div class=\"elementor-gallery-item__overlay\"><\/div>\n\t\t\t\t\t\t\t\t\t\t\t\t\t\t\t<div class=\"elementor-gallery-item__content\">\n\t\t\t\t\t\t\t\t\t\t\t\t\t\t<div class=\"elementor-gallery-item__title\">\n\t\t\t\t\t\t\t\t\t\t\t\t\t\t\t\t\t\tRESIDENTIAL GUATEMALA\t\t\t\t\t\t\t\t<\/div>\n\t\t\t\t\t\t\t\t\t\t\t\t<\/div>\n\t\t\t\t\t\t\t\t\t<\/a>\n\t\t\t\t\t<\/div>\n\t\t\t<\/div>\n\t\t\t\t<\/div>\n\t\t\t\t<\/div>\n\t\t\t\t<\/div>\n\t\t","protected":false},"excerpt":{"rendered":"<p>chauss\u00e9es\u00e0 l&rsquo;ext\u00e9rieur Dans notre approche de l&rsquo;am\u00e9nagement ext\u00e9rieur, le pavage devient le chemin vers la beaut\u00e9 et la fonctionnalit\u00e9 de l&rsquo;ext\u00e9rieur. Chaque type de rev\u00eatement, des pav\u00e9s rustiques aux \u00e9l\u00e9gantes dalles de pierre, est s\u00e9lectionn\u00e9 avec pr\u00e9cision pour r\u00e9sister aux \u00e9l\u00e9ments tout en ajoutant une touche de style \u00e0 votre espace ext\u00e9rieur. Nous nous effor\u00e7ons [&hellip;]<\/p>\n","protected":false},"author":3,"featured_media":0,"parent":0,"menu_order":0,"comment_status":"closed","ping_status":"closed","template":"elementor_header_footer","meta":{"footnotes":""},"class_list":["post-9133","page","type-page","status-publish","hentry"],"aioseo_notices":[],"_links":{"self":[{"href":"https:\/\/decoluxeinteriordesign.com\/fr\/wp-json\/wp\/v2\/pages\/9133","targetHints":{"allow":["GET"]}}],"collection":[{"href":"https:\/\/decoluxeinteriordesign.com\/fr\/wp-json\/wp\/v2\/pages"}],"about":[{"href":"https:\/\/decoluxeinteriordesign.com\/fr\/wp-json\/wp\/v2\/types\/page"}],"author":[{"embeddable":true,"href":"https:\/\/decoluxeinteriordesign.com\/fr\/wp-json\/wp\/v2\/users\/3"}],"replies":[{"embeddable":true,"href":"https:\/\/decoluxeinteriordesign.com\/fr\/wp-json\/wp\/v2\/comments?post=9133"}],"version-history":[{"count":5,"href":"https:\/\/decoluxeinteriordesign.com\/fr\/wp-json\/wp\/v2\/pages\/9133\/revisions"}],"predecessor-version":[{"id":20547,"href":"https:\/\/decoluxeinteriordesign.com\/fr\/wp-json\/wp\/v2\/pages\/9133\/revisions\/20547"}],"wp:attachment":[{"href":"https:\/\/decoluxeinteriordesign.com\/fr\/wp-json\/wp\/v2\/media?parent=9133"}],"curies":[{"name":"wp","href":"https:\/\/api.w.org\/{rel}","templated":true}]}}