{"id":8341,"date":"2023-10-10T04:56:15","date_gmt":"2023-10-10T04:56:15","guid":{"rendered":"https:\/\/decoluxe.es\/meubles-de-salle-de-bains\/"},"modified":"2024-04-15T12:06:12","modified_gmt":"2024-04-15T12:06:12","slug":"meubles-de-salle-de-bains","status":"publish","type":"page","link":"https:\/\/decoluxeinteriordesign.com\/fr\/meubles-de-salle-de-bains\/","title":{"rendered":"Meubles de salle de bains"},"content":{"rendered":"\t\t<div data-elementor-type=\"wp-page\" data-elementor-id=\"8341\" class=\"elementor elementor-8341 elementor-4247\" data-elementor-post-type=\"page\">\n\t\t\t\t<div class=\"elementor-element elementor-element-92c5a6f e-flex e-con-boxed e-con e-parent\" data-id=\"92c5a6f\" data-element_type=\"container\" data-settings=\"{&quot;background_background&quot;:&quot;classic&quot;}\">\n\t\t\t\t\t<div class=\"e-con-inner\">\n\t\t<div class=\"elementor-element elementor-element-72e3a2fb e-con-full e-flex e-con e-child\" data-id=\"72e3a2fb\" data-element_type=\"container\">\n\t\t\t\t<div class=\"elementor-element elementor-element-22f4870c elementor-widget elementor-widget-image\" data-id=\"22f4870c\" data-element_type=\"widget\" data-widget_type=\"image.default\">\n\t\t\t\t<div class=\"elementor-widget-container\">\n\t\t\t\t\t\t\t\t\t\t\t\t\t<img fetchpriority=\"high\" decoding=\"async\" width=\"1066\" height=\"1333\" src=\"https:\/\/decoluxeinteriordesign.com\/wp-content\/uploads\/2023\/10\/377566455_624485056530655_4237236543333051607_n.jpg\" class=\"attachment-full size-full wp-image-2341\" alt=\"\" srcset=\"https:\/\/decoluxeinteriordesign.com\/wp-content\/uploads\/2023\/10\/377566455_624485056530655_4237236543333051607_n.jpg 1066w, https:\/\/decoluxeinteriordesign.com\/wp-content\/uploads\/2023\/10\/377566455_624485056530655_4237236543333051607_n-240x300.jpg 240w, https:\/\/decoluxeinteriordesign.com\/wp-content\/uploads\/2023\/10\/377566455_624485056530655_4237236543333051607_n-819x1024.jpg 819w, https:\/\/decoluxeinteriordesign.com\/wp-content\/uploads\/2023\/10\/377566455_624485056530655_4237236543333051607_n-768x960.jpg 768w\" sizes=\"(max-width: 1066px) 100vw, 1066px\" \/>\t\t\t\t\t\t\t\t\t\t\t\t\t<\/div>\n\t\t\t\t<\/div>\n\t\t\t\t<\/div>\n\t\t<div class=\"elementor-element elementor-element-1864fc08 e-con-full animated-slow e-flex elementor-invisible e-con e-child\" data-id=\"1864fc08\" data-element_type=\"container\" data-settings=\"{&quot;background_background&quot;:&quot;classic&quot;,&quot;animation&quot;:&quot;fadeInDown&quot;,&quot;animation_delay&quot;:200}\">\n\t\t<div class=\"elementor-element elementor-element-2d334945 e-flex e-con-boxed e-con e-child\" data-id=\"2d334945\" data-element_type=\"container\">\n\t\t\t\t\t<div class=\"e-con-inner\">\n\t\t\t\t<div class=\"elementor-element elementor-element-14c07656 elementor-widget__width-auto elementor-hidden-tablet elementor-hidden-mobile elementor-widget elementor-widget-image\" data-id=\"14c07656\" data-element_type=\"widget\" data-widget_type=\"image.default\">\n\t\t\t\t<div class=\"elementor-widget-container\">\n\t\t\t\t\t\t\t\t\t\t\t\t\t<img decoding=\"async\" width=\"60\" height=\"60\" src=\"https:\/\/decoluxeinteriordesign.com\/wp-content\/uploads\/2023\/09\/punto.png\" class=\"attachment-large size-large wp-image-184\" alt=\"\" \/>\t\t\t\t\t\t\t\t\t\t\t\t\t<\/div>\n\t\t\t\t<\/div>\n\t\t\t\t<div class=\"elementor-element elementor-element-33c1d92a elementor-widget__width-auto elementor-widget elementor-widget-heading\" data-id=\"33c1d92a\" data-element_type=\"widget\" data-widget_type=\"heading.default\">\n\t\t\t\t<div class=\"elementor-widget-container\">\n\t\t\t<h1 class=\"elementor-heading-title elementor-size-default\">mobilier de<br><span style=\"font-weight:300\">salle de bain<\/span><\/h1>\t\t<\/div>\n\t\t\t\t<\/div>\n\t\t\t\t\t<\/div>\n\t\t\t\t<\/div>\n\t\t\t\t<div class=\"elementor-element elementor-element-1179fdb5 elementor-widget elementor-widget-text-editor\" data-id=\"1179fdb5\" data-element_type=\"widget\" data-widget_type=\"text-editor.default\">\n\t\t\t\t<div class=\"elementor-widget-container\">\n\t\t\t\t\t\t\t<p>Dans les moindres d\u00e9tails, nous offrons l&rsquo;innovation et le style qui transforment votre salle de bains en une oasis de fonctionnalit\u00e9 et d&rsquo;\u00e9l\u00e9gance. Notre \u00e9quipe d&rsquo;experts comprend l&rsquo;importance d&rsquo;une salle de bains bien con\u00e7ue et s&rsquo;engage \u00e0 cr\u00e9er des solutions personnalis\u00e9es qui r\u00e9pondent parfaitement \u00e0 vos besoins.<\/p>\n<p>Du choix m\u00e9ticuleux des mat\u00e9riaux \u00e0 l&rsquo;installation pr\u00e9cise, chaque \u00e9tape est trait\u00e9e avec soin et attention aux d\u00e9tails. Nous proposons une grande vari\u00e9t\u00e9 de styles et de finitions, des plus classiques et intemporels aux plus modernes et avant-gardistes. Que vous souhaitiez optimiser l&rsquo;espace d&rsquo;une petite salle de bains ou cr\u00e9er une oasis de luxe dans votre salle de bains principale, nous sommes l\u00e0 pour faire de votre vision une r\u00e9alit\u00e9.<\/p>\n<p>Comptez sur notre exp\u00e9rience pour transformer votre salle de bains en un espace o\u00f9 fonctionnalit\u00e9 et style se conjuguent en parfaite harmonie. Nous concevons et assemblons des meubles de salle de bains qui refl\u00e8tent votre personnalit\u00e9 et vos besoins, en apportant qualit\u00e9 et beaut\u00e9 \u00e0 chaque coin de votre maison. Votre salle de bains m\u00e9rite ce qu&rsquo;il y a de mieux, et nous sommes l\u00e0 pour y parvenir.<\/p>\n\t\t\t\t\t\t<\/div>\n\t\t\t\t<\/div>\n\t\t\t\t<div class=\"elementor-element elementor-element-5f7b95ae elementor-view-default elementor-widget elementor-widget-icon\" data-id=\"5f7b95ae\" data-element_type=\"widget\" data-widget_type=\"icon.default\">\n\t\t\t\t<div class=\"elementor-widget-container\">\n\t\t\t\t\t<div class=\"elementor-icon-wrapper\">\n\t\t\t<div class=\"elementor-icon\">\n\t\t\t<i aria-hidden=\"true\" class=\"fas fa-chevron-down\"><\/i>\t\t\t<\/div>\n\t\t<\/div>\n\t\t\t\t<\/div>\n\t\t\t\t<\/div>\n\t\t\t\t<\/div>\n\t\t\t\t\t<\/div>\n\t\t\t\t<\/div>\n\t\t<div class=\"elementor-element elementor-element-6f2fcb6e e-con-full e-flex e-con e-parent\" data-id=\"6f2fcb6e\" data-element_type=\"container\">\n\t\t\t\t<div class=\"elementor-element elementor-element-4c84710 elementor-widget elementor-widget-gallery\" data-id=\"4c84710\" data-element_type=\"widget\" data-settings=\"{&quot;gap&quot;:{&quot;unit&quot;:&quot;px&quot;,&quot;size&quot;:1,&quot;sizes&quot;:[]},&quot;aspect_ratio&quot;:&quot;1:1&quot;,&quot;overlay_title&quot;:&quot;caption&quot;,&quot;lazyload&quot;:&quot;yes&quot;,&quot;gallery_layout&quot;:&quot;grid&quot;,&quot;columns&quot;:4,&quot;columns_tablet&quot;:2,&quot;columns_mobile&quot;:1,&quot;gap_tablet&quot;:{&quot;unit&quot;:&quot;px&quot;,&quot;size&quot;:10,&quot;sizes&quot;:[]},&quot;gap_mobile&quot;:{&quot;unit&quot;:&quot;px&quot;,&quot;size&quot;:10,&quot;sizes&quot;:[]},&quot;link_to&quot;:&quot;file&quot;,&quot;overlay_background&quot;:&quot;yes&quot;,&quot;content_hover_animation&quot;:&quot;fade-in&quot;}\" data-widget_type=\"gallery.default\">\n\t\t\t\t<div class=\"elementor-widget-container\">\n\t\t\t\t\t<div class=\"elementor-gallery__container\">\n\t\t\t\t\t\t\t<a class=\"e-gallery-item elementor-gallery-item elementor-animated-content\" href=\"https:\/\/decoluxeinteriordesign.com\/wp-content\/uploads\/2023\/10\/BATHROOM-1119-LAVABO-36e8.jpg\" data-elementor-open-lightbox=\"yes\" data-elementor-lightbox-slideshow=\"4c84710\" data-elementor-lightbox-title=\"BATHROOM 1119 - LAVABO 36e8\" data-e-action-hash=\"#elementor-action%3Aaction%3Dlightbox%26settings%3DeyJpZCI6MTE2MTIsInVybCI6Imh0dHBzOlwvXC9kZWNvbHV4ZWludGVyaW9yZGVzaWduLmNvbVwvd3AtY29udGVudFwvdXBsb2Fkc1wvMjAyM1wvMTBcL0JBVEhST09NLTExMTktTEFWQUJPLTM2ZTguanBnIiwic2xpZGVzaG93IjoiNGM4NDcxMCJ9\">\n\t\t\t\t\t<div class=\"e-gallery-image elementor-gallery-item__image\" data-thumbnail=\"https:\/\/decoluxeinteriordesign.com\/wp-content\/uploads\/2023\/10\/BATHROOM-1119-LAVABO-36e8.jpg\" data-width=\"1500\" data-height=\"1071\" aria-label=\"\" role=\"img\" ><\/div>\n\t\t\t\t\t\t\t\t\t\t\t<div class=\"elementor-gallery-item__overlay\"><\/div>\n\t\t\t\t\t\t\t\t\t\t\t\t\t\t\t<div class=\"elementor-gallery-item__content\">\n\t\t\t\t\t\t\t\t\t\t\t\t\t\t<div class=\"elementor-gallery-item__title\">\n\t\t\t\t\t\t\t\t\t\t\t\t\t\t\t\t\t\tBATHROOM 1119 - LAVABO 36e8\t\t\t\t\t\t\t\t<\/div>\n\t\t\t\t\t\t\t\t\t\t\t\t<\/div>\n\t\t\t\t\t\t\t\t\t<\/a>\n\t\t\t\t\t\t\t<a class=\"e-gallery-item elementor-gallery-item elementor-animated-content\" href=\"https:\/\/decoluxeinteriordesign.com\/wp-content\/uploads\/2023\/10\/BATHROOM-1114-LAVABO-DEPHT.jpg\" data-elementor-open-lightbox=\"yes\" data-elementor-lightbox-slideshow=\"4c84710\" data-elementor-lightbox-title=\"BATHROOM 1114 - LAVABO DEPHT\" data-e-action-hash=\"#elementor-action%3Aaction%3Dlightbox%26settings%3DeyJpZCI6MTE1OTYsInVybCI6Imh0dHBzOlwvXC9kZWNvbHV4ZWludGVyaW9yZGVzaWduLmNvbVwvd3AtY29udGVudFwvdXBsb2Fkc1wvMjAyM1wvMTBcL0JBVEhST09NLTExMTQtTEFWQUJPLURFUEhULmpwZyIsInNsaWRlc2hvdyI6IjRjODQ3MTAifQ%3D%3D\">\n\t\t\t\t\t<div class=\"e-gallery-image elementor-gallery-item__image\" data-thumbnail=\"https:\/\/decoluxeinteriordesign.com\/wp-content\/uploads\/2023\/10\/BATHROOM-1114-LAVABO-DEPHT.jpg\" data-width=\"1500\" data-height=\"1125\" aria-label=\"\" role=\"img\" ><\/div>\n\t\t\t\t\t\t\t\t\t\t\t<div class=\"elementor-gallery-item__overlay\"><\/div>\n\t\t\t\t\t\t\t\t\t\t\t\t\t\t\t<div class=\"elementor-gallery-item__content\">\n\t\t\t\t\t\t\t\t\t\t\t\t\t\t<div class=\"elementor-gallery-item__title\">\n\t\t\t\t\t\t\t\t\t\t\t\t\t\t\t\t\t\tBATHROOM 1114 - LAVABO DEPHT\t\t\t\t\t\t\t\t<\/div>\n\t\t\t\t\t\t\t\t\t\t\t\t<\/div>\n\t\t\t\t\t\t\t\t\t<\/a>\n\t\t\t\t\t\t\t<a class=\"e-gallery-item elementor-gallery-item elementor-animated-content\" href=\"https:\/\/decoluxeinteriordesign.com\/wp-content\/uploads\/2023\/10\/BATHROOM-1118-LAVABO-KERA.jpg\" data-elementor-open-lightbox=\"yes\" data-elementor-lightbox-slideshow=\"4c84710\" data-elementor-lightbox-title=\"BATHROOM 1118 - LAVABO KERA\" data-e-action-hash=\"#elementor-action%3Aaction%3Dlightbox%26settings%3DeyJpZCI6MTE2MDQsInVybCI6Imh0dHBzOlwvXC9kZWNvbHV4ZWludGVyaW9yZGVzaWduLmNvbVwvd3AtY29udGVudFwvdXBsb2Fkc1wvMjAyM1wvMTBcL0JBVEhST09NLTExMTgtTEFWQUJPLUtFUkEuanBnIiwic2xpZGVzaG93IjoiNGM4NDcxMCJ9\">\n\t\t\t\t\t<div class=\"e-gallery-image elementor-gallery-item__image\" data-thumbnail=\"https:\/\/decoluxeinteriordesign.com\/wp-content\/uploads\/2023\/10\/BATHROOM-1118-LAVABO-KERA.jpg\" data-width=\"1500\" data-height=\"1071\" aria-label=\"\" role=\"img\" ><\/div>\n\t\t\t\t\t\t\t\t\t\t\t<div class=\"elementor-gallery-item__overlay\"><\/div>\n\t\t\t\t\t\t\t\t\t\t\t\t\t\t\t<div class=\"elementor-gallery-item__content\">\n\t\t\t\t\t\t\t\t\t\t\t\t\t\t<div class=\"elementor-gallery-item__title\">\n\t\t\t\t\t\t\t\t\t\t\t\t\t\t\t\t\t\tBATHROOM 1118 - LAVABO KERA\t\t\t\t\t\t\t\t<\/div>\n\t\t\t\t\t\t\t\t\t\t\t\t<\/div>\n\t\t\t\t\t\t\t\t\t<\/a>\n\t\t\t\t\t\t\t<a class=\"e-gallery-item elementor-gallery-item elementor-animated-content\" href=\"https:\/\/decoluxeinteriordesign.com\/wp-content\/uploads\/2023\/10\/BATHROOM-1121-LAVABO-36e8.jpg\" data-elementor-open-lightbox=\"yes\" data-elementor-lightbox-slideshow=\"4c84710\" data-elementor-lightbox-title=\"BATHROOM 1121 - LAVABO 36e8\" data-e-action-hash=\"#elementor-action%3Aaction%3Dlightbox%26settings%3DeyJpZCI6MTE2MTYsInVybCI6Imh0dHBzOlwvXC9kZWNvbHV4ZWludGVyaW9yZGVzaWduLmNvbVwvd3AtY29udGVudFwvdXBsb2Fkc1wvMjAyM1wvMTBcL0JBVEhST09NLTExMjEtTEFWQUJPLTM2ZTguanBnIiwic2xpZGVzaG93IjoiNGM4NDcxMCJ9\">\n\t\t\t\t\t<div class=\"e-gallery-image elementor-gallery-item__image\" data-thumbnail=\"https:\/\/decoluxeinteriordesign.com\/wp-content\/uploads\/2023\/10\/BATHROOM-1121-LAVABO-36e8.jpg\" data-width=\"1500\" data-height=\"1071\" aria-label=\"\" role=\"img\" ><\/div>\n\t\t\t\t\t\t\t\t\t\t\t<div class=\"elementor-gallery-item__overlay\"><\/div>\n\t\t\t\t\t\t\t\t\t\t\t\t\t\t\t<div class=\"elementor-gallery-item__content\">\n\t\t\t\t\t\t\t\t\t\t\t\t\t\t<div class=\"elementor-gallery-item__title\">\n\t\t\t\t\t\t\t\t\t\t\t\t\t\t\t\t\t\tBATHROOM 1121 - LAVABO 36e8\t\t\t\t\t\t\t\t<\/div>\n\t\t\t\t\t\t\t\t\t\t\t\t<\/div>\n\t\t\t\t\t\t\t\t\t<\/a>\n\t\t\t\t\t\t\t<a class=\"e-gallery-item elementor-gallery-item elementor-animated-content\" href=\"https:\/\/decoluxeinteriordesign.com\/wp-content\/uploads\/2023\/10\/SUPERFICIE-DECORATIVA-STUDIO-NATUR.jpg\" data-elementor-open-lightbox=\"yes\" data-elementor-lightbox-slideshow=\"4c84710\" data-elementor-lightbox-title=\"SUPERFICIE DECORATIVA STUDIO NATUR\" data-e-action-hash=\"#elementor-action%3Aaction%3Dlightbox%26settings%3DeyJpZCI6MTE2NjcsInVybCI6Imh0dHBzOlwvXC9kZWNvbHV4ZWludGVyaW9yZGVzaWduLmNvbVwvd3AtY29udGVudFwvdXBsb2Fkc1wvMjAyM1wvMTBcL1NVUEVSRklDSUUtREVDT1JBVElWQS1TVFVESU8tTkFUVVIuanBnIiwic2xpZGVzaG93IjoiNGM4NDcxMCJ9\">\n\t\t\t\t\t<div class=\"e-gallery-image elementor-gallery-item__image\" data-thumbnail=\"https:\/\/decoluxeinteriordesign.com\/wp-content\/uploads\/2023\/10\/SUPERFICIE-DECORATIVA-STUDIO-NATUR.jpg\" data-width=\"1200\" data-height=\"850\" aria-label=\"\" role=\"img\" ><\/div>\n\t\t\t\t\t\t\t\t\t\t\t<div class=\"elementor-gallery-item__overlay\"><\/div>\n\t\t\t\t\t\t\t\t\t\t\t\t\t\t\t<div class=\"elementor-gallery-item__content\">\n\t\t\t\t\t\t\t\t\t\t\t\t\t\t<div class=\"elementor-gallery-item__title\">\n\t\t\t\t\t\t\t\t\t\t\t\t\t\t\t\t\t\tSUPERFICIE DECORATIVA STUDIO NATUR\t\t\t\t\t\t\t\t<\/div>\n\t\t\t\t\t\t\t\t\t\t\t\t<\/div>\n\t\t\t\t\t\t\t\t\t<\/a>\n\t\t\t\t\t\t\t<a class=\"e-gallery-item elementor-gallery-item elementor-animated-content\" href=\"https:\/\/decoluxeinteriordesign.com\/wp-content\/uploads\/2023\/10\/08R-OLMO-TORONTO.jpg\" data-elementor-open-lightbox=\"yes\" data-elementor-lightbox-slideshow=\"4c84710\" data-elementor-lightbox-title=\"08R OLMO TORONTO\" data-e-action-hash=\"#elementor-action%3Aaction%3Dlightbox%26settings%3DeyJpZCI6MTE2NzEsInVybCI6Imh0dHBzOlwvXC9kZWNvbHV4ZWludGVyaW9yZGVzaWduLmNvbVwvd3AtY29udGVudFwvdXBsb2Fkc1wvMjAyM1wvMTBcLzA4Ui1PTE1PLVRPUk9OVE8uanBnIiwic2xpZGVzaG93IjoiNGM4NDcxMCJ9\">\n\t\t\t\t\t<div class=\"e-gallery-image elementor-gallery-item__image\" data-thumbnail=\"https:\/\/decoluxeinteriordesign.com\/wp-content\/uploads\/2023\/10\/08R-OLMO-TORONTO.jpg\" data-width=\"2048\" data-height=\"1456\" aria-label=\"\" role=\"img\" ><\/div>\n\t\t\t\t\t\t\t\t\t\t\t<div class=\"elementor-gallery-item__overlay\"><\/div>\n\t\t\t\t\t\t\t\t\t\t\t\t\t\t\t<div class=\"elementor-gallery-item__content\">\n\t\t\t\t\t\t\t\t\t\t\t\t\t\t<div class=\"elementor-gallery-item__title\">\n\t\t\t\t\t\t\t\t\t\t\t\t\t\t\t\t\t\t08R OLMO TORONTO\t\t\t\t\t\t\t\t<\/div>\n\t\t\t\t\t\t\t\t\t\t\t\t<\/div>\n\t\t\t\t\t\t\t\t\t<\/a>\n\t\t\t\t\t\t\t<a class=\"e-gallery-item elementor-gallery-item elementor-animated-content\" href=\"https:\/\/decoluxeinteriordesign.com\/wp-content\/uploads\/2023\/10\/SUPERFICIE-DECORATIVA-DUO-1.jpg\" data-elementor-open-lightbox=\"yes\" data-elementor-lightbox-slideshow=\"4c84710\" data-elementor-lightbox-title=\"SUPERFICIE DECORATIVA DUO\" data-e-action-hash=\"#elementor-action%3Aaction%3Dlightbox%26settings%3DeyJpZCI6MTE2NzUsInVybCI6Imh0dHBzOlwvXC9kZWNvbHV4ZWludGVyaW9yZGVzaWduLmNvbVwvd3AtY29udGVudFwvdXBsb2Fkc1wvMjAyM1wvMTBcL1NVUEVSRklDSUUtREVDT1JBVElWQS1EVU8tMS5qcGciLCJzbGlkZXNob3ciOiI0Yzg0NzEwIn0%3D\">\n\t\t\t\t\t<div class=\"e-gallery-image elementor-gallery-item__image\" data-thumbnail=\"https:\/\/decoluxeinteriordesign.com\/wp-content\/uploads\/2023\/10\/SUPERFICIE-DECORATIVA-DUO-1.jpg\" data-width=\"1200\" data-height=\"857\" aria-label=\"\" role=\"img\" ><\/div>\n\t\t\t\t\t\t\t\t\t\t\t<div class=\"elementor-gallery-item__overlay\"><\/div>\n\t\t\t\t\t\t\t\t\t\t\t\t\t\t\t<div class=\"elementor-gallery-item__content\">\n\t\t\t\t\t\t\t\t\t\t\t\t\t\t<div class=\"elementor-gallery-item__title\">\n\t\t\t\t\t\t\t\t\t\t\t\t\t\t\t\t\t\tSUPERFICIE DECORATIVA DUO\t\t\t\t\t\t\t\t<\/div>\n\t\t\t\t\t\t\t\t\t\t\t\t<\/div>\n\t\t\t\t\t\t\t\t\t<\/a>\n\t\t\t\t\t<\/div>\n\t\t\t<\/div>\n\t\t\t\t<\/div>\n\t\t\t\t<\/div>\n\t\t<div class=\"elementor-element elementor-element-7ee002fc e-con-full elementor-hidden-mobile e-flex e-con e-parent\" data-id=\"7ee002fc\" data-element_type=\"container\">\n\t\t<div class=\"elementor-element elementor-element-42d398dc e-con-full e-flex e-con e-child\" data-id=\"42d398dc\" data-element_type=\"container\" data-settings=\"{&quot;background_background&quot;:&quot;classic&quot;}\">\n\t\t\t\t<div class=\"elementor-element elementor-element-2e3f6e39 elementor-widget elementor-widget-spacer\" data-id=\"2e3f6e39\" data-element_type=\"widget\" data-widget_type=\"spacer.default\">\n\t\t\t\t<div class=\"elementor-widget-container\">\n\t\t\t\t\t<div class=\"elementor-spacer\">\n\t\t\t<div class=\"elementor-spacer-inner\"><\/div>\n\t\t<\/div>\n\t\t\t\t<\/div>\n\t\t\t\t<\/div>\n\t\t\t\t<\/div>\n\t\t<div class=\"elementor-element elementor-element-6ae70ff e-con-full e-flex e-con e-child\" data-id=\"6ae70ff\" data-element_type=\"container\" data-settings=\"{&quot;background_background&quot;:&quot;classic&quot;,&quot;sticky&quot;:&quot;bottom&quot;,&quot;sticky_on&quot;:[&quot;desktop&quot;,&quot;tablet&quot;,&quot;mobile&quot;],&quot;sticky_offset&quot;:0,&quot;sticky_effects_offset&quot;:0,&quot;sticky_anchor_link_offset&quot;:0}\">\n\t\t\t\t<div class=\"elementor-element elementor-element-496fccb9 elementor-widget__width-initial elementor-widget elementor-widget-text-editor\" data-id=\"496fccb9\" data-element_type=\"widget\" data-widget_type=\"text-editor.default\">\n\t\t\t\t<div class=\"elementor-widget-container\">\n\t\t\t\t\t\t\t<p>Vous pouvez \u00e9galement \u00eatre int\u00e9ress\u00e9 par :<\/p>\n\t\t\t\t\t\t<\/div>\n\t\t\t\t<\/div>\n\t\t\t\t<\/div>\n\t\t<div class=\"elementor-element elementor-element-2af99d0b e-flex e-con-boxed e-con e-child\" data-id=\"2af99d0b\" data-element_type=\"container\" data-settings=\"{&quot;background_background&quot;:&quot;classic&quot;,&quot;sticky&quot;:&quot;bottom&quot;,&quot;sticky_on&quot;:[&quot;desktop&quot;,&quot;tablet&quot;,&quot;mobile&quot;],&quot;sticky_offset&quot;:0,&quot;sticky_effects_offset&quot;:0,&quot;sticky_anchor_link_offset&quot;:0}\">\n\t\t\t\t\t<div class=\"e-con-inner\">\n\t\t<div class=\"elementor-element elementor-element-7cf9fe11 e-con-full e-flex e-con e-child\" data-id=\"7cf9fe11\" data-element_type=\"container\">\n\t\t\t\t<div class=\"elementor-element elementor-element-6978968a elementor-widget elementor-widget-text-editor\" data-id=\"6978968a\" data-element_type=\"widget\" data-widget_type=\"text-editor.default\">\n\t\t\t\t<div class=\"elementor-widget-container\">\n\t\t\t\t\t\t\t<p style=\"text-align: center;\"><a href=\"https:\/\/decoluxe.es\/fr\/toilettes-3\/\"><span style=\"color: #999999;\">Toilettes<\/span><\/a><\/p>\n\t\t\t\t\t\t<\/div>\n\t\t\t\t<\/div>\n\t\t\t\t<\/div>\n\t\t<div class=\"elementor-element elementor-element-c56760 e-con-full e-flex e-con e-child\" data-id=\"c56760\" data-element_type=\"container\">\n\t\t\t\t<div class=\"elementor-element elementor-element-4abf43c elementor-widget elementor-widget-text-editor\" data-id=\"4abf43c\" data-element_type=\"widget\" data-widget_type=\"text-editor.default\">\n\t\t\t\t<div class=\"elementor-widget-container\">\n\t\t\t\t\t\t\t<p style=\"text-align: center;\"><a href=\"https:\/\/decoluxe.es\/fr\/toilettes-4\/\"><span style=\"color: #808080;\">Toilettes<\/span><\/a><\/p>\n\t\t\t\t\t\t<\/div>\n\t\t\t\t<\/div>\n\t\t\t\t<\/div>\n\t\t<div class=\"elementor-element elementor-element-537bfc13 e-con-full e-flex e-con e-child\" data-id=\"537bfc13\" data-element_type=\"container\">\n\t\t\t\t<div class=\"elementor-element elementor-element-b432d26 elementor-widget elementor-widget-text-editor\" data-id=\"b432d26\" data-element_type=\"widget\" data-widget_type=\"text-editor.default\">\n\t\t\t\t<div class=\"elementor-widget-container\">\n\t\t\t\t\t\t\t<p style=\"text-align: center;\"><a href=\"https:\/\/decoluxe.es\/fr\/douches-et-bains\/\"><span style=\"color: #808080;\">Douches<\/span><\/a><\/p>\n\t\t\t\t\t\t<\/div>\n\t\t\t\t<\/div>\n\t\t\t\t<\/div>\n\t\t<div class=\"elementor-element elementor-element-73c539bd e-con-full e-flex e-con e-child\" data-id=\"73c539bd\" data-element_type=\"container\">\n\t\t\t\t<div class=\"elementor-element elementor-element-6beb30ab elementor-widget elementor-widget-text-editor\" data-id=\"6beb30ab\" data-element_type=\"widget\" data-widget_type=\"text-editor.default\">\n\t\t\t\t<div class=\"elementor-widget-container\">\n\t\t\t\t\t\t\t<p style=\"text-align: center;\"><a href=\"https:\/\/decoluxe.es\/fr\/baignoires\/\"><span style=\"color: #808080;\">Baignoires<\/span><\/a><\/p>\n\t\t\t\t\t\t<\/div>\n\t\t\t\t<\/div>\n\t\t\t\t<\/div>\n\t\t<div class=\"elementor-element elementor-element-19aeca0d e-con-full e-flex e-con e-child\" data-id=\"19aeca0d\" data-element_type=\"container\">\n\t\t\t\t<div class=\"elementor-element elementor-element-6edb1506 elementor-widget elementor-widget-text-editor\" data-id=\"6edb1506\" data-element_type=\"widget\" data-widget_type=\"text-editor.default\">\n\t\t\t\t<div class=\"elementor-widget-container\">\n\t\t\t\t\t\t\t<p style=\"text-align: center;\"><a href=\"https:\/\/decoluxe.es\/fr\/accessoires-de-salle-de-bains\/\"><span style=\"color: #808080;\">Accessoires de salle de bains<\/span><\/a><\/p>\n\t\t\t\t\t\t<\/div>\n\t\t\t\t<\/div>\n\t\t\t\t<\/div>\n\t\t\t\t\t<\/div>\n\t\t\t\t<\/div>\n\t\t<div class=\"elementor-element elementor-element-6522659e e-flex e-con-boxed e-con e-child\" data-id=\"6522659e\" data-element_type=\"container\" data-settings=\"{&quot;background_background&quot;:&quot;classic&quot;}\">\n\t\t\t\t\t<div class=\"e-con-inner\">\n\t\t\t\t<div class=\"elementor-element elementor-element-3707b55b elementor-widget elementor-widget-spacer\" data-id=\"3707b55b\" data-element_type=\"widget\" data-widget_type=\"spacer.default\">\n\t\t\t\t<div class=\"elementor-widget-container\">\n\t\t\t\t\t<div class=\"elementor-spacer\">\n\t\t\t<div class=\"elementor-spacer-inner\"><\/div>\n\t\t<\/div>\n\t\t\t\t<\/div>\n\t\t\t\t<\/div>\n\t\t\t\t\t<\/div>\n\t\t\t\t<\/div>\n\t\t\t\t<\/div>\n\t\t\t\t<\/div>\n\t\t","protected":false},"excerpt":{"rendered":"<p>mobilier desalle de bain Dans les moindres d\u00e9tails, nous offrons l&rsquo;innovation et le style qui transforment votre salle de bains en une oasis de fonctionnalit\u00e9 et d&rsquo;\u00e9l\u00e9gance. Notre \u00e9quipe d&rsquo;experts comprend l&rsquo;importance d&rsquo;une salle de bains bien con\u00e7ue et s&rsquo;engage \u00e0 cr\u00e9er des solutions personnalis\u00e9es qui r\u00e9pondent parfaitement \u00e0 vos besoins. Du choix m\u00e9ticuleux des [&hellip;]<\/p>\n","protected":false},"author":3,"featured_media":0,"parent":0,"menu_order":0,"comment_status":"closed","ping_status":"closed","template":"elementor_header_footer","meta":{"footnotes":""},"class_list":["post-8341","page","type-page","status-publish","hentry"],"aioseo_notices":[],"_links":{"self":[{"href":"https:\/\/decoluxeinteriordesign.com\/fr\/wp-json\/wp\/v2\/pages\/8341","targetHints":{"allow":["GET"]}}],"collection":[{"href":"https:\/\/decoluxeinteriordesign.com\/fr\/wp-json\/wp\/v2\/pages"}],"about":[{"href":"https:\/\/decoluxeinteriordesign.com\/fr\/wp-json\/wp\/v2\/types\/page"}],"author":[{"embeddable":true,"href":"https:\/\/decoluxeinteriordesign.com\/fr\/wp-json\/wp\/v2\/users\/3"}],"replies":[{"embeddable":true,"href":"https:\/\/decoluxeinteriordesign.com\/fr\/wp-json\/wp\/v2\/comments?post=8341"}],"version-history":[{"count":8,"href":"https:\/\/decoluxeinteriordesign.com\/fr\/wp-json\/wp\/v2\/pages\/8341\/revisions"}],"predecessor-version":[{"id":27424,"href":"https:\/\/decoluxeinteriordesign.com\/fr\/wp-json\/wp\/v2\/pages\/8341\/revisions\/27424"}],"wp:attachment":[{"href":"https:\/\/decoluxeinteriordesign.com\/fr\/wp-json\/wp\/v2\/media?parent=8341"}],"curies":[{"name":"wp","href":"https:\/\/api.w.org\/{rel}","templated":true}]}}