{"id":7933,"date":"2023-09-25T09:29:57","date_gmt":"2023-09-25T09:29:57","guid":{"rendered":"https:\/\/decoluxe.es\/chaussees\/"},"modified":"2024-04-15T12:06:14","modified_gmt":"2024-04-15T12:06:14","slug":"chaussees","status":"publish","type":"page","link":"https:\/\/decoluxeinteriordesign.com\/fr\/chaussees\/","title":{"rendered":"Chauss\u00e9es"},"content":{"rendered":"\t\t<div data-elementor-type=\"wp-page\" data-elementor-id=\"7933\" class=\"elementor elementor-7933 elementor-895\" data-elementor-post-type=\"page\">\n\t\t\t\t<div class=\"elementor-element elementor-element-15cdb11e e-con-full e-flex e-con e-parent\" data-id=\"15cdb11e\" data-element_type=\"container\" data-settings=\"{&quot;background_background&quot;:&quot;classic&quot;}\">\n\t\t<div class=\"elementor-element elementor-element-69eb1ed e-flex e-con-boxed e-con e-child\" data-id=\"69eb1ed\" data-element_type=\"container\">\n\t\t\t\t\t<div class=\"e-con-inner\">\n\t\t\t\t<div class=\"elementor-element elementor-element-44bfbcd1 elementor-absolute elementor-widget elementor-widget-image\" data-id=\"44bfbcd1\" data-element_type=\"widget\" data-settings=\"{&quot;_position&quot;:&quot;absolute&quot;}\" data-widget_type=\"image.default\">\n\t\t\t\t<div class=\"elementor-widget-container\">\n\t\t\t\t\t\t\t\t\t\t\t\t\t<img decoding=\"async\" width=\"60\" height=\"60\" src=\"https:\/\/decoluxeinteriordesign.com\/wp-content\/uploads\/2023\/09\/punto.png\" class=\"attachment-large size-large wp-image-184\" alt=\"\" \/>\t\t\t\t\t\t\t\t\t\t\t\t\t<\/div>\n\t\t\t\t<\/div>\n\t\t\t\t<div class=\"elementor-element elementor-element-37ff0e9e elementor-widget elementor-widget-heading\" data-id=\"37ff0e9e\" data-element_type=\"widget\" data-widget_type=\"heading.default\">\n\t\t\t\t<div class=\"elementor-widget-container\">\n\t\t\t<h1 class=\"elementor-heading-title elementor-size-default\">chauss\u00e9es<br><span style=\"font-weight:300\">sur mesure<\/span><\/h1>\t\t<\/div>\n\t\t\t\t<\/div>\n\t\t\t\t\t<\/div>\n\t\t\t\t<\/div>\n\t\t\t\t<\/div>\n\t\t<div class=\"elementor-element elementor-element-5200b767 animated-slow e-flex e-con-boxed elementor-invisible e-con e-parent\" data-id=\"5200b767\" data-element_type=\"container\" data-settings=\"{&quot;animation&quot;:&quot;fadeInDown&quot;}\">\n\t\t\t\t\t<div class=\"e-con-inner\">\n\t\t<div class=\"elementor-element elementor-element-390e0a0e e-con-full e-flex e-con e-child\" data-id=\"390e0a0e\" data-element_type=\"container\">\n\t\t\t\t<\/div>\n\t\t<div class=\"elementor-element elementor-element-1341f2a3 e-con-full e-flex e-con e-child\" data-id=\"1341f2a3\" data-element_type=\"container\" data-settings=\"{&quot;background_background&quot;:&quot;classic&quot;}\">\n\t\t\t\t<div class=\"elementor-element elementor-element-5e67a4dc elementor-view-default elementor-widget elementor-widget-icon\" data-id=\"5e67a4dc\" data-element_type=\"widget\" data-widget_type=\"icon.default\">\n\t\t\t\t<div class=\"elementor-widget-container\">\n\t\t\t\t\t<div class=\"elementor-icon-wrapper\">\n\t\t\t<div class=\"elementor-icon\">\n\t\t\t<i aria-hidden=\"true\" class=\"fas fa-chevron-down\"><\/i>\t\t\t<\/div>\n\t\t<\/div>\n\t\t\t\t<\/div>\n\t\t\t\t<\/div>\n\t\t\t\t<div class=\"elementor-element elementor-element-4f8fcedb elementor-widget elementor-widget-text-editor\" data-id=\"4f8fcedb\" data-element_type=\"widget\" data-widget_type=\"text-editor.default\">\n\t\t\t\t<div class=\"elementor-widget-container\">\n\t\t\t\t\t\t\t<p>Les chauss\u00e9es sont plus que de simples surfaces, ce <strong>sont des chemins qui nous conduisent \u00e0 travers le temps et l&rsquo;espace<\/strong>. Dans sa fermet\u00e9, nous trouvons la stabilit\u00e9, et dans sa beaut\u00e9, l&rsquo;inspiration. Ils sont la base sur laquelle nous construisons nos souvenirs. Ils sont les fondements de notre vie quotidienne et les <strong>reflets de notre esth\u00e9tique et de notre style<\/strong>.<\/p>\n<div class=\"flex-1 overflow-hidden\">\n<div class=\"react-scroll-to-bottom--css-unwav-79elbk h-full dark:bg-gray-800\">\n<div class=\"react-scroll-to-bottom--css-unwav-1n7m0yu\">\n<div class=\"flex flex-col text-sm dark:bg-gray-800\">\n<div class=\"group w-full text-token-text-primary border-b border-black\/10 gizmo:border-0 dark:border-gray-900\/50 gizmo:dark:border-0 bg-gray-50 gizmo:bg-transparent dark:bg-[#444654] gizmo:dark:bg-transparent\" data-testid=\"conversation-turn-107\">\n<div class=\"p-4 justify-center text-base md:gap-6 md:py-6 m-auto\">\n<div class=\"flex flex-1 gap-4 text-base mx-auto md:gap-6 gizmo:gap-3 gizmo:md:px-5 gizmo:lg:px-1 gizmo:xl:px-5 md:max-w-2xl lg:max-w-[38rem] gizmo:md:max-w-3xl gizmo:lg:max-w-[40rem] gizmo:xl:max-w-[48rem] xl:max-w-3xl }\">\n<div class=\"relative flex w-[calc(100%-50px)] flex-col gap-1 gizmo:w-full md:gap-3 lg:w-[calc(100%-115px)] agent-turn\">\n<div class=\"flex flex-grow flex-col gap-3 max-w-full\">\n<div class=\"min-h-[20px] flex flex-col items-start gap-3 whitespace-pre-wrap break-words overflow-x-auto\">\n<div class=\"markdown prose w-full break-words dark:prose-invert light\">\n<p>Chaque pas que nous y faisons est un hommage \u00e0 l&rsquo;histoire que nous partageons et aux r\u00eaves que nous construisons, transformant chaque espace en un lieu o\u00f9 la r\u00e9alit\u00e9 rencontre l&rsquo;\u00e9ternit\u00e9.<\/p>\n<\/div>\n<\/div>\n<\/div>\n<\/div>\n<\/div>\n<\/div>\n<\/div>\n<\/div>\n<\/div>\n<\/div>\n<\/div>\n\t\t\t\t\t\t<\/div>\n\t\t\t\t<\/div>\n\t\t\t\t<\/div>\n\t\t<div class=\"elementor-element elementor-element-19ea9b86 e-con-full e-flex e-con e-child\" data-id=\"19ea9b86\" data-element_type=\"container\">\n\t\t\t\t<\/div>\n\t\t\t\t\t<\/div>\n\t\t\t\t<\/div>\n\t\t<div class=\"elementor-element elementor-element-8a5a2e4 e-flex e-con-boxed e-con e-parent\" data-id=\"8a5a2e4\" data-element_type=\"container\">\n\t\t\t\t\t<div class=\"e-con-inner\">\n\t\t<div class=\"elementor-element elementor-element-7692e22 e-con-full elementor-hidden-mobile animated-slow e-transform e-flex elementor-invisible e-con e-child\" data-id=\"7692e22\" data-element_type=\"container\" data-settings=\"{&quot;background_background&quot;:&quot;classic&quot;,&quot;animation&quot;:&quot;fadeInLeft&quot;,&quot;_transform_scale_effect_hover&quot;:{&quot;unit&quot;:&quot;px&quot;,&quot;size&quot;:1.03,&quot;sizes&quot;:[]},&quot;_transform_scale_effect_hover_tablet&quot;:{&quot;unit&quot;:&quot;px&quot;,&quot;size&quot;:&quot;&quot;,&quot;sizes&quot;:[]},&quot;_transform_scale_effect_hover_mobile&quot;:{&quot;unit&quot;:&quot;px&quot;,&quot;size&quot;:&quot;&quot;,&quot;sizes&quot;:[]}}\">\n\t\t\t\t<\/div>\n\t\t<div class=\"elementor-element elementor-element-7c5bce72 e-con-full animated-slow e-flex elementor-invisible e-con e-child\" data-id=\"7c5bce72\" data-element_type=\"container\" data-settings=\"{&quot;animation&quot;:&quot;fadeInRight&quot;}\">\n\t\t\t\t<div class=\"elementor-element elementor-element-b2f38d2 elementor-widget elementor-widget-heading\" data-id=\"b2f38d2\" data-element_type=\"widget\" data-widget_type=\"heading.default\">\n\t\t\t\t<div class=\"elementor-widget-container\">\n\t\t\t<h2 class=\"elementor-heading-title elementor-size-default\"><a href=\"https:\/\/decoluxe.es\/fr\/revetement-de-sol-interieur\/\"><img decoding=\"async\" src=\"https:\/\/decoluxe.es\/wp-content\/uploads\/2023\/09\/punto.png\" alt=\"Point\" style=\"height: 1.2rem;margin-right: 1px\">  rev\u00eatement de sol<span style=\"font-weight:300\"> int\u00e9rieur<\/span><\/a><\/h2>\t\t<\/div>\n\t\t\t\t<\/div>\n\t\t\t\t<div class=\"elementor-element elementor-element-7e62ab71 elementor-widget elementor-widget-text-editor\" data-id=\"7e62ab71\" data-element_type=\"widget\" data-widget_type=\"text-editor.default\">\n\t\t\t\t<div class=\"elementor-widget-container\">\n\t\t\t\t\t\t\t<p><span>Les sols \u00e0 l&rsquo;int\u00e9rieur d&rsquo;une maison sont comme des toiles vierges qui attendent d&rsquo;\u00eatre peintes avec les couleurs de notre vie.  <\/span><span>Ils constituent la base solide sur laquelle se construisent nos souvenirs les plus pr\u00e9cieux, des premiers pas d&rsquo;un b\u00e9b\u00e9 aux moments de joie partag\u00e9s en famille.<\/span><\/p>\n\t\t\t\t\t\t<\/div>\n\t\t\t\t<\/div>\n\t\t\t\t<div class=\"elementor-element elementor-element-ea59523 elementor-align-right elementor-widget elementor-widget-button\" data-id=\"ea59523\" data-element_type=\"widget\" data-widget_type=\"button.default\">\n\t\t\t\t<div class=\"elementor-widget-container\">\n\t\t\t\t\t\t\t<div class=\"elementor-button-wrapper\">\n\t\t\t\t\t<a class=\"elementor-button elementor-button-link elementor-size-xs\" href=\"https:\/\/decoluxe.es\/fr\/revetement-de-sol-interieur\/\">\n\t\t\t\t\t\t<span class=\"elementor-button-content-wrapper\">\n\t\t\t\t\t\t\t\t\t<span class=\"elementor-button-text\">VOIR PLUS<\/span>\n\t\t\t\t\t<\/span>\n\t\t\t\t\t<\/a>\n\t\t\t\t<\/div>\n\t\t\t\t\t\t<\/div>\n\t\t\t\t<\/div>\n\t\t\t\t<\/div>\n\t\t\t\t\t<\/div>\n\t\t\t\t<\/div>\n\t\t<div class=\"elementor-element elementor-element-6beb0970 e-flex e-con-boxed e-con e-parent\" data-id=\"6beb0970\" data-element_type=\"container\" data-settings=\"{&quot;background_background&quot;:&quot;classic&quot;}\">\n\t\t\t\t\t<div class=\"e-con-inner\">\n\t\t<div class=\"elementor-element elementor-element-480c351 e-con-full animated-slow e-flex elementor-invisible e-con e-child\" data-id=\"480c351\" data-element_type=\"container\" data-settings=\"{&quot;animation&quot;:&quot;fadeInLeft&quot;}\">\n\t\t\t\t<div class=\"elementor-element elementor-element-40d6861f elementor-widget elementor-widget-heading\" data-id=\"40d6861f\" data-element_type=\"widget\" data-widget_type=\"heading.default\">\n\t\t\t\t<div class=\"elementor-widget-container\">\n\t\t\t<h2 class=\"elementor-heading-title elementor-size-default\"><a href=\"https:\/\/decoluxe.es\/fr\/pavage-exterieur\/\"><img decoding=\"async\" src=\"https:\/\/decoluxe.es\/wp-content\/uploads\/2023\/09\/punto.png\" alt=\"Point\" style=\"height: 1.2rem;margin-right: 1px\">  chauss\u00e9es<span style=\"font-weight:300\"> ext\u00e9rieures<\/span><\/a><\/h2>\t\t<\/div>\n\t\t\t\t<\/div>\n\t\t\t\t<div class=\"elementor-element elementor-element-40122801 elementor-widget elementor-widget-text-editor\" data-id=\"40122801\" data-element_type=\"widget\" data-widget_type=\"text-editor.default\">\n\t\t\t\t<div class=\"elementor-widget-container\">\n\t\t\t\t\t\t\t<p><span>Le pavage ext\u00e9rieur est comme le lien qui relie notre maison \u00e0 la nature qui l&rsquo;entoure.  <\/span><span>Chaque pierre, chaque perte, est un t\u00e9moignage de l&rsquo;art humain qui s&rsquo;int\u00e8gre harmonieusement au monde naturel.  <\/span><span>Ce sont des chemins qui nous invitent \u00e0 explorer notre propre jardin, \u00e0 sentir la caresse de la brise sur notre visage pendant que nous marchons.  <\/span><span>Les trottoirs ext\u00e9rieurs sont les t\u00e9moins des rires partag\u00e9s les soirs d&rsquo;\u00e9t\u00e9, le lieu o\u00f9 les enfants dessinent \u00e0 la craie et o\u00f9 les chaises trouvent leur place pour contempler le ciel \u00e9toil\u00e9.<\/span><\/p>\n\t\t\t\t\t\t<\/div>\n\t\t\t\t<\/div>\n\t\t\t\t<div class=\"elementor-element elementor-element-b48a05a elementor-align-left elementor-widget elementor-widget-button\" data-id=\"b48a05a\" data-element_type=\"widget\" data-widget_type=\"button.default\">\n\t\t\t\t<div class=\"elementor-widget-container\">\n\t\t\t\t\t\t\t<div class=\"elementor-button-wrapper\">\n\t\t\t\t\t<a class=\"elementor-button elementor-button-link elementor-size-xs\" href=\"https:\/\/decoluxe.es\/fr\/pavage-exterieur\/\">\n\t\t\t\t\t\t<span class=\"elementor-button-content-wrapper\">\n\t\t\t\t\t\t\t\t\t<span class=\"elementor-button-text\">VOIR PLUS<\/span>\n\t\t\t\t\t<\/span>\n\t\t\t\t\t<\/a>\n\t\t\t\t<\/div>\n\t\t\t\t\t\t<\/div>\n\t\t\t\t<\/div>\n\t\t\t\t<\/div>\n\t\t<div class=\"elementor-element elementor-element-242669d4 e-con-full elementor-hidden-mobile animated-slow e-transform e-flex elementor-invisible e-con e-child\" data-id=\"242669d4\" data-element_type=\"container\" data-settings=\"{&quot;background_background&quot;:&quot;classic&quot;,&quot;animation&quot;:&quot;fadeInRight&quot;,&quot;_transform_scale_effect_hover&quot;:{&quot;unit&quot;:&quot;px&quot;,&quot;size&quot;:1.03,&quot;sizes&quot;:[]},&quot;_transform_scale_effect_hover_tablet&quot;:{&quot;unit&quot;:&quot;px&quot;,&quot;size&quot;:&quot;&quot;,&quot;sizes&quot;:[]},&quot;_transform_scale_effect_hover_mobile&quot;:{&quot;unit&quot;:&quot;px&quot;,&quot;size&quot;:&quot;&quot;,&quot;sizes&quot;:[]}}\">\n\t\t\t\t<\/div>\n\t\t\t\t\t<\/div>\n\t\t\t\t<\/div>\n\t\t<div class=\"elementor-element elementor-element-433f9261 e-con-full e-flex e-con e-parent\" data-id=\"433f9261\" data-element_type=\"container\">\n\t\t\t\t<div class=\"elementor-element elementor-element-5aef52e elementor-widget elementor-widget-gallery\" data-id=\"5aef52e\" data-element_type=\"widget\" data-settings=\"{&quot;gallery_layout&quot;:&quot;justified&quot;,&quot;ideal_row_height&quot;:{&quot;unit&quot;:&quot;px&quot;,&quot;size&quot;:281,&quot;sizes&quot;:[]},&quot;gap&quot;:{&quot;unit&quot;:&quot;px&quot;,&quot;size&quot;:0,&quot;sizes&quot;:[]},&quot;lazyload&quot;:&quot;yes&quot;,&quot;ideal_row_height_tablet&quot;:{&quot;unit&quot;:&quot;px&quot;,&quot;size&quot;:150,&quot;sizes&quot;:[]},&quot;ideal_row_height_mobile&quot;:{&quot;unit&quot;:&quot;px&quot;,&quot;size&quot;:150,&quot;sizes&quot;:[]},&quot;gap_tablet&quot;:{&quot;unit&quot;:&quot;px&quot;,&quot;size&quot;:10,&quot;sizes&quot;:[]},&quot;gap_mobile&quot;:{&quot;unit&quot;:&quot;px&quot;,&quot;size&quot;:10,&quot;sizes&quot;:[]},&quot;link_to&quot;:&quot;file&quot;,&quot;content_hover_animation&quot;:&quot;fade-in&quot;}\" data-widget_type=\"gallery.default\">\n\t\t\t\t<div class=\"elementor-widget-container\">\n\t\t\t\t\t<div class=\"elementor-gallery__container\">\n\t\t\t\t\t<\/div>\n\t\t\t<\/div>\n\t\t\t\t<\/div>\n\t\t\t\t<\/div>\n\t\t<div class=\"elementor-element elementor-element-787f508f e-con-full elementor-hidden-mobile e-flex e-con e-parent\" data-id=\"787f508f\" data-element_type=\"container\">\n\t\t<div class=\"elementor-element elementor-element-5660027e e-con-full e-flex e-con e-child\" data-id=\"5660027e\" data-element_type=\"container\" data-settings=\"{&quot;background_background&quot;:&quot;classic&quot;}\">\n\t\t\t\t<div class=\"elementor-element elementor-element-1ef2593a elementor-widget elementor-widget-spacer\" data-id=\"1ef2593a\" data-element_type=\"widget\" data-widget_type=\"spacer.default\">\n\t\t\t\t<div class=\"elementor-widget-container\">\n\t\t\t\t\t<div class=\"elementor-spacer\">\n\t\t\t<div class=\"elementor-spacer-inner\"><\/div>\n\t\t<\/div>\n\t\t\t\t<\/div>\n\t\t\t\t<\/div>\n\t\t\t\t<\/div>\n\t\t<div class=\"elementor-element elementor-element-10a75b11 e-con-full e-flex e-con e-child\" data-id=\"10a75b11\" data-element_type=\"container\" data-settings=\"{&quot;background_background&quot;:&quot;classic&quot;,&quot;sticky&quot;:&quot;bottom&quot;,&quot;sticky_on&quot;:[&quot;desktop&quot;,&quot;tablet&quot;,&quot;mobile&quot;],&quot;sticky_offset&quot;:0,&quot;sticky_effects_offset&quot;:0,&quot;sticky_anchor_link_offset&quot;:0}\">\n\t\t\t\t<div class=\"elementor-element elementor-element-2f09961 elementor-widget__width-initial elementor-widget elementor-widget-text-editor\" data-id=\"2f09961\" data-element_type=\"widget\" data-widget_type=\"text-editor.default\">\n\t\t\t\t<div class=\"elementor-widget-container\">\n\t\t\t\t\t\t\t<p>Vous pouvez \u00e9galement \u00eatre int\u00e9ress\u00e9 par :<\/p>\n\t\t\t\t\t\t<\/div>\n\t\t\t\t<\/div>\n\t\t\t\t<\/div>\n\t\t<div class=\"elementor-element elementor-element-43a9ff9f e-flex e-con-boxed e-con e-child\" data-id=\"43a9ff9f\" data-element_type=\"container\" data-settings=\"{&quot;background_background&quot;:&quot;classic&quot;,&quot;sticky&quot;:&quot;bottom&quot;,&quot;sticky_on&quot;:[&quot;desktop&quot;,&quot;tablet&quot;,&quot;mobile&quot;],&quot;sticky_offset&quot;:0,&quot;sticky_effects_offset&quot;:0,&quot;sticky_anchor_link_offset&quot;:0}\">\n\t\t\t\t\t<div class=\"e-con-inner\">\n\t\t<div class=\"elementor-element elementor-element-6901cacb e-con-full e-flex e-con e-child\" data-id=\"6901cacb\" data-element_type=\"container\">\n\t\t\t\t<div class=\"elementor-element elementor-element-246984d2 elementor-widget elementor-widget-text-editor\" data-id=\"246984d2\" data-element_type=\"widget\" data-widget_type=\"text-editor.default\">\n\t\t\t\t<div class=\"elementor-widget-container\">\n\t\t\t\t\t\t\t<p style=\"text-align: center;\"><a href=\"https:\/\/decoluxe.es\/fr\/cuisines\/\"><span style=\"color: #999999;\">Cuisines<\/span><\/a><\/p>\n\t\t\t\t\t\t<\/div>\n\t\t\t\t<\/div>\n\t\t\t\t<\/div>\n\t\t<div class=\"elementor-element elementor-element-416ac34c e-con-full e-flex e-con e-child\" data-id=\"416ac34c\" data-element_type=\"container\">\n\t\t\t\t<div class=\"elementor-element elementor-element-5e697ad2 elementor-widget elementor-widget-text-editor\" data-id=\"5e697ad2\" data-element_type=\"widget\" data-widget_type=\"text-editor.default\">\n\t\t\t\t<div class=\"elementor-widget-container\">\n\t\t\t\t\t\t\t<p style=\"text-align: center;\"><a href=\"https:\/\/decoluxe.es\/fr\/toilettes-2\/\"><span style=\"color: #808080;\">Toilettes<\/span><\/a><\/p>\n\t\t\t\t\t\t<\/div>\n\t\t\t\t<\/div>\n\t\t\t\t<\/div>\n\t\t<div class=\"elementor-element elementor-element-34cb0e5f e-con-full e-flex e-con e-child\" data-id=\"34cb0e5f\" data-element_type=\"container\">\n\t\t\t\t<div class=\"elementor-element elementor-element-28c529cc elementor-widget elementor-widget-text-editor\" data-id=\"28c529cc\" data-element_type=\"widget\" data-widget_type=\"text-editor.default\">\n\t\t\t\t<div class=\"elementor-widget-container\">\n\t\t\t\t\t\t\t<p style=\"text-align: center;\"><a href=\"https:\/\/decoluxe.es\/fr\/mobilier-dexterieur\/\"><span style=\"color: #808080;\">Mobilier d&rsquo;ext\u00e9rieur<\/span><\/a><\/p>\n\t\t\t\t\t\t<\/div>\n\t\t\t\t<\/div>\n\t\t\t\t<\/div>\n\t\t<div class=\"elementor-element elementor-element-717aee96 e-con-full e-flex e-con e-child\" data-id=\"717aee96\" data-element_type=\"container\">\n\t\t\t\t<div class=\"elementor-element elementor-element-41553439 elementor-widget elementor-widget-text-editor\" data-id=\"41553439\" data-element_type=\"widget\" data-widget_type=\"text-editor.default\">\n\t\t\t\t<div class=\"elementor-widget-container\">\n\t\t\t\t\t\t\t<p style=\"text-align: center;\"><a href=\"https:\/\/decoluxe.es\/fr\/ameublement-interieur\/\"><span style=\"color: #808080;\">Mobilier d&rsquo;int\u00e9rieur<\/span><\/a><\/p>\n\t\t\t\t\t\t<\/div>\n\t\t\t\t<\/div>\n\t\t\t\t<\/div>\n\t\t<div class=\"elementor-element elementor-element-7083f0ea e-con-full e-flex e-con e-child\" data-id=\"7083f0ea\" data-element_type=\"container\">\n\t\t\t\t<div class=\"elementor-element elementor-element-496188d4 elementor-widget elementor-widget-text-editor\" data-id=\"496188d4\" data-element_type=\"widget\" data-widget_type=\"text-editor.default\">\n\t\t\t\t<div class=\"elementor-widget-container\">\n\t\t\t\t\t\t\t<p style=\"text-align: center;\"><a href=\"https:\/\/decoluxe.es\/fr\/eclairage\/\"><span style=\"color: #808080;\">Eclairage<\/span><\/a><\/p>\n\t\t\t\t\t\t<\/div>\n\t\t\t\t<\/div>\n\t\t\t\t<\/div>\n\t\t\t\t\t<\/div>\n\t\t\t\t<\/div>\n\t\t<div class=\"elementor-element elementor-element-193a621d e-flex e-con-boxed e-con e-child\" data-id=\"193a621d\" data-element_type=\"container\" data-settings=\"{&quot;background_background&quot;:&quot;classic&quot;}\">\n\t\t\t\t\t<div class=\"e-con-inner\">\n\t\t\t\t<div class=\"elementor-element elementor-element-2f0d985b elementor-widget elementor-widget-spacer\" data-id=\"2f0d985b\" data-element_type=\"widget\" data-widget_type=\"spacer.default\">\n\t\t\t\t<div class=\"elementor-widget-container\">\n\t\t\t\t\t<div class=\"elementor-spacer\">\n\t\t\t<div class=\"elementor-spacer-inner\"><\/div>\n\t\t<\/div>\n\t\t\t\t<\/div>\n\t\t\t\t<\/div>\n\t\t\t\t\t<\/div>\n\t\t\t\t<\/div>\n\t\t\t\t<\/div>\n\t\t\t\t<\/div>\n\t\t","protected":false},"excerpt":{"rendered":"<p>chauss\u00e9essur mesure Les chauss\u00e9es sont plus que de simples surfaces, ce sont des chemins qui nous conduisent \u00e0 travers le temps et l&rsquo;espace. Dans sa fermet\u00e9, nous trouvons la stabilit\u00e9, et dans sa beaut\u00e9, l&rsquo;inspiration. Ils sont la base sur laquelle nous construisons nos souvenirs. Ils sont les fondements de notre vie quotidienne et les [&hellip;]<\/p>\n","protected":false},"author":1,"featured_media":0,"parent":0,"menu_order":0,"comment_status":"closed","ping_status":"closed","template":"elementor_header_footer","meta":{"footnotes":""},"class_list":["post-7933","page","type-page","status-publish","hentry"],"aioseo_notices":[],"_links":{"self":[{"href":"https:\/\/decoluxeinteriordesign.com\/fr\/wp-json\/wp\/v2\/pages\/7933","targetHints":{"allow":["GET"]}}],"collection":[{"href":"https:\/\/decoluxeinteriordesign.com\/fr\/wp-json\/wp\/v2\/pages"}],"about":[{"href":"https:\/\/decoluxeinteriordesign.com\/fr\/wp-json\/wp\/v2\/types\/page"}],"author":[{"embeddable":true,"href":"https:\/\/decoluxeinteriordesign.com\/fr\/wp-json\/wp\/v2\/users\/1"}],"replies":[{"embeddable":true,"href":"https:\/\/decoluxeinteriordesign.com\/fr\/wp-json\/wp\/v2\/comments?post=7933"}],"version-history":[{"count":7,"href":"https:\/\/decoluxeinteriordesign.com\/fr\/wp-json\/wp\/v2\/pages\/7933\/revisions"}],"predecessor-version":[{"id":27445,"href":"https:\/\/decoluxeinteriordesign.com\/fr\/wp-json\/wp\/v2\/pages\/7933\/revisions\/27445"}],"wp:attachment":[{"href":"https:\/\/decoluxeinteriordesign.com\/fr\/wp-json\/wp\/v2\/media?parent=7933"}],"curies":[{"name":"wp","href":"https:\/\/api.w.org\/{rel}","templated":true}]}}