{"id":26362,"date":"2024-02-28T06:56:27","date_gmt":"2024-02-28T06:56:27","guid":{"rendered":"https:\/\/decoluxe.es\/matelas\/"},"modified":"2024-04-15T12:06:07","modified_gmt":"2024-04-15T12:06:07","slug":"matelas","status":"publish","type":"page","link":"https:\/\/decoluxeinteriordesign.com\/fr\/matelas\/","title":{"rendered":"Matelas"},"content":{"rendered":"\t\t<div data-elementor-type=\"wp-page\" data-elementor-id=\"26362\" class=\"elementor elementor-26362 elementor-26358\" data-elementor-post-type=\"page\">\n\t\t\t\t<div class=\"elementor-element elementor-element-39f7b41f e-flex e-con-boxed e-con e-parent\" data-id=\"39f7b41f\" data-element_type=\"container\" data-settings=\"{&quot;background_background&quot;:&quot;classic&quot;}\">\n\t\t\t\t\t<div class=\"e-con-inner\">\n\t\t<div class=\"elementor-element elementor-element-67c11a25 e-con-full e-flex e-con e-child\" data-id=\"67c11a25\" data-element_type=\"container\">\n\t\t\t\t<div class=\"elementor-element elementor-element-6689e303 elementor-widget elementor-widget-image\" data-id=\"6689e303\" data-element_type=\"widget\" data-widget_type=\"image.default\">\n\t\t\t\t<div class=\"elementor-widget-container\">\n\t\t\t\t\t\t\t\t\t\t\t\t\t<img fetchpriority=\"high\" decoding=\"async\" width=\"1200\" height=\"800\" src=\"https:\/\/decoluxeinteriordesign.com\/wp-content\/uploads\/2024\/02\/COLCHON-DVORAK.jpg\" class=\"attachment-full size-full wp-image-26383\" alt=\"\" srcset=\"https:\/\/decoluxeinteriordesign.com\/wp-content\/uploads\/2024\/02\/COLCHON-DVORAK.jpg 1200w, https:\/\/decoluxeinteriordesign.com\/wp-content\/uploads\/2024\/02\/COLCHON-DVORAK-300x200.jpg 300w, https:\/\/decoluxeinteriordesign.com\/wp-content\/uploads\/2024\/02\/COLCHON-DVORAK-1024x683.jpg 1024w, https:\/\/decoluxeinteriordesign.com\/wp-content\/uploads\/2024\/02\/COLCHON-DVORAK-768x512.jpg 768w\" sizes=\"(max-width: 1200px) 100vw, 1200px\" \/>\t\t\t\t\t\t\t\t\t\t\t\t\t<\/div>\n\t\t\t\t<\/div>\n\t\t\t\t<\/div>\n\t\t<div class=\"elementor-element elementor-element-1237a86b e-con-full e-flex e-con e-child\" data-id=\"1237a86b\" data-element_type=\"container\" data-settings=\"{&quot;background_background&quot;:&quot;classic&quot;}\">\n\t\t<div class=\"elementor-element elementor-element-288fdc1e e-flex e-con-boxed e-con e-child\" data-id=\"288fdc1e\" data-element_type=\"container\">\n\t\t\t\t\t<div class=\"e-con-inner\">\n\t\t\t\t<div class=\"elementor-element elementor-element-5b8c5dfd elementor-widget__width-auto elementor-hidden-tablet elementor-hidden-mobile elementor-widget elementor-widget-image\" data-id=\"5b8c5dfd\" data-element_type=\"widget\" data-widget_type=\"image.default\">\n\t\t\t\t<div class=\"elementor-widget-container\">\n\t\t\t\t\t\t\t\t\t\t\t\t\t<img decoding=\"async\" width=\"60\" height=\"60\" src=\"https:\/\/decoluxeinteriordesign.com\/wp-content\/uploads\/2023\/09\/punto.png\" class=\"attachment-large size-large wp-image-184\" alt=\"\" \/>\t\t\t\t\t\t\t\t\t\t\t\t\t<\/div>\n\t\t\t\t<\/div>\n\t\t\t\t<div class=\"elementor-element elementor-element-370f37b9 elementor-widget__width-auto elementor-widget elementor-widget-heading\" data-id=\"370f37b9\" data-element_type=\"widget\" data-widget_type=\"heading.default\">\n\t\t\t\t<div class=\"elementor-widget-container\">\n\t\t\t<h1 class=\"elementor-heading-title elementor-size-default\">matelas<br><span style=\"font-weight:300\"><\/span><\/h1>\t\t<\/div>\n\t\t\t\t<\/div>\n\t\t\t\t\t<\/div>\n\t\t\t\t<\/div>\n\t\t\t\t<div class=\"elementor-element elementor-element-64ffe14f elementor-widget elementor-widget-text-editor\" data-id=\"64ffe14f\" data-element_type=\"widget\" data-widget_type=\"text-editor.default\">\n\t\t\t\t<div class=\"elementor-widget-container\">\n\t\t\t\t\t\t\t<p>Nous comprenons que la chambre \u00e0 coucher est bien plus qu&rsquo;un simple endroit o\u00f9 dormir ; c&rsquo;est votre sanctuaire personnel, un havre o\u00f9 vous pouvez vous d\u00e9tendre et vous ressourcer apr\u00e8s une longue journ\u00e9e. C&rsquo;est pourquoi, chez Decoluxe, nous nous effor\u00e7ons de vous proposer des matelas qui non seulement vous assurent une bonne nuit de sommeil, mais qui compl\u00e8tent \u00e9galement l&rsquo;esth\u00e9tique de votre chambre \u00e0 coucher.<\/p>\n<p>Nos matelas, soigneusement s\u00e9lectionn\u00e9s, associent un savoir-faire traditionnel aux derni\u00e8res innovations en mati\u00e8re de technologie du sommeil.  <\/p>\n<p>Outre leur qualit\u00e9 de sommeil exceptionnelle, nos matelas sont con\u00e7us dans un souci de style.<\/p>\n<p>Chez Decoluxe, nous pensons qu&rsquo;un bon repos et un bon design vont de pair. C&rsquo;est pourquoi chacun de nos matelas est con\u00e7u avec un \u00e9quilibre parfait entre fonctionnalit\u00e9 et style, afin que vous puissiez profiter d&rsquo;un espace de sommeil \u00e0 la fois beau et relaxant.  <\/p>\n\t\t\t\t\t\t<\/div>\n\t\t\t\t<\/div>\n\t\t\t\t<div class=\"elementor-element elementor-element-4c780433 elementor-view-default elementor-widget elementor-widget-icon\" data-id=\"4c780433\" data-element_type=\"widget\" data-widget_type=\"icon.default\">\n\t\t\t\t<div class=\"elementor-widget-container\">\n\t\t\t\t\t<div class=\"elementor-icon-wrapper\">\n\t\t\t<div class=\"elementor-icon\">\n\t\t\t<i aria-hidden=\"true\" class=\"fas fa-chevron-down\"><\/i>\t\t\t<\/div>\n\t\t<\/div>\n\t\t\t\t<\/div>\n\t\t\t\t<\/div>\n\t\t\t\t<\/div>\n\t\t\t\t\t<\/div>\n\t\t\t\t<\/div>\n\t\t<div class=\"elementor-element elementor-element-73a283ed e-con-full e-flex e-con e-parent\" data-id=\"73a283ed\" data-element_type=\"container\">\n\t\t\t\t<div class=\"elementor-element elementor-element-346fee6 elementor-widget elementor-widget-gallery\" data-id=\"346fee6\" data-element_type=\"widget\" data-settings=\"{&quot;gap&quot;:{&quot;unit&quot;:&quot;px&quot;,&quot;size&quot;:1,&quot;sizes&quot;:[]},&quot;aspect_ratio&quot;:&quot;1:1&quot;,&quot;overlay_title&quot;:&quot;caption&quot;,&quot;lazyload&quot;:&quot;yes&quot;,&quot;gallery_layout&quot;:&quot;grid&quot;,&quot;columns&quot;:4,&quot;columns_tablet&quot;:2,&quot;columns_mobile&quot;:1,&quot;gap_tablet&quot;:{&quot;unit&quot;:&quot;px&quot;,&quot;size&quot;:10,&quot;sizes&quot;:[]},&quot;gap_mobile&quot;:{&quot;unit&quot;:&quot;px&quot;,&quot;size&quot;:10,&quot;sizes&quot;:[]},&quot;link_to&quot;:&quot;file&quot;,&quot;overlay_background&quot;:&quot;yes&quot;,&quot;content_hover_animation&quot;:&quot;fade-in&quot;}\" data-widget_type=\"gallery.default\">\n\t\t\t\t<div class=\"elementor-widget-container\">\n\t\t\t\t\t<div class=\"elementor-gallery__container\">\n\t\t\t\t\t\t\t<a class=\"e-gallery-item elementor-gallery-item elementor-animated-content\" href=\"https:\/\/decoluxeinteriordesign.com\/wp-content\/uploads\/2024\/02\/Bethoveen-colchon.jpg\" data-elementor-open-lightbox=\"yes\" data-elementor-lightbox-slideshow=\"346fee6\" data-elementor-lightbox-title=\"COLCH\u00d3N BETHOVEEN \" data-e-action-hash=\"#elementor-action%3Aaction%3Dlightbox%26settings%3DeyJpZCI6MjYzNzEsInVybCI6Imh0dHBzOlwvXC9kZWNvbHV4ZWludGVyaW9yZGVzaWduLmNvbVwvd3AtY29udGVudFwvdXBsb2Fkc1wvMjAyNFwvMDJcL0JldGhvdmVlbi1jb2xjaG9uLmpwZyIsInNsaWRlc2hvdyI6IjM0NmZlZTYifQ%3D%3D\">\n\t\t\t\t\t<div class=\"e-gallery-image elementor-gallery-item__image\" data-thumbnail=\"https:\/\/decoluxeinteriordesign.com\/wp-content\/uploads\/2024\/02\/Bethoveen-colchon.jpg\" data-width=\"1200\" data-height=\"800\" aria-label=\"\" role=\"img\" ><\/div>\n\t\t\t\t\t\t\t\t\t\t\t<div class=\"elementor-gallery-item__overlay\"><\/div>\n\t\t\t\t\t\t\t\t\t\t\t\t\t\t\t<div class=\"elementor-gallery-item__content\">\n\t\t\t\t\t\t\t\t\t\t\t\t\t\t<div class=\"elementor-gallery-item__title\">\n\t\t\t\t\t\t\t\t\t\t\t\t\t\t\t\t\t\tCOLCH\u00d3N BETHOVEEN \t\t\t\t\t\t\t\t<\/div>\n\t\t\t\t\t\t\t\t\t\t\t\t<\/div>\n\t\t\t\t\t\t\t\t\t<\/a>\n\t\t\t\t\t\t\t<a class=\"e-gallery-item elementor-gallery-item elementor-animated-content\" href=\"https:\/\/decoluxeinteriordesign.com\/wp-content\/uploads\/2024\/02\/Bethoveen-colchon-optimizado-2.jpg\" data-elementor-open-lightbox=\"yes\" data-elementor-lightbox-slideshow=\"346fee6\" data-elementor-lightbox-title=\"COLCH\u00d3N BETHOVEEN \" data-e-action-hash=\"#elementor-action%3Aaction%3Dlightbox%26settings%3DeyJpZCI6MjYzNzksInVybCI6Imh0dHBzOlwvXC9kZWNvbHV4ZWludGVyaW9yZGVzaWduLmNvbVwvd3AtY29udGVudFwvdXBsb2Fkc1wvMjAyNFwvMDJcL0JldGhvdmVlbi1jb2xjaG9uLW9wdGltaXphZG8tMi5qcGciLCJzbGlkZXNob3ciOiIzNDZmZWU2In0%3D\">\n\t\t\t\t\t<div class=\"e-gallery-image elementor-gallery-item__image\" data-thumbnail=\"https:\/\/decoluxeinteriordesign.com\/wp-content\/uploads\/2024\/02\/Bethoveen-colchon-optimizado-2.jpg\" data-width=\"1201\" data-height=\"1201\" aria-label=\"\" role=\"img\" ><\/div>\n\t\t\t\t\t\t\t\t\t\t\t<div class=\"elementor-gallery-item__overlay\"><\/div>\n\t\t\t\t\t\t\t\t\t\t\t\t\t\t\t<div class=\"elementor-gallery-item__content\">\n\t\t\t\t\t\t\t\t\t\t\t\t\t\t<div class=\"elementor-gallery-item__title\">\n\t\t\t\t\t\t\t\t\t\t\t\t\t\t\t\t\t\tCOLCH\u00d3N BETHOVEEN \t\t\t\t\t\t\t\t<\/div>\n\t\t\t\t\t\t\t\t\t\t\t\t<\/div>\n\t\t\t\t\t\t\t\t\t<\/a>\n\t\t\t\t\t\t\t<a class=\"e-gallery-item elementor-gallery-item elementor-animated-content\" href=\"https:\/\/decoluxeinteriordesign.com\/wp-content\/uploads\/2024\/02\/COLCHON-DVORAK.jpg\" data-elementor-open-lightbox=\"yes\" data-elementor-lightbox-slideshow=\"346fee6\" data-elementor-lightbox-title=\"COLCH\u00d3N DVOR\u00c1K\" data-e-action-hash=\"#elementor-action%3Aaction%3Dlightbox%26settings%3DeyJpZCI6MjYzODMsInVybCI6Imh0dHBzOlwvXC9kZWNvbHV4ZWludGVyaW9yZGVzaWduLmNvbVwvd3AtY29udGVudFwvdXBsb2Fkc1wvMjAyNFwvMDJcL0NPTENIT04tRFZPUkFLLmpwZyIsInNsaWRlc2hvdyI6IjM0NmZlZTYifQ%3D%3D\">\n\t\t\t\t\t<div class=\"e-gallery-image elementor-gallery-item__image\" data-thumbnail=\"https:\/\/decoluxeinteriordesign.com\/wp-content\/uploads\/2024\/02\/COLCHON-DVORAK.jpg\" data-width=\"1200\" data-height=\"800\" aria-label=\"\" role=\"img\" ><\/div>\n\t\t\t\t\t\t\t\t\t\t\t<div class=\"elementor-gallery-item__overlay\"><\/div>\n\t\t\t\t\t\t\t\t\t\t\t\t\t\t\t<div class=\"elementor-gallery-item__content\">\n\t\t\t\t\t\t\t\t\t\t\t\t\t\t<div class=\"elementor-gallery-item__title\">\n\t\t\t\t\t\t\t\t\t\t\t\t\t\t\t\t\t\tCOLCH\u00d3N DVOR\u00c1K\t\t\t\t\t\t\t\t<\/div>\n\t\t\t\t\t\t\t\t\t\t\t\t<\/div>\n\t\t\t\t\t\t\t\t\t<\/a>\n\t\t\t\t\t\t\t<a class=\"e-gallery-item elementor-gallery-item elementor-animated-content\" href=\"https:\/\/decoluxeinteriordesign.com\/wp-content\/uploads\/2024\/02\/COLCHON-DVORAK-2.jpg\" data-elementor-open-lightbox=\"yes\" data-elementor-lightbox-slideshow=\"346fee6\" data-elementor-lightbox-title=\"COLCH\u00d3N DVOR\u00c1K\" data-e-action-hash=\"#elementor-action%3Aaction%3Dlightbox%26settings%3DeyJpZCI6MjYzODcsInVybCI6Imh0dHBzOlwvXC9kZWNvbHV4ZWludGVyaW9yZGVzaWduLmNvbVwvd3AtY29udGVudFwvdXBsb2Fkc1wvMjAyNFwvMDJcL0NPTENIT04tRFZPUkFLLTIuanBnIiwic2xpZGVzaG93IjoiMzQ2ZmVlNiJ9\">\n\t\t\t\t\t<div class=\"e-gallery-image elementor-gallery-item__image\" data-thumbnail=\"https:\/\/decoluxeinteriordesign.com\/wp-content\/uploads\/2024\/02\/COLCHON-DVORAK-2.jpg\" data-width=\"1200\" data-height=\"1200\" aria-label=\"\" role=\"img\" ><\/div>\n\t\t\t\t\t\t\t\t\t\t\t<div class=\"elementor-gallery-item__overlay\"><\/div>\n\t\t\t\t\t\t\t\t\t\t\t\t\t\t\t<div class=\"elementor-gallery-item__content\">\n\t\t\t\t\t\t\t\t\t\t\t\t\t\t<div class=\"elementor-gallery-item__title\">\n\t\t\t\t\t\t\t\t\t\t\t\t\t\t\t\t\t\tCOLCH\u00d3N DVOR\u00c1K\t\t\t\t\t\t\t\t<\/div>\n\t\t\t\t\t\t\t\t\t\t\t\t<\/div>\n\t\t\t\t\t\t\t\t\t<\/a>\n\t\t\t\t\t<\/div>\n\t\t\t<\/div>\n\t\t\t\t<\/div>\n\t\t\t\t<\/div>\n\t\t\t\t<\/div>\n\t\t","protected":false},"excerpt":{"rendered":"<p>matelas Nous comprenons que la chambre \u00e0 coucher est bien plus qu&rsquo;un simple endroit o\u00f9 dormir ; c&rsquo;est votre sanctuaire personnel, un havre o\u00f9 vous pouvez vous d\u00e9tendre et vous ressourcer apr\u00e8s une longue journ\u00e9e. C&rsquo;est pourquoi, chez Decoluxe, nous nous effor\u00e7ons de vous proposer des matelas qui non seulement vous assurent une bonne nuit [&hellip;]<\/p>\n","protected":false},"author":3,"featured_media":0,"parent":0,"menu_order":0,"comment_status":"closed","ping_status":"closed","template":"elementor_header_footer","meta":{"footnotes":""},"class_list":["post-26362","page","type-page","status-publish","hentry"],"aioseo_notices":[],"_links":{"self":[{"href":"https:\/\/decoluxeinteriordesign.com\/fr\/wp-json\/wp\/v2\/pages\/26362","targetHints":{"allow":["GET"]}}],"collection":[{"href":"https:\/\/decoluxeinteriordesign.com\/fr\/wp-json\/wp\/v2\/pages"}],"about":[{"href":"https:\/\/decoluxeinteriordesign.com\/fr\/wp-json\/wp\/v2\/types\/page"}],"author":[{"embeddable":true,"href":"https:\/\/decoluxeinteriordesign.com\/fr\/wp-json\/wp\/v2\/users\/3"}],"replies":[{"embeddable":true,"href":"https:\/\/decoluxeinteriordesign.com\/fr\/wp-json\/wp\/v2\/comments?post=26362"}],"version-history":[{"count":3,"href":"https:\/\/decoluxeinteriordesign.com\/fr\/wp-json\/wp\/v2\/pages\/26362\/revisions"}],"predecessor-version":[{"id":27315,"href":"https:\/\/decoluxeinteriordesign.com\/fr\/wp-json\/wp\/v2\/pages\/26362\/revisions\/27315"}],"wp:attachment":[{"href":"https:\/\/decoluxeinteriordesign.com\/fr\/wp-json\/wp\/v2\/media?parent=26362"}],"curies":[{"name":"wp","href":"https:\/\/api.w.org\/{rel}","templated":true}]}}