{"id":25210,"date":"2023-12-27T08:59:30","date_gmt":"2023-12-27T08:59:30","guid":{"rendered":"https:\/\/decoluxe.es\/refrigerateurs\/"},"modified":"2024-04-15T12:06:09","modified_gmt":"2024-04-15T12:06:09","slug":"refrigerateurs","status":"publish","type":"page","link":"https:\/\/decoluxeinteriordesign.com\/fr\/refrigerateurs\/","title":{"rendered":"R\u00e9frig\u00e9rateurs"},"content":{"rendered":"\t\t<div data-elementor-type=\"wp-page\" data-elementor-id=\"25210\" class=\"elementor elementor-25210 elementor-25207\" data-elementor-post-type=\"page\">\n\t\t\t\t<div class=\"elementor-element elementor-element-4d08d7cb e-flex e-con-boxed e-con e-parent\" data-id=\"4d08d7cb\" data-element_type=\"container\" data-settings=\"{&quot;background_background&quot;:&quot;classic&quot;}\">\n\t\t\t\t\t<div class=\"e-con-inner\">\n\t\t<div class=\"elementor-element elementor-element-656bcbd4 e-con-full e-flex e-con e-child\" data-id=\"656bcbd4\" data-element_type=\"container\">\n\t\t\t\t<div class=\"elementor-element elementor-element-1874c937 elementor-widget elementor-widget-image\" data-id=\"1874c937\" data-element_type=\"widget\" data-widget_type=\"image.default\">\n\t\t\t\t<div class=\"elementor-widget-container\">\n\t\t\t\t\t\t\t\t\t\t\t\t\t<img fetchpriority=\"high\" decoding=\"async\" width=\"2000\" height=\"1125\" src=\"https:\/\/decoluxeinteriordesign.com\/wp-content\/uploads\/2023\/12\/BALAY-FRIGORIFICO-3KFD765NI.jpg\" class=\"attachment-full size-full wp-image-24908\" alt=\"\" srcset=\"https:\/\/decoluxeinteriordesign.com\/wp-content\/uploads\/2023\/12\/BALAY-FRIGORIFICO-3KFD765NI.jpg 2000w, https:\/\/decoluxeinteriordesign.com\/wp-content\/uploads\/2023\/12\/BALAY-FRIGORIFICO-3KFD765NI-300x169.jpg 300w, https:\/\/decoluxeinteriordesign.com\/wp-content\/uploads\/2023\/12\/BALAY-FRIGORIFICO-3KFD765NI-1024x576.jpg 1024w, https:\/\/decoluxeinteriordesign.com\/wp-content\/uploads\/2023\/12\/BALAY-FRIGORIFICO-3KFD765NI-768x432.jpg 768w, https:\/\/decoluxeinteriordesign.com\/wp-content\/uploads\/2023\/12\/BALAY-FRIGORIFICO-3KFD765NI-1536x864.jpg 1536w\" sizes=\"(max-width: 2000px) 100vw, 2000px\" \/>\t\t\t\t\t\t\t\t\t\t\t\t\t<\/div>\n\t\t\t\t<\/div>\n\t\t\t\t<\/div>\n\t\t<div class=\"elementor-element elementor-element-59bb7ee9 e-con-full animated-slow e-flex elementor-invisible e-con e-child\" data-id=\"59bb7ee9\" data-element_type=\"container\" data-settings=\"{&quot;background_background&quot;:&quot;classic&quot;,&quot;animation&quot;:&quot;fadeInDown&quot;,&quot;animation_delay&quot;:200}\">\n\t\t<div class=\"elementor-element elementor-element-18714f77 e-flex e-con-boxed e-con e-child\" data-id=\"18714f77\" data-element_type=\"container\">\n\t\t\t\t\t<div class=\"e-con-inner\">\n\t\t\t\t<div class=\"elementor-element elementor-element-45152ae6 elementor-widget__width-auto elementor-hidden-tablet elementor-hidden-mobile elementor-widget elementor-widget-image\" data-id=\"45152ae6\" data-element_type=\"widget\" data-widget_type=\"image.default\">\n\t\t\t\t<div class=\"elementor-widget-container\">\n\t\t\t\t\t\t\t\t\t\t\t\t\t<img decoding=\"async\" width=\"60\" height=\"60\" src=\"https:\/\/decoluxeinteriordesign.com\/wp-content\/uploads\/2023\/09\/punto.png\" class=\"attachment-large size-large wp-image-184\" alt=\"\" \/>\t\t\t\t\t\t\t\t\t\t\t\t\t<\/div>\n\t\t\t\t<\/div>\n\t\t\t\t<div class=\"elementor-element elementor-element-7f5b8c15 elementor-widget__width-auto elementor-widget elementor-widget-heading\" data-id=\"7f5b8c15\" data-element_type=\"widget\" data-widget_type=\"heading.default\">\n\t\t\t\t<div class=\"elementor-widget-container\">\n\t\t\t<h1 class=\"elementor-heading-title elementor-size-default\">r\u00e9frig\u00e9rateurs<br><span style=\"font-weight:300\"><\/span><\/h1>\t\t<\/div>\n\t\t\t\t<\/div>\n\t\t\t\t\t<\/div>\n\t\t\t\t<\/div>\n\t\t\t\t<div class=\"elementor-element elementor-element-5bdd51e5 elementor-widget elementor-widget-text-editor\" data-id=\"5bdd51e5\" data-element_type=\"widget\" data-widget_type=\"text-editor.default\">\n\t\t\t\t<div class=\"elementor-widget-container\">\n\t\t\t\t\t\t\t<p>Pr\u00e9servez la fra\u00eecheur et l&rsquo;\u00e9l\u00e9gance dans votre cuisine gr\u00e2ce \u00e0 nos r\u00e9frig\u00e9rateurs de pointe. Con\u00e7us pour \u00eatre bien plus que de simples appareils, ils sont la fusion parfaite de la technologie de pointe et d&rsquo;un style sophistiqu\u00e9. Des r\u00e9frig\u00e9rateurs intelligents qui s&rsquo;adaptent \u00e0 votre vie aux options de design qui embellissent votre espace, notre collection offre une vari\u00e9t\u00e9 qui transformera votre cuisine en une oasis de fra\u00eecheur et d&rsquo;organisation. Explorez maintenant pour trouver le r\u00e9frig\u00e9rateur qui r\u00e9pond \u00e0 vos besoins, en vous offrant une exp\u00e9rience de stockage des aliments avec les derni\u00e8res innovations et une touche de luxe.<\/p>\n\t\t\t\t\t\t<\/div>\n\t\t\t\t<\/div>\n\t\t\t\t<div class=\"elementor-element elementor-element-115c95a9 elementor-view-default elementor-widget elementor-widget-icon\" data-id=\"115c95a9\" data-element_type=\"widget\" data-widget_type=\"icon.default\">\n\t\t\t\t<div class=\"elementor-widget-container\">\n\t\t\t\t\t<div class=\"elementor-icon-wrapper\">\n\t\t\t<div class=\"elementor-icon\">\n\t\t\t<i aria-hidden=\"true\" class=\"fas fa-chevron-down\"><\/i>\t\t\t<\/div>\n\t\t<\/div>\n\t\t\t\t<\/div>\n\t\t\t\t<\/div>\n\t\t\t\t<\/div>\n\t\t\t\t\t<\/div>\n\t\t\t\t<\/div>\n\t\t<div class=\"elementor-element elementor-element-4e53a468 e-con-full e-flex e-con e-parent\" data-id=\"4e53a468\" data-element_type=\"container\">\n\t\t\t\t<div class=\"elementor-element elementor-element-118125d elementor-widget elementor-widget-gallery\" data-id=\"118125d\" data-element_type=\"widget\" data-settings=\"{&quot;gap&quot;:{&quot;unit&quot;:&quot;px&quot;,&quot;size&quot;:1,&quot;sizes&quot;:[]},&quot;aspect_ratio&quot;:&quot;1:1&quot;,&quot;overlay_title&quot;:&quot;caption&quot;,&quot;lazyload&quot;:&quot;yes&quot;,&quot;gallery_layout&quot;:&quot;grid&quot;,&quot;columns&quot;:4,&quot;columns_tablet&quot;:2,&quot;columns_mobile&quot;:1,&quot;gap_tablet&quot;:{&quot;unit&quot;:&quot;px&quot;,&quot;size&quot;:10,&quot;sizes&quot;:[]},&quot;gap_mobile&quot;:{&quot;unit&quot;:&quot;px&quot;,&quot;size&quot;:10,&quot;sizes&quot;:[]},&quot;link_to&quot;:&quot;file&quot;,&quot;overlay_background&quot;:&quot;yes&quot;,&quot;content_hover_animation&quot;:&quot;fade-in&quot;}\" data-widget_type=\"gallery.default\">\n\t\t\t\t<div class=\"elementor-widget-container\">\n\t\t\t\t\t<div class=\"elementor-gallery__container\">\n\t\t\t\t\t\t\t<a class=\"e-gallery-item elementor-gallery-item elementor-animated-content\" href=\"https:\/\/decoluxeinteriordesign.com\/wp-content\/uploads\/2023\/12\/TEKA-FRIGORIFICO-RMF-77920.jpg\" data-elementor-open-lightbox=\"yes\" data-elementor-lightbox-slideshow=\"118125d\" data-elementor-lightbox-title=\"FRIGOR\u00cdFICO RMF 77920\" data-e-action-hash=\"#elementor-action%3Aaction%3Dlightbox%26settings%3DeyJpZCI6MjQ4ODQsInVybCI6Imh0dHBzOlwvXC9kZWNvbHV4ZWludGVyaW9yZGVzaWduLmNvbVwvd3AtY29udGVudFwvdXBsb2Fkc1wvMjAyM1wvMTJcL1RFS0EtRlJJR09SSUZJQ08tUk1GLTc3OTIwLmpwZyIsInNsaWRlc2hvdyI6IjExODEyNWQifQ%3D%3D\">\n\t\t\t\t\t<div class=\"e-gallery-image elementor-gallery-item__image\" data-thumbnail=\"https:\/\/decoluxeinteriordesign.com\/wp-content\/uploads\/2023\/12\/TEKA-FRIGORIFICO-RMF-77920.jpg\" data-width=\"840\" data-height=\"473\" aria-label=\"\" role=\"img\" ><\/div>\n\t\t\t\t\t\t\t\t\t\t\t<div class=\"elementor-gallery-item__overlay\"><\/div>\n\t\t\t\t\t\t\t\t\t\t\t\t\t\t\t<div class=\"elementor-gallery-item__content\">\n\t\t\t\t\t\t\t\t\t\t\t\t\t\t<div class=\"elementor-gallery-item__title\">\n\t\t\t\t\t\t\t\t\t\t\t\t\t\t\t\t\t\tFRIGOR\u00cdFICO RMF 77920\t\t\t\t\t\t\t\t<\/div>\n\t\t\t\t\t\t\t\t\t\t\t\t<\/div>\n\t\t\t\t\t\t\t\t\t<\/a>\n\t\t\t\t\t\t\t<a class=\"e-gallery-item elementor-gallery-item elementor-animated-content\" href=\"https:\/\/decoluxeinteriordesign.com\/wp-content\/uploads\/2023\/12\/TEKA-FRIGORIFICO-RMF-77810-GBK.jpg\" data-elementor-open-lightbox=\"yes\" data-elementor-lightbox-slideshow=\"118125d\" data-elementor-lightbox-title=\"FRIGOR\u00cdFICO RMF 77810 GBK\" data-e-action-hash=\"#elementor-action%3Aaction%3Dlightbox%26settings%3DeyJpZCI6MjQ4ODgsInVybCI6Imh0dHBzOlwvXC9kZWNvbHV4ZWludGVyaW9yZGVzaWduLmNvbVwvd3AtY29udGVudFwvdXBsb2Fkc1wvMjAyM1wvMTJcL1RFS0EtRlJJR09SSUZJQ08tUk1GLTc3ODEwLUdCSy5qcGciLCJzbGlkZXNob3ciOiIxMTgxMjVkIn0%3D\">\n\t\t\t\t\t<div class=\"e-gallery-image elementor-gallery-item__image\" data-thumbnail=\"https:\/\/decoluxeinteriordesign.com\/wp-content\/uploads\/2023\/12\/TEKA-FRIGORIFICO-RMF-77810-GBK.jpg\" data-width=\"841\" data-height=\"473\" aria-label=\"\" role=\"img\" ><\/div>\n\t\t\t\t\t\t\t\t\t\t\t<div class=\"elementor-gallery-item__overlay\"><\/div>\n\t\t\t\t\t\t\t\t\t\t\t\t\t\t\t<div class=\"elementor-gallery-item__content\">\n\t\t\t\t\t\t\t\t\t\t\t\t\t\t<div class=\"elementor-gallery-item__title\">\n\t\t\t\t\t\t\t\t\t\t\t\t\t\t\t\t\t\tFRIGOR\u00cdFICO RMF 77810 GBK\t\t\t\t\t\t\t\t<\/div>\n\t\t\t\t\t\t\t\t\t\t\t\t<\/div>\n\t\t\t\t\t\t\t\t\t<\/a>\n\t\t\t\t\t\t\t<a class=\"e-gallery-item elementor-gallery-item elementor-animated-content\" href=\"https:\/\/decoluxeinteriordesign.com\/wp-content\/uploads\/2023\/12\/TEKA-FRIGORIFICO-RLF-74910.jpg\" data-elementor-open-lightbox=\"yes\" data-elementor-lightbox-slideshow=\"118125d\" data-elementor-lightbox-title=\"FRIGOR\u00cdFICO RLF 74910\" data-e-action-hash=\"#elementor-action%3Aaction%3Dlightbox%26settings%3DeyJpZCI6MjQ4OTIsInVybCI6Imh0dHBzOlwvXC9kZWNvbHV4ZWludGVyaW9yZGVzaWduLmNvbVwvd3AtY29udGVudFwvdXBsb2Fkc1wvMjAyM1wvMTJcL1RFS0EtRlJJR09SSUZJQ08tUkxGLTc0OTEwLmpwZyIsInNsaWRlc2hvdyI6IjExODEyNWQifQ%3D%3D\">\n\t\t\t\t\t<div class=\"e-gallery-image elementor-gallery-item__image\" data-thumbnail=\"https:\/\/decoluxeinteriordesign.com\/wp-content\/uploads\/2023\/12\/TEKA-FRIGORIFICO-RLF-74910.jpg\" data-width=\"840\" data-height=\"473\" aria-label=\"\" role=\"img\" ><\/div>\n\t\t\t\t\t\t\t\t\t\t\t<div class=\"elementor-gallery-item__overlay\"><\/div>\n\t\t\t\t\t\t\t\t\t\t\t\t\t\t\t<div class=\"elementor-gallery-item__content\">\n\t\t\t\t\t\t\t\t\t\t\t\t\t\t<div class=\"elementor-gallery-item__title\">\n\t\t\t\t\t\t\t\t\t\t\t\t\t\t\t\t\t\tFRIGOR\u00cdFICO RLF 74910\t\t\t\t\t\t\t\t<\/div>\n\t\t\t\t\t\t\t\t\t\t\t\t<\/div>\n\t\t\t\t\t\t\t\t\t<\/a>\n\t\t\t\t\t\t\t<a class=\"e-gallery-item elementor-gallery-item elementor-animated-content\" href=\"https:\/\/decoluxeinteriordesign.com\/wp-content\/uploads\/2023\/12\/TEKA-FRIGORIFICO-RLF-74910-GBK.jpg\" data-elementor-open-lightbox=\"yes\" data-elementor-lightbox-slideshow=\"118125d\" data-elementor-lightbox-title=\"FRIGOR\u00cdFICO RLF 74910 GBK\" data-e-action-hash=\"#elementor-action%3Aaction%3Dlightbox%26settings%3DeyJpZCI6MjQ4OTYsInVybCI6Imh0dHBzOlwvXC9kZWNvbHV4ZWludGVyaW9yZGVzaWduLmNvbVwvd3AtY29udGVudFwvdXBsb2Fkc1wvMjAyM1wvMTJcL1RFS0EtRlJJR09SSUZJQ08tUkxGLTc0OTEwLUdCSy5qcGciLCJzbGlkZXNob3ciOiIxMTgxMjVkIn0%3D\">\n\t\t\t\t\t<div class=\"e-gallery-image elementor-gallery-item__image\" data-thumbnail=\"https:\/\/decoluxeinteriordesign.com\/wp-content\/uploads\/2023\/12\/TEKA-FRIGORIFICO-RLF-74910-GBK.jpg\" data-width=\"841\" data-height=\"473\" aria-label=\"\" role=\"img\" ><\/div>\n\t\t\t\t\t\t\t\t\t\t\t<div class=\"elementor-gallery-item__overlay\"><\/div>\n\t\t\t\t\t\t\t\t\t\t\t\t\t\t\t<div class=\"elementor-gallery-item__content\">\n\t\t\t\t\t\t\t\t\t\t\t\t\t\t<div class=\"elementor-gallery-item__title\">\n\t\t\t\t\t\t\t\t\t\t\t\t\t\t\t\t\t\tFRIGOR\u00cdFICO RLF 74910 GBK\t\t\t\t\t\t\t\t<\/div>\n\t\t\t\t\t\t\t\t\t\t\t\t<\/div>\n\t\t\t\t\t\t\t\t\t<\/a>\n\t\t\t\t\t\t\t<a class=\"e-gallery-item elementor-gallery-item elementor-animated-content\" href=\"https:\/\/decoluxeinteriordesign.com\/wp-content\/uploads\/2023\/12\/TEKA-FRIGORIFICO-RFD-77820.jpg\" data-elementor-open-lightbox=\"yes\" data-elementor-lightbox-slideshow=\"118125d\" data-elementor-lightbox-title=\"FRIGOR\u00cdFICO RFD 77820\" data-e-action-hash=\"#elementor-action%3Aaction%3Dlightbox%26settings%3DeyJpZCI6MjQ5MDAsInVybCI6Imh0dHBzOlwvXC9kZWNvbHV4ZWludGVyaW9yZGVzaWduLmNvbVwvd3AtY29udGVudFwvdXBsb2Fkc1wvMjAyM1wvMTJcL1RFS0EtRlJJR09SSUZJQ08tUkZELTc3ODIwLmpwZyIsInNsaWRlc2hvdyI6IjExODEyNWQifQ%3D%3D\">\n\t\t\t\t\t<div class=\"e-gallery-image elementor-gallery-item__image\" data-thumbnail=\"https:\/\/decoluxeinteriordesign.com\/wp-content\/uploads\/2023\/12\/TEKA-FRIGORIFICO-RFD-77820.jpg\" data-width=\"841\" data-height=\"473\" aria-label=\"\" role=\"img\" ><\/div>\n\t\t\t\t\t\t\t\t\t\t\t<div class=\"elementor-gallery-item__overlay\"><\/div>\n\t\t\t\t\t\t\t\t\t\t\t\t\t\t\t<div class=\"elementor-gallery-item__content\">\n\t\t\t\t\t\t\t\t\t\t\t\t\t\t<div class=\"elementor-gallery-item__title\">\n\t\t\t\t\t\t\t\t\t\t\t\t\t\t\t\t\t\tFRIGOR\u00cdFICO RFD 77820\t\t\t\t\t\t\t\t<\/div>\n\t\t\t\t\t\t\t\t\t\t\t\t<\/div>\n\t\t\t\t\t\t\t\t\t<\/a>\n\t\t\t\t\t\t\t<a class=\"e-gallery-item elementor-gallery-item elementor-animated-content\" href=\"https:\/\/decoluxeinteriordesign.com\/wp-content\/uploads\/2023\/12\/BALAY-FRIGORIFICO-3KME592XI.jpg\" data-elementor-open-lightbox=\"yes\" data-elementor-lightbox-slideshow=\"118125d\" data-elementor-lightbox-title=\"FRIGOR\u00cdFICO 3KME592XI\" data-e-action-hash=\"#elementor-action%3Aaction%3Dlightbox%26settings%3DeyJpZCI6MjQ5MDQsInVybCI6Imh0dHBzOlwvXC9kZWNvbHV4ZWludGVyaW9yZGVzaWduLmNvbVwvd3AtY29udGVudFwvdXBsb2Fkc1wvMjAyM1wvMTJcL0JBTEFZLUZSSUdPUklGSUNPLTNLTUU1OTJYSS5qcGciLCJzbGlkZXNob3ciOiIxMTgxMjVkIn0%3D\">\n\t\t\t\t\t<div class=\"e-gallery-image elementor-gallery-item__image\" data-thumbnail=\"https:\/\/decoluxeinteriordesign.com\/wp-content\/uploads\/2023\/12\/BALAY-FRIGORIFICO-3KME592XI.jpg\" data-width=\"900\" data-height=\"506\" aria-label=\"\" role=\"img\" ><\/div>\n\t\t\t\t\t\t\t\t\t\t\t<div class=\"elementor-gallery-item__overlay\"><\/div>\n\t\t\t\t\t\t\t\t\t\t\t\t\t\t\t<div class=\"elementor-gallery-item__content\">\n\t\t\t\t\t\t\t\t\t\t\t\t\t\t<div class=\"elementor-gallery-item__title\">\n\t\t\t\t\t\t\t\t\t\t\t\t\t\t\t\t\t\tFRIGOR\u00cdFICO 3KME592XI\t\t\t\t\t\t\t\t<\/div>\n\t\t\t\t\t\t\t\t\t\t\t\t<\/div>\n\t\t\t\t\t\t\t\t\t<\/a>\n\t\t\t\t\t\t\t<a class=\"e-gallery-item elementor-gallery-item elementor-animated-content\" href=\"https:\/\/decoluxeinteriordesign.com\/wp-content\/uploads\/2023\/12\/BALAY-FRIGORIFICO-3KFD765NI.jpg\" data-elementor-open-lightbox=\"yes\" data-elementor-lightbox-slideshow=\"118125d\" data-elementor-lightbox-title=\"FRIGOR\u00cdFICO 3KFD765NI\" data-e-action-hash=\"#elementor-action%3Aaction%3Dlightbox%26settings%3DeyJpZCI6MjQ5MDgsInVybCI6Imh0dHBzOlwvXC9kZWNvbHV4ZWludGVyaW9yZGVzaWduLmNvbVwvd3AtY29udGVudFwvdXBsb2Fkc1wvMjAyM1wvMTJcL0JBTEFZLUZSSUdPUklGSUNPLTNLRkQ3NjVOSS5qcGciLCJzbGlkZXNob3ciOiIxMTgxMjVkIn0%3D\">\n\t\t\t\t\t<div class=\"e-gallery-image elementor-gallery-item__image\" data-thumbnail=\"https:\/\/decoluxeinteriordesign.com\/wp-content\/uploads\/2023\/12\/BALAY-FRIGORIFICO-3KFD765NI.jpg\" data-width=\"2000\" data-height=\"1125\" aria-label=\"\" role=\"img\" ><\/div>\n\t\t\t\t\t\t\t\t\t\t\t<div class=\"elementor-gallery-item__overlay\"><\/div>\n\t\t\t\t\t\t\t\t\t\t\t\t\t\t\t<div class=\"elementor-gallery-item__content\">\n\t\t\t\t\t\t\t\t\t\t\t\t\t\t<div class=\"elementor-gallery-item__title\">\n\t\t\t\t\t\t\t\t\t\t\t\t\t\t\t\t\t\tFRIGOR\u00cdFICO 3KFD765NI\t\t\t\t\t\t\t\t<\/div>\n\t\t\t\t\t\t\t\t\t\t\t\t<\/div>\n\t\t\t\t\t\t\t\t\t<\/a>\n\t\t\t\t\t<\/div>\n\t\t\t<\/div>\n\t\t\t\t<\/div>\n\t\t\t\t<\/div>\n\t\t<div class=\"elementor-element elementor-element-20d899b5 e-con-full elementor-hidden-mobile e-flex e-con e-parent\" data-id=\"20d899b5\" data-element_type=\"container\">\n\t\t<div class=\"elementor-element elementor-element-5e1e536b e-con-full e-flex e-con e-child\" data-id=\"5e1e536b\" data-element_type=\"container\" data-settings=\"{&quot;background_background&quot;:&quot;classic&quot;}\">\n\t\t\t\t<div class=\"elementor-element elementor-element-71f802fb elementor-widget elementor-widget-spacer\" data-id=\"71f802fb\" data-element_type=\"widget\" data-widget_type=\"spacer.default\">\n\t\t\t\t<div class=\"elementor-widget-container\">\n\t\t\t\t\t<div class=\"elementor-spacer\">\n\t\t\t<div class=\"elementor-spacer-inner\"><\/div>\n\t\t<\/div>\n\t\t\t\t<\/div>\n\t\t\t\t<\/div>\n\t\t\t\t<\/div>\n\t\t<div class=\"elementor-element elementor-element-3af1f051 e-con-full e-flex e-con e-child\" data-id=\"3af1f051\" data-element_type=\"container\" data-settings=\"{&quot;background_background&quot;:&quot;classic&quot;,&quot;sticky&quot;:&quot;bottom&quot;,&quot;sticky_on&quot;:[&quot;desktop&quot;,&quot;tablet&quot;,&quot;mobile&quot;],&quot;sticky_offset&quot;:0,&quot;sticky_effects_offset&quot;:0,&quot;sticky_anchor_link_offset&quot;:0}\">\n\t\t\t\t<div class=\"elementor-element elementor-element-501b3659 elementor-widget__width-initial elementor-widget elementor-widget-text-editor\" data-id=\"501b3659\" data-element_type=\"widget\" data-widget_type=\"text-editor.default\">\n\t\t\t\t<div class=\"elementor-widget-container\">\n\t\t\t\t\t\t\t<p>Vous pouvez \u00e9galement \u00eatre int\u00e9ress\u00e9 par :<\/p>\n\t\t\t\t\t\t<\/div>\n\t\t\t\t<\/div>\n\t\t\t\t<\/div>\n\t\t<div class=\"elementor-element elementor-element-160de770 e-flex e-con-boxed e-con e-child\" data-id=\"160de770\" data-element_type=\"container\" data-settings=\"{&quot;background_background&quot;:&quot;classic&quot;,&quot;sticky&quot;:&quot;bottom&quot;,&quot;sticky_on&quot;:[&quot;desktop&quot;,&quot;tablet&quot;,&quot;mobile&quot;],&quot;sticky_offset&quot;:0,&quot;sticky_effects_offset&quot;:0,&quot;sticky_anchor_link_offset&quot;:0}\">\n\t\t\t\t\t<div class=\"e-con-inner\">\n\t\t<div class=\"elementor-element elementor-element-37285dfd e-con-full e-flex e-con e-child\" data-id=\"37285dfd\" data-element_type=\"container\">\n\t\t\t\t<div class=\"elementor-element elementor-element-302da62e elementor-widget elementor-widget-text-editor\" data-id=\"302da62e\" data-element_type=\"widget\" data-widget_type=\"text-editor.default\">\n\t\t\t\t<div class=\"elementor-widget-container\">\n\t\t\t\t\t\t\t<p style=\"text-align: center;\"><a href=\"https:\/\/decoluxe.es\/fr\/plaques-de-cuisson-en-vitroceramique\/\"><span style=\"color: #999999;\">Plaque de cuisson en c\u00e9ramique<\/span><\/a><\/p>\n\t\t\t\t\t\t<\/div>\n\t\t\t\t<\/div>\n\t\t\t\t<\/div>\n\t\t<div class=\"elementor-element elementor-element-2c18c1e7 e-con-full e-flex e-con e-child\" data-id=\"2c18c1e7\" data-element_type=\"container\">\n\t\t\t\t<div class=\"elementor-element elementor-element-fc1961f elementor-widget elementor-widget-text-editor\" data-id=\"fc1961f\" data-element_type=\"widget\" data-widget_type=\"text-editor.default\">\n\t\t\t\t<div class=\"elementor-widget-container\">\n\t\t\t\t\t\t\t<p style=\"text-align: center;\"><a href=\"https:\/\/decoluxe.es\/fr\/cloches\/\"><span style=\"color: #808080;\">Cloches<\/span><\/a><\/p>\n\t\t\t\t\t\t<\/div>\n\t\t\t\t<\/div>\n\t\t\t\t<\/div>\n\t\t<div class=\"elementor-element elementor-element-2c370df9 e-con-full e-flex e-con e-child\" data-id=\"2c370df9\" data-element_type=\"container\">\n\t\t\t\t<div class=\"elementor-element elementor-element-5f3193e4 elementor-widget elementor-widget-text-editor\" data-id=\"5f3193e4\" data-element_type=\"widget\" data-widget_type=\"text-editor.default\">\n\t\t\t\t<div class=\"elementor-widget-container\">\n\t\t\t\t\t\t\t<p style=\"text-align: center;\"><a href=\"https:\/\/decoluxe.es\/fr\/fours\/\"><span style=\"color: #808080;\">Fours<\/span><\/a><\/p>\n\t\t\t\t\t\t<\/div>\n\t\t\t\t<\/div>\n\t\t\t\t<\/div>\n\t\t<div class=\"elementor-element elementor-element-32586736 e-con-full e-flex e-con e-child\" data-id=\"32586736\" data-element_type=\"container\">\n\t\t\t\t<div class=\"elementor-element elementor-element-52d0decd elementor-widget elementor-widget-text-editor\" data-id=\"52d0decd\" data-element_type=\"widget\" data-widget_type=\"text-editor.default\">\n\t\t\t\t<div class=\"elementor-widget-container\">\n\t\t\t\t\t\t\t<p style=\"text-align: center;\"><a href=\"https:\/\/decoluxe.es\/fr\/micro-ondes\/\"><span style=\"color: #808080;\">Micro-ondes<\/span><\/a><\/p>\n\t\t\t\t\t\t<\/div>\n\t\t\t\t<\/div>\n\t\t\t\t<\/div>\n\t\t<div class=\"elementor-element elementor-element-358159d5 e-con-full e-flex e-con e-child\" data-id=\"358159d5\" data-element_type=\"container\">\n\t\t\t\t<div class=\"elementor-element elementor-element-3ee8782a elementor-widget elementor-widget-text-editor\" data-id=\"3ee8782a\" data-element_type=\"widget\" data-widget_type=\"text-editor.default\">\n\t\t\t\t<div class=\"elementor-widget-container\">\n\t\t\t\t\t\t\t<p style=\"text-align: center;\"><a href=\"https:\/\/decoluxe.es\/fr\/lave-vaisselle\/\"><span style=\"color: #808080;\">Lave-vaisselle<\/span><\/a><\/p>\n\t\t\t\t\t\t<\/div>\n\t\t\t\t<\/div>\n\t\t\t\t<\/div>\n\t\t\t\t\t<\/div>\n\t\t\t\t<\/div>\n\t\t<div class=\"elementor-element elementor-element-70bd08c4 e-flex e-con-boxed e-con e-child\" data-id=\"70bd08c4\" data-element_type=\"container\" data-settings=\"{&quot;background_background&quot;:&quot;classic&quot;}\">\n\t\t\t\t\t<div class=\"e-con-inner\">\n\t\t\t\t<div class=\"elementor-element elementor-element-595ad0dc elementor-widget elementor-widget-spacer\" data-id=\"595ad0dc\" data-element_type=\"widget\" data-widget_type=\"spacer.default\">\n\t\t\t\t<div class=\"elementor-widget-container\">\n\t\t\t\t\t<div class=\"elementor-spacer\">\n\t\t\t<div class=\"elementor-spacer-inner\"><\/div>\n\t\t<\/div>\n\t\t\t\t<\/div>\n\t\t\t\t<\/div>\n\t\t\t\t\t<\/div>\n\t\t\t\t<\/div>\n\t\t\t\t<\/div>\n\t\t\t\t<\/div>\n\t\t","protected":false},"excerpt":{"rendered":"<p>r\u00e9frig\u00e9rateurs Pr\u00e9servez la fra\u00eecheur et l&rsquo;\u00e9l\u00e9gance dans votre cuisine gr\u00e2ce \u00e0 nos r\u00e9frig\u00e9rateurs de pointe. Con\u00e7us pour \u00eatre bien plus que de simples appareils, ils sont la fusion parfaite de la technologie de pointe et d&rsquo;un style sophistiqu\u00e9. Des r\u00e9frig\u00e9rateurs intelligents qui s&rsquo;adaptent \u00e0 votre vie aux options de design qui embellissent votre espace, notre [&hellip;]<\/p>\n","protected":false},"author":3,"featured_media":0,"parent":0,"menu_order":0,"comment_status":"closed","ping_status":"closed","template":"elementor_header_footer","meta":{"footnotes":""},"class_list":["post-25210","page","type-page","status-publish","hentry"],"aioseo_notices":[],"_links":{"self":[{"href":"https:\/\/decoluxeinteriordesign.com\/fr\/wp-json\/wp\/v2\/pages\/25210","targetHints":{"allow":["GET"]}}],"collection":[{"href":"https:\/\/decoluxeinteriordesign.com\/fr\/wp-json\/wp\/v2\/pages"}],"about":[{"href":"https:\/\/decoluxeinteriordesign.com\/fr\/wp-json\/wp\/v2\/types\/page"}],"author":[{"embeddable":true,"href":"https:\/\/decoluxeinteriordesign.com\/fr\/wp-json\/wp\/v2\/users\/3"}],"replies":[{"embeddable":true,"href":"https:\/\/decoluxeinteriordesign.com\/fr\/wp-json\/wp\/v2\/comments?post=25210"}],"version-history":[{"count":6,"href":"https:\/\/decoluxeinteriordesign.com\/fr\/wp-json\/wp\/v2\/pages\/25210\/revisions"}],"predecessor-version":[{"id":27354,"href":"https:\/\/decoluxeinteriordesign.com\/fr\/wp-json\/wp\/v2\/pages\/25210\/revisions\/27354"}],"wp:attachment":[{"href":"https:\/\/decoluxeinteriordesign.com\/fr\/wp-json\/wp\/v2\/media?parent=25210"}],"curies":[{"name":"wp","href":"https:\/\/api.w.org\/{rel}","templated":true}]}}