{"id":14900,"date":"2023-11-02T12:44:23","date_gmt":"2023-11-02T12:44:23","guid":{"rendered":"https:\/\/decoluxe.es\/gazon-artificiel\/"},"modified":"2024-04-15T12:06:07","modified_gmt":"2024-04-15T12:06:07","slug":"gazon-artificiel","status":"publish","type":"page","link":"https:\/\/decoluxeinteriordesign.com\/fr\/gazon-artificiel\/","title":{"rendered":"Gazon artificiel"},"content":{"rendered":"\t\t<div data-elementor-type=\"wp-page\" data-elementor-id=\"14900\" class=\"elementor elementor-14900 elementor-12517\" data-elementor-post-type=\"page\">\n\t\t\t\t<div class=\"elementor-element elementor-element-4f496f9 e-flex e-con-boxed e-con e-parent\" data-id=\"4f496f9\" data-element_type=\"container\" data-settings=\"{&quot;background_background&quot;:&quot;classic&quot;}\">\n\t\t\t\t\t<div class=\"e-con-inner\">\n\t\t<div class=\"elementor-element elementor-element-58e9d144 e-con-full e-flex e-con e-child\" data-id=\"58e9d144\" data-element_type=\"container\">\n\t\t\t\t<div class=\"elementor-element elementor-element-5e00f0bd elementor-widget elementor-widget-image\" data-id=\"5e00f0bd\" data-element_type=\"widget\" data-widget_type=\"image.default\">\n\t\t\t\t<div class=\"elementor-widget-container\">\n\t\t\t\t\t\t\t\t\t\t\t\t\t<img fetchpriority=\"high\" decoding=\"async\" width=\"1200\" height=\"675\" src=\"https:\/\/decoluxeinteriordesign.com\/wp-content\/uploads\/2023\/11\/COSTA-2.jpg\" class=\"attachment-full size-full wp-image-12497\" alt=\"\" srcset=\"https:\/\/decoluxeinteriordesign.com\/wp-content\/uploads\/2023\/11\/COSTA-2.jpg 1200w, https:\/\/decoluxeinteriordesign.com\/wp-content\/uploads\/2023\/11\/COSTA-2-300x169.jpg 300w, https:\/\/decoluxeinteriordesign.com\/wp-content\/uploads\/2023\/11\/COSTA-2-1024x576.jpg 1024w, https:\/\/decoluxeinteriordesign.com\/wp-content\/uploads\/2023\/11\/COSTA-2-768x432.jpg 768w\" sizes=\"(max-width: 1200px) 100vw, 1200px\" \/>\t\t\t\t\t\t\t\t\t\t\t\t\t<\/div>\n\t\t\t\t<\/div>\n\t\t\t\t<\/div>\n\t\t<div class=\"elementor-element elementor-element-672d3264 e-con-full e-flex e-con e-child\" data-id=\"672d3264\" data-element_type=\"container\" data-settings=\"{&quot;background_background&quot;:&quot;classic&quot;}\">\n\t\t<div class=\"elementor-element elementor-element-21b07c13 e-flex e-con-boxed e-con e-child\" data-id=\"21b07c13\" data-element_type=\"container\">\n\t\t\t\t\t<div class=\"e-con-inner\">\n\t\t\t\t<div class=\"elementor-element elementor-element-3d58791d elementor-widget__width-auto elementor-hidden-tablet elementor-hidden-mobile elementor-widget elementor-widget-image\" data-id=\"3d58791d\" data-element_type=\"widget\" data-widget_type=\"image.default\">\n\t\t\t\t<div class=\"elementor-widget-container\">\n\t\t\t\t\t\t\t\t\t\t\t\t\t<img decoding=\"async\" width=\"60\" height=\"60\" src=\"https:\/\/decoluxeinteriordesign.com\/wp-content\/uploads\/2023\/09\/punto.png\" class=\"attachment-large size-large wp-image-184\" alt=\"\" \/>\t\t\t\t\t\t\t\t\t\t\t\t\t<\/div>\n\t\t\t\t<\/div>\n\t\t\t\t<div class=\"elementor-element elementor-element-54a45d64 elementor-widget__width-auto elementor-widget elementor-widget-heading\" data-id=\"54a45d64\" data-element_type=\"widget\" data-widget_type=\"heading.default\">\n\t\t\t\t<div class=\"elementor-widget-container\">\n\t\t\t<h1 class=\"elementor-heading-title elementor-size-default\">herbe<br><span style=\"font-weight:300\">artificiel<\/span><\/h1>\t\t<\/div>\n\t\t\t\t<\/div>\n\t\t\t\t\t<\/div>\n\t\t\t\t<\/div>\n\t\t\t\t<div class=\"elementor-element elementor-element-359e19aa elementor-widget elementor-widget-text-editor\" data-id=\"359e19aa\" data-element_type=\"widget\" data-widget_type=\"text-editor.default\">\n\t\t\t\t<div class=\"elementor-widget-container\">\n\t\t\t\t\t\t\t<p><span>Plongez dans la s\u00e9r\u00e9nit\u00e9 d&rsquo;un jardin \u00e9ternellement vert gr\u00e2ce \u00e0 notre gazon artificiel de haute qualit\u00e9.  <\/span><span>Chaque lame est m\u00e9ticuleusement con\u00e7ue pour refl\u00e9ter la beaut\u00e9 naturelle de l&rsquo;herbe, offrant un tapis vert luxuriant qui dure dans n&rsquo;importe quel climat.  <\/span><span>Avec une durabilit\u00e9 et un r\u00e9alisme in\u00e9gal\u00e9s, notre gazon artificiel devient une toile de tranquillit\u00e9 et de confort dans votre maison.  <\/span><span>Oubliez l&rsquo;arrosage constant et les soins intensifs ;  <\/span><span>Le gazon artificiel est le choix id\u00e9al pour un jardin toujours radieux et sans souci.  <\/span><span>D\u00e9couvrez la magie d&rsquo;un espace ext\u00e9rieur parfait en toute saison et faites de votre jardin une ode \u00e0 la beaut\u00e9 sans effort.<\/span><\/p>\n\t\t\t\t\t\t<\/div>\n\t\t\t\t<\/div>\n\t\t\t\t<div class=\"elementor-element elementor-element-522081ae elementor-view-default elementor-widget elementor-widget-icon\" data-id=\"522081ae\" data-element_type=\"widget\" data-widget_type=\"icon.default\">\n\t\t\t\t<div class=\"elementor-widget-container\">\n\t\t\t\t\t<div class=\"elementor-icon-wrapper\">\n\t\t\t<div class=\"elementor-icon\">\n\t\t\t<i aria-hidden=\"true\" class=\"fas fa-chevron-down\"><\/i>\t\t\t<\/div>\n\t\t<\/div>\n\t\t\t\t<\/div>\n\t\t\t\t<\/div>\n\t\t\t\t<\/div>\n\t\t\t\t\t<\/div>\n\t\t\t\t<\/div>\n\t\t<div class=\"elementor-element elementor-element-2e2e02e2 e-con-full e-flex e-con e-parent\" data-id=\"2e2e02e2\" data-element_type=\"container\">\n\t\t\t\t<div class=\"elementor-element elementor-element-dd2f47f elementor-widget elementor-widget-gallery\" data-id=\"dd2f47f\" data-element_type=\"widget\" data-settings=\"{&quot;gap&quot;:{&quot;unit&quot;:&quot;px&quot;,&quot;size&quot;:1,&quot;sizes&quot;:[]},&quot;aspect_ratio&quot;:&quot;1:1&quot;,&quot;overlay_title&quot;:&quot;caption&quot;,&quot;lazyload&quot;:&quot;yes&quot;,&quot;gallery_layout&quot;:&quot;grid&quot;,&quot;columns&quot;:4,&quot;columns_tablet&quot;:2,&quot;columns_mobile&quot;:1,&quot;gap_tablet&quot;:{&quot;unit&quot;:&quot;px&quot;,&quot;size&quot;:10,&quot;sizes&quot;:[]},&quot;gap_mobile&quot;:{&quot;unit&quot;:&quot;px&quot;,&quot;size&quot;:10,&quot;sizes&quot;:[]},&quot;link_to&quot;:&quot;file&quot;,&quot;overlay_background&quot;:&quot;yes&quot;,&quot;content_hover_animation&quot;:&quot;fade-in&quot;}\" data-widget_type=\"gallery.default\">\n\t\t\t\t<div class=\"elementor-widget-container\">\n\t\t\t\t\t<div class=\"elementor-gallery__container\">\n\t\t\t\t\t\t\t<a class=\"e-gallery-item elementor-gallery-item elementor-animated-content\" href=\"https:\/\/decoluxeinteriordesign.com\/wp-content\/uploads\/2023\/11\/TERRACE.jpg\" data-elementor-open-lightbox=\"yes\" data-elementor-lightbox-slideshow=\"dd2f47f\" data-elementor-lightbox-title=\"TERRACE\" data-e-action-hash=\"#elementor-action%3Aaction%3Dlightbox%26settings%3DeyJpZCI6MTI1MTMsInVybCI6Imh0dHBzOlwvXC9kZWNvbHV4ZWludGVyaW9yZGVzaWduLmNvbVwvd3AtY29udGVudFwvdXBsb2Fkc1wvMjAyM1wvMTFcL1RFUlJBQ0UuanBnIiwic2xpZGVzaG93IjoiZGQyZjQ3ZiJ9\">\n\t\t\t\t\t<div class=\"e-gallery-image elementor-gallery-item__image\" data-thumbnail=\"https:\/\/decoluxeinteriordesign.com\/wp-content\/uploads\/2023\/11\/TERRACE.jpg\" data-width=\"1152\" data-height=\"768\" aria-label=\"\" role=\"img\" ><\/div>\n\t\t\t\t\t\t\t\t\t\t\t<div class=\"elementor-gallery-item__overlay\"><\/div>\n\t\t\t\t\t\t\t\t\t\t\t\t\t\t\t<div class=\"elementor-gallery-item__content\">\n\t\t\t\t\t\t\t\t\t\t\t\t\t\t<div class=\"elementor-gallery-item__title\">\n\t\t\t\t\t\t\t\t\t\t\t\t\t\t\t\t\t\tTERRACE\t\t\t\t\t\t\t\t<\/div>\n\t\t\t\t\t\t\t\t\t\t\t\t<\/div>\n\t\t\t\t\t\t\t\t\t<\/a>\n\t\t\t\t\t\t\t<a class=\"e-gallery-item elementor-gallery-item elementor-animated-content\" href=\"https:\/\/decoluxeinteriordesign.com\/wp-content\/uploads\/2023\/11\/TERRACE-2.jpg\" data-elementor-open-lightbox=\"yes\" data-elementor-lightbox-slideshow=\"dd2f47f\" data-elementor-lightbox-title=\"TERRACE\" data-e-action-hash=\"#elementor-action%3Aaction%3Dlightbox%26settings%3DeyJpZCI6MTI1MDksInVybCI6Imh0dHBzOlwvXC9kZWNvbHV4ZWludGVyaW9yZGVzaWduLmNvbVwvd3AtY29udGVudFwvdXBsb2Fkc1wvMjAyM1wvMTFcL1RFUlJBQ0UtMi5qcGciLCJzbGlkZXNob3ciOiJkZDJmNDdmIn0%3D\">\n\t\t\t\t\t<div class=\"e-gallery-image elementor-gallery-item__image\" data-thumbnail=\"https:\/\/decoluxeinteriordesign.com\/wp-content\/uploads\/2023\/11\/TERRACE-2.jpg\" data-width=\"1152\" data-height=\"768\" aria-label=\"\" role=\"img\" ><\/div>\n\t\t\t\t\t\t\t\t\t\t\t<div class=\"elementor-gallery-item__overlay\"><\/div>\n\t\t\t\t\t\t\t\t\t\t\t\t\t\t\t<div class=\"elementor-gallery-item__content\">\n\t\t\t\t\t\t\t\t\t\t\t\t\t\t<div class=\"elementor-gallery-item__title\">\n\t\t\t\t\t\t\t\t\t\t\t\t\t\t\t\t\t\tTERRACE\t\t\t\t\t\t\t\t<\/div>\n\t\t\t\t\t\t\t\t\t\t\t\t<\/div>\n\t\t\t\t\t\t\t\t\t<\/a>\n\t\t\t\t\t\t\t<a class=\"e-gallery-item elementor-gallery-item elementor-animated-content\" href=\"https:\/\/decoluxeinteriordesign.com\/wp-content\/uploads\/2023\/11\/COSTA.jpg\" data-elementor-open-lightbox=\"yes\" data-elementor-lightbox-slideshow=\"dd2f47f\" data-elementor-lightbox-title=\"COSTA\" data-e-action-hash=\"#elementor-action%3Aaction%3Dlightbox%26settings%3DeyJpZCI6MTI1MDEsInVybCI6Imh0dHBzOlwvXC9kZWNvbHV4ZWludGVyaW9yZGVzaWduLmNvbVwvd3AtY29udGVudFwvdXBsb2Fkc1wvMjAyM1wvMTFcL0NPU1RBLmpwZyIsInNsaWRlc2hvdyI6ImRkMmY0N2YifQ%3D%3D\">\n\t\t\t\t\t<div class=\"e-gallery-image elementor-gallery-item__image\" data-thumbnail=\"https:\/\/decoluxeinteriordesign.com\/wp-content\/uploads\/2023\/11\/COSTA.jpg\" data-width=\"800\" data-height=\"1200\" aria-label=\"\" role=\"img\" ><\/div>\n\t\t\t\t\t\t\t\t\t\t\t<div class=\"elementor-gallery-item__overlay\"><\/div>\n\t\t\t\t\t\t\t\t\t\t\t\t\t\t\t<div class=\"elementor-gallery-item__content\">\n\t\t\t\t\t\t\t\t\t\t\t\t\t\t<div class=\"elementor-gallery-item__title\">\n\t\t\t\t\t\t\t\t\t\t\t\t\t\t\t\t\t\tCOSTA\t\t\t\t\t\t\t\t<\/div>\n\t\t\t\t\t\t\t\t\t\t\t\t<\/div>\n\t\t\t\t\t\t\t\t\t<\/a>\n\t\t\t\t\t\t\t<a class=\"e-gallery-item elementor-gallery-item elementor-animated-content\" href=\"https:\/\/decoluxeinteriordesign.com\/wp-content\/uploads\/2023\/11\/OASIS.jpg\" data-elementor-open-lightbox=\"yes\" data-elementor-lightbox-slideshow=\"dd2f47f\" data-elementor-lightbox-title=\"OASIS\" data-e-action-hash=\"#elementor-action%3Aaction%3Dlightbox%26settings%3DeyJpZCI6MTI1MDUsInVybCI6Imh0dHBzOlwvXC9kZWNvbHV4ZWludGVyaW9yZGVzaWduLmNvbVwvd3AtY29udGVudFwvdXBsb2Fkc1wvMjAyM1wvMTFcL09BU0lTLmpwZyIsInNsaWRlc2hvdyI6ImRkMmY0N2YifQ%3D%3D\">\n\t\t\t\t\t<div class=\"e-gallery-image elementor-gallery-item__image\" data-thumbnail=\"https:\/\/decoluxeinteriordesign.com\/wp-content\/uploads\/2023\/11\/OASIS.jpg\" data-width=\"1364\" data-height=\"768\" aria-label=\"\" role=\"img\" ><\/div>\n\t\t\t\t\t\t\t\t\t\t\t<div class=\"elementor-gallery-item__overlay\"><\/div>\n\t\t\t\t\t\t\t\t\t\t\t\t\t\t\t<div class=\"elementor-gallery-item__content\">\n\t\t\t\t\t\t\t\t\t\t\t\t\t\t<div class=\"elementor-gallery-item__title\">\n\t\t\t\t\t\t\t\t\t\t\t\t\t\t\t\t\t\tOASIS\t\t\t\t\t\t\t\t<\/div>\n\t\t\t\t\t\t\t\t\t\t\t\t<\/div>\n\t\t\t\t\t\t\t\t\t<\/a>\n\t\t\t\t\t\t\t<a class=\"e-gallery-item elementor-gallery-item elementor-animated-content\" href=\"https:\/\/decoluxeinteriordesign.com\/wp-content\/uploads\/2023\/11\/COSTA-2.jpg\" data-elementor-open-lightbox=\"yes\" data-elementor-lightbox-slideshow=\"dd2f47f\" data-elementor-lightbox-title=\"COSTA\" data-e-action-hash=\"#elementor-action%3Aaction%3Dlightbox%26settings%3DeyJpZCI6MTI0OTcsInVybCI6Imh0dHBzOlwvXC9kZWNvbHV4ZWludGVyaW9yZGVzaWduLmNvbVwvd3AtY29udGVudFwvdXBsb2Fkc1wvMjAyM1wvMTFcL0NPU1RBLTIuanBnIiwic2xpZGVzaG93IjoiZGQyZjQ3ZiJ9\">\n\t\t\t\t\t<div class=\"e-gallery-image elementor-gallery-item__image\" data-thumbnail=\"https:\/\/decoluxeinteriordesign.com\/wp-content\/uploads\/2023\/11\/COSTA-2.jpg\" data-width=\"1200\" data-height=\"675\" aria-label=\"\" role=\"img\" ><\/div>\n\t\t\t\t\t\t\t\t\t\t\t<div class=\"elementor-gallery-item__overlay\"><\/div>\n\t\t\t\t\t\t\t\t\t\t\t\t\t\t\t<div class=\"elementor-gallery-item__content\">\n\t\t\t\t\t\t\t\t\t\t\t\t\t\t<div class=\"elementor-gallery-item__title\">\n\t\t\t\t\t\t\t\t\t\t\t\t\t\t\t\t\t\tCOSTA\t\t\t\t\t\t\t\t<\/div>\n\t\t\t\t\t\t\t\t\t\t\t\t<\/div>\n\t\t\t\t\t\t\t\t\t<\/a>\n\t\t\t\t\t\t\t<a class=\"e-gallery-item elementor-gallery-item elementor-animated-content\" href=\"https:\/\/decoluxeinteriordesign.com\/wp-content\/uploads\/2023\/11\/cesped-artificial-para-piscina-01.jpg\" data-elementor-open-lightbox=\"yes\" data-elementor-lightbox-slideshow=\"dd2f47f\" data-elementor-lightbox-title=\"OASIS\" data-e-action-hash=\"#elementor-action%3Aaction%3Dlightbox%26settings%3DeyJpZCI6MTI0OTMsInVybCI6Imh0dHBzOlwvXC9kZWNvbHV4ZWludGVyaW9yZGVzaWduLmNvbVwvd3AtY29udGVudFwvdXBsb2Fkc1wvMjAyM1wvMTFcL2Nlc3BlZC1hcnRpZmljaWFsLXBhcmEtcGlzY2luYS0wMS5qcGciLCJzbGlkZXNob3ciOiJkZDJmNDdmIn0%3D\">\n\t\t\t\t\t<div class=\"e-gallery-image elementor-gallery-item__image\" data-thumbnail=\"https:\/\/decoluxeinteriordesign.com\/wp-content\/uploads\/2023\/11\/cesped-artificial-para-piscina-01.jpg\" data-width=\"961\" data-height=\"591\" aria-label=\"\" role=\"img\" ><\/div>\n\t\t\t\t\t\t\t\t\t\t\t<div class=\"elementor-gallery-item__overlay\"><\/div>\n\t\t\t\t\t\t\t\t\t\t\t\t\t\t\t<div class=\"elementor-gallery-item__content\">\n\t\t\t\t\t\t\t\t\t\t\t\t\t\t<div class=\"elementor-gallery-item__title\">\n\t\t\t\t\t\t\t\t\t\t\t\t\t\t\t\t\t\tOASIS\t\t\t\t\t\t\t\t<\/div>\n\t\t\t\t\t\t\t\t\t\t\t\t<\/div>\n\t\t\t\t\t\t\t\t\t<\/a>\n\t\t\t\t\t\t\t<a class=\"e-gallery-item elementor-gallery-item elementor-animated-content\" href=\"https:\/\/decoluxeinteriordesign.com\/wp-content\/uploads\/2023\/11\/BASICPLUS-2.jpg\" data-elementor-open-lightbox=\"yes\" data-elementor-lightbox-slideshow=\"dd2f47f\" data-elementor-lightbox-title=\"BASICPLUS \" data-e-action-hash=\"#elementor-action%3Aaction%3Dlightbox%26settings%3DeyJpZCI6MTI0ODUsInVybCI6Imh0dHBzOlwvXC9kZWNvbHV4ZWludGVyaW9yZGVzaWduLmNvbVwvd3AtY29udGVudFwvdXBsb2Fkc1wvMjAyM1wvMTFcL0JBU0lDUExVUy0yLmpwZyIsInNsaWRlc2hvdyI6ImRkMmY0N2YifQ%3D%3D\">\n\t\t\t\t\t<div class=\"e-gallery-image elementor-gallery-item__image\" data-thumbnail=\"https:\/\/decoluxeinteriordesign.com\/wp-content\/uploads\/2023\/11\/BASICPLUS-2.jpg\" data-width=\"700\" data-height=\"700\" aria-label=\"\" role=\"img\" ><\/div>\n\t\t\t\t\t\t\t\t\t\t\t<div class=\"elementor-gallery-item__overlay\"><\/div>\n\t\t\t\t\t\t\t\t\t\t\t\t\t\t\t<div class=\"elementor-gallery-item__content\">\n\t\t\t\t\t\t\t\t\t\t\t\t\t\t<div class=\"elementor-gallery-item__title\">\n\t\t\t\t\t\t\t\t\t\t\t\t\t\t\t\t\t\tBASICPLUS \t\t\t\t\t\t\t\t<\/div>\n\t\t\t\t\t\t\t\t\t\t\t\t<\/div>\n\t\t\t\t\t\t\t\t\t<\/a>\n\t\t\t\t\t\t\t<a class=\"e-gallery-item elementor-gallery-item elementor-animated-content\" href=\"https:\/\/decoluxeinteriordesign.com\/wp-content\/uploads\/2023\/11\/BASICPLUS.jpg\" data-elementor-open-lightbox=\"yes\" data-elementor-lightbox-slideshow=\"dd2f47f\" data-elementor-lightbox-title=\"BASICPLUS\" data-e-action-hash=\"#elementor-action%3Aaction%3Dlightbox%26settings%3DeyJpZCI6MTI0ODksInVybCI6Imh0dHBzOlwvXC9kZWNvbHV4ZWludGVyaW9yZGVzaWduLmNvbVwvd3AtY29udGVudFwvdXBsb2Fkc1wvMjAyM1wvMTFcL0JBU0lDUExVUy5qcGciLCJzbGlkZXNob3ciOiJkZDJmNDdmIn0%3D\">\n\t\t\t\t\t<div class=\"e-gallery-image elementor-gallery-item__image\" data-thumbnail=\"https:\/\/decoluxeinteriordesign.com\/wp-content\/uploads\/2023\/11\/BASICPLUS.jpg\" data-width=\"1200\" data-height=\"1600\" aria-label=\"\" role=\"img\" ><\/div>\n\t\t\t\t\t\t\t\t\t\t\t<div class=\"elementor-gallery-item__overlay\"><\/div>\n\t\t\t\t\t\t\t\t\t\t\t\t\t\t\t<div class=\"elementor-gallery-item__content\">\n\t\t\t\t\t\t\t\t\t\t\t\t\t\t<div class=\"elementor-gallery-item__title\">\n\t\t\t\t\t\t\t\t\t\t\t\t\t\t\t\t\t\tBASICPLUS\t\t\t\t\t\t\t\t<\/div>\n\t\t\t\t\t\t\t\t\t\t\t\t<\/div>\n\t\t\t\t\t\t\t\t\t<\/a>\n\t\t\t\t\t<\/div>\n\t\t\t<\/div>\n\t\t\t\t<\/div>\n\t\t\t\t<\/div>\n\t\t\t\t<\/div>\n\t\t","protected":false},"excerpt":{"rendered":"<p>herbeartificiel Plongez dans la s\u00e9r\u00e9nit\u00e9 d&rsquo;un jardin \u00e9ternellement vert gr\u00e2ce \u00e0 notre gazon artificiel de haute qualit\u00e9. Chaque lame est m\u00e9ticuleusement con\u00e7ue pour refl\u00e9ter la beaut\u00e9 naturelle de l&rsquo;herbe, offrant un tapis vert luxuriant qui dure dans n&rsquo;importe quel climat. Avec une durabilit\u00e9 et un r\u00e9alisme in\u00e9gal\u00e9s, notre gazon artificiel devient une toile de tranquillit\u00e9 [&hellip;]<\/p>\n","protected":false},"author":3,"featured_media":0,"parent":0,"menu_order":0,"comment_status":"closed","ping_status":"closed","template":"elementor_header_footer","meta":{"footnotes":""},"class_list":["post-14900","page","type-page","status-publish","hentry"],"aioseo_notices":[],"_links":{"self":[{"href":"https:\/\/decoluxeinteriordesign.com\/fr\/wp-json\/wp\/v2\/pages\/14900","targetHints":{"allow":["GET"]}}],"collection":[{"href":"https:\/\/decoluxeinteriordesign.com\/fr\/wp-json\/wp\/v2\/pages"}],"about":[{"href":"https:\/\/decoluxeinteriordesign.com\/fr\/wp-json\/wp\/v2\/types\/page"}],"author":[{"embeddable":true,"href":"https:\/\/decoluxeinteriordesign.com\/fr\/wp-json\/wp\/v2\/users\/3"}],"replies":[{"embeddable":true,"href":"https:\/\/decoluxeinteriordesign.com\/fr\/wp-json\/wp\/v2\/comments?post=14900"}],"version-history":[{"count":4,"href":"https:\/\/decoluxeinteriordesign.com\/fr\/wp-json\/wp\/v2\/pages\/14900\/revisions"}],"predecessor-version":[{"id":27309,"href":"https:\/\/decoluxeinteriordesign.com\/fr\/wp-json\/wp\/v2\/pages\/14900\/revisions\/27309"}],"wp:attachment":[{"href":"https:\/\/decoluxeinteriordesign.com\/fr\/wp-json\/wp\/v2\/media?parent=14900"}],"curies":[{"name":"wp","href":"https:\/\/api.w.org\/{rel}","templated":true}]}}