{"id":14886,"date":"2023-10-26T09:05:58","date_gmt":"2023-10-26T09:05:58","guid":{"rendered":"https:\/\/decoluxe.es\/soto-de-la-moraleja-housing\/"},"modified":"2024-04-15T12:06:18","modified_gmt":"2024-04-15T12:06:18","slug":"soto-de-la-moraleja-housing","status":"publish","type":"page","link":"https:\/\/decoluxeinteriordesign.com\/fr\/soto-de-la-moraleja-housing\/","title":{"rendered":"Soto de la moraleja Housing"},"content":{"rendered":"\t\t<div data-elementor-type=\"wp-page\" data-elementor-id=\"14886\" class=\"elementor elementor-14886 elementor-10217\" data-elementor-post-type=\"page\">\n\t\t\t\t<div class=\"elementor-element elementor-element-276a7649 e-flex e-con-boxed e-con e-parent\" data-id=\"276a7649\" data-element_type=\"container\">\n\t\t\t\t\t<div class=\"e-con-inner\">\n\t\t<div class=\"elementor-element elementor-element-6fde32cf e-flex e-con-boxed e-con e-child\" data-id=\"6fde32cf\" data-element_type=\"container\">\n\t\t\t\t\t<div class=\"e-con-inner\">\n\t\t<div class=\"elementor-element elementor-element-502cd0ed e-con-full e-flex e-con e-child\" data-id=\"502cd0ed\" data-element_type=\"container\">\n\t\t\t\t<div class=\"elementor-element elementor-element-742554be elementor-widget elementor-widget-heading\" data-id=\"742554be\" data-element_type=\"widget\" data-widget_type=\"heading.default\">\n\t\t\t\t<div class=\"elementor-widget-container\">\n\t\t\t<h2 class=\"elementor-heading-title elementor-size-xxl\">Logement\n<\/h2>\t\t<\/div>\n\t\t\t\t<\/div>\n\t\t\t\t<div class=\"elementor-element elementor-element-4dbc7f4d elementor-widget elementor-widget-heading\" data-id=\"4dbc7f4d\" data-element_type=\"widget\" data-widget_type=\"heading.default\">\n\t\t\t\t<div class=\"elementor-widget-container\">\n\t\t\t<h2 class=\"elementor-heading-title elementor-size-xxl\">SOTO DE LA MORALEJA<\/h2>\t\t<\/div>\n\t\t\t\t<\/div>\n\t\t\t\t<div class=\"elementor-element elementor-element-e5cbfbd elementor-widget elementor-widget-text-editor\" data-id=\"e5cbfbd\" data-element_type=\"widget\" data-widget_type=\"text-editor.default\">\n\t\t\t\t<div class=\"elementor-widget-container\">\n\t\t\t\t\t\t\t<p>Logement contemporain caract\u00e9ris\u00e9 par son design et son style moderne, refl\u00e9tant les tendances actuelles, mettant en valeur des mat\u00e9riaux naturels sur les murs, et des pi\u00e8ces de mobilier uniques.  <\/p>\n\t\t\t\t\t\t<\/div>\n\t\t\t\t<\/div>\n\t\t\t\t<div class=\"elementor-element elementor-element-2ab33251 elementor-view-default elementor-widget elementor-widget-icon\" data-id=\"2ab33251\" data-element_type=\"widget\" data-widget_type=\"icon.default\">\n\t\t\t\t<div class=\"elementor-widget-container\">\n\t\t\t\t\t<div class=\"elementor-icon-wrapper\">\n\t\t\t<div class=\"elementor-icon\">\n\t\t\t<i aria-hidden=\"true\" class=\"fas fa-chevron-down\"><\/i>\t\t\t<\/div>\n\t\t<\/div>\n\t\t\t\t<\/div>\n\t\t\t\t<\/div>\n\t\t\t\t<\/div>\n\t\t<div class=\"elementor-element elementor-element-aec98ab e-con-full e-flex e-con e-child\" data-id=\"aec98ab\" data-element_type=\"container\">\n\t\t\t\t<div class=\"elementor-element elementor-element-73d952a7 elementor-widget elementor-widget-image\" data-id=\"73d952a7\" data-element_type=\"widget\" data-widget_type=\"image.default\">\n\t\t\t\t<div class=\"elementor-widget-container\">\n\t\t\t\t\t\t\t\t\t\t\t\t\t<img fetchpriority=\"high\" decoding=\"async\" width=\"1440\" height=\"960\" src=\"https:\/\/decoluxeinteriordesign.com\/wp-content\/uploads\/2023\/10\/1.-Kerria-38_081.jpg\" class=\"attachment-full size-full wp-image-10213\" alt=\"\" srcset=\"https:\/\/decoluxeinteriordesign.com\/wp-content\/uploads\/2023\/10\/1.-Kerria-38_081.jpg 1440w, https:\/\/decoluxeinteriordesign.com\/wp-content\/uploads\/2023\/10\/1.-Kerria-38_081-300x200.jpg 300w, https:\/\/decoluxeinteriordesign.com\/wp-content\/uploads\/2023\/10\/1.-Kerria-38_081-1024x683.jpg 1024w, https:\/\/decoluxeinteriordesign.com\/wp-content\/uploads\/2023\/10\/1.-Kerria-38_081-768x512.jpg 768w\" sizes=\"(max-width: 1440px) 100vw, 1440px\" \/>\t\t\t\t\t\t\t\t\t\t\t\t\t<\/div>\n\t\t\t\t<\/div>\n\t\t\t\t<\/div>\n\t\t\t\t\t<\/div>\n\t\t\t\t<\/div>\n\t\t\t\t\t<\/div>\n\t\t\t\t<\/div>\n\t\t<div class=\"elementor-element elementor-element-2bb03a4e e-flex e-con-boxed e-con e-parent\" data-id=\"2bb03a4e\" data-element_type=\"container\">\n\t\t\t\t\t<div class=\"e-con-inner\">\n\t\t\t\t\t<\/div>\n\t\t\t\t<\/div>\n\t\t<div class=\"elementor-element elementor-element-d9995aa e-con-full e-flex e-con e-parent\" data-id=\"d9995aa\" data-element_type=\"container\">\n\t\t<div class=\"elementor-element elementor-element-15f57958 e-con-full e-flex e-con e-child\" data-id=\"15f57958\" data-element_type=\"container\">\n\t\t\t\t<div class=\"elementor-element elementor-element-6ccdeaf elementor-widget elementor-widget-gallery\" data-id=\"6ccdeaf\" data-element_type=\"widget\" data-settings=\"{&quot;aspect_ratio&quot;:&quot;1:1&quot;,&quot;gap&quot;:{&quot;unit&quot;:&quot;px&quot;,&quot;size&quot;:1,&quot;sizes&quot;:[]},&quot;lazyload&quot;:&quot;yes&quot;,&quot;gallery_layout&quot;:&quot;grid&quot;,&quot;columns&quot;:4,&quot;columns_tablet&quot;:2,&quot;columns_mobile&quot;:1,&quot;gap_tablet&quot;:{&quot;unit&quot;:&quot;px&quot;,&quot;size&quot;:10,&quot;sizes&quot;:[]},&quot;gap_mobile&quot;:{&quot;unit&quot;:&quot;px&quot;,&quot;size&quot;:10,&quot;sizes&quot;:[]},&quot;link_to&quot;:&quot;file&quot;,&quot;overlay_background&quot;:&quot;yes&quot;,&quot;content_hover_animation&quot;:&quot;fade-in&quot;}\" data-widget_type=\"gallery.default\">\n\t\t\t\t<div class=\"elementor-widget-container\">\n\t\t\t\t\t<div class=\"elementor-gallery__container\">\n\t\t\t\t\t\t\t<a class=\"e-gallery-item elementor-gallery-item elementor-animated-content\" href=\"https:\/\/decoluxeinteriordesign.com\/wp-content\/uploads\/2023\/10\/13515.jpg\" data-elementor-open-lightbox=\"yes\" data-elementor-lightbox-slideshow=\"6ccdeaf\" data-e-action-hash=\"#elementor-action%3Aaction%3Dlightbox%26settings%3DeyJpZCI6MTAyNTYsInVybCI6Imh0dHBzOlwvXC9kZWNvbHV4ZWludGVyaW9yZGVzaWduLmNvbVwvd3AtY29udGVudFwvdXBsb2Fkc1wvMjAyM1wvMTBcLzEzNTE1LmpwZyIsInNsaWRlc2hvdyI6IjZjY2RlYWYifQ%3D%3D\">\n\t\t\t\t\t<div class=\"e-gallery-image elementor-gallery-item__image\" data-thumbnail=\"https:\/\/decoluxeinteriordesign.com\/wp-content\/uploads\/2023\/10\/13515.jpg\" data-width=\"1440\" data-height=\"959\" aria-label=\"\" role=\"img\" ><\/div>\n\t\t\t\t\t\t\t\t\t\t\t<div class=\"elementor-gallery-item__overlay\"><\/div>\n\t\t\t\t\t\t\t\t\t\t\t\t\t\t<\/a>\n\t\t\t\t\t\t\t<a class=\"e-gallery-item elementor-gallery-item elementor-animated-content\" href=\"https:\/\/decoluxeinteriordesign.com\/wp-content\/uploads\/2023\/10\/13510.jpg\" data-elementor-open-lightbox=\"yes\" data-elementor-lightbox-slideshow=\"6ccdeaf\" data-e-action-hash=\"#elementor-action%3Aaction%3Dlightbox%26settings%3DeyJpZCI6MTAyNTIsInVybCI6Imh0dHBzOlwvXC9kZWNvbHV4ZWludGVyaW9yZGVzaWduLmNvbVwvd3AtY29udGVudFwvdXBsb2Fkc1wvMjAyM1wvMTBcLzEzNTEwLmpwZyIsInNsaWRlc2hvdyI6IjZjY2RlYWYifQ%3D%3D\">\n\t\t\t\t\t<div class=\"e-gallery-image elementor-gallery-item__image\" data-thumbnail=\"https:\/\/decoluxeinteriordesign.com\/wp-content\/uploads\/2023\/10\/13510.jpg\" data-width=\"1440\" data-height=\"1326\" aria-label=\"\" role=\"img\" ><\/div>\n\t\t\t\t\t\t\t\t\t\t\t<div class=\"elementor-gallery-item__overlay\"><\/div>\n\t\t\t\t\t\t\t\t\t\t\t\t\t\t<\/a>\n\t\t\t\t\t\t\t<a class=\"e-gallery-item elementor-gallery-item elementor-animated-content\" href=\"https:\/\/decoluxeinteriordesign.com\/wp-content\/uploads\/2023\/10\/13503.jpg\" data-elementor-open-lightbox=\"yes\" data-elementor-lightbox-slideshow=\"6ccdeaf\" data-e-action-hash=\"#elementor-action%3Aaction%3Dlightbox%26settings%3DeyJpZCI6MTAyNDgsInVybCI6Imh0dHBzOlwvXC9kZWNvbHV4ZWludGVyaW9yZGVzaWduLmNvbVwvd3AtY29udGVudFwvdXBsb2Fkc1wvMjAyM1wvMTBcLzEzNTAzLmpwZyIsInNsaWRlc2hvdyI6IjZjY2RlYWYifQ%3D%3D\">\n\t\t\t\t\t<div class=\"e-gallery-image elementor-gallery-item__image\" data-thumbnail=\"https:\/\/decoluxeinteriordesign.com\/wp-content\/uploads\/2023\/10\/13503.jpg\" data-width=\"835\" data-height=\"561\" aria-label=\"\" role=\"img\" ><\/div>\n\t\t\t\t\t\t\t\t\t\t\t<div class=\"elementor-gallery-item__overlay\"><\/div>\n\t\t\t\t\t\t\t\t\t\t\t\t\t\t<\/a>\n\t\t\t\t\t\t\t<a class=\"e-gallery-item elementor-gallery-item elementor-animated-content\" href=\"https:\/\/decoluxeinteriordesign.com\/wp-content\/uploads\/2023\/10\/13502.jpg\" data-elementor-open-lightbox=\"yes\" data-elementor-lightbox-slideshow=\"6ccdeaf\" data-e-action-hash=\"#elementor-action%3Aaction%3Dlightbox%26settings%3DeyJpZCI6MTAyNDQsInVybCI6Imh0dHBzOlwvXC9kZWNvbHV4ZWludGVyaW9yZGVzaWduLmNvbVwvd3AtY29udGVudFwvdXBsb2Fkc1wvMjAyM1wvMTBcLzEzNTAyLmpwZyIsInNsaWRlc2hvdyI6IjZjY2RlYWYifQ%3D%3D\">\n\t\t\t\t\t<div class=\"e-gallery-image elementor-gallery-item__image\" data-thumbnail=\"https:\/\/decoluxeinteriordesign.com\/wp-content\/uploads\/2023\/10\/13502.jpg\" data-width=\"1364\" data-height=\"908\" aria-label=\"\" role=\"img\" ><\/div>\n\t\t\t\t\t\t\t\t\t\t\t<div class=\"elementor-gallery-item__overlay\"><\/div>\n\t\t\t\t\t\t\t\t\t\t\t\t\t\t<\/a>\n\t\t\t\t\t\t\t<a class=\"e-gallery-item elementor-gallery-item elementor-animated-content\" href=\"https:\/\/decoluxeinteriordesign.com\/wp-content\/uploads\/2023\/10\/13501.jpg\" data-elementor-open-lightbox=\"yes\" data-elementor-lightbox-slideshow=\"6ccdeaf\" data-e-action-hash=\"#elementor-action%3Aaction%3Dlightbox%26settings%3DeyJpZCI6MTAyNDAsInVybCI6Imh0dHBzOlwvXC9kZWNvbHV4ZWludGVyaW9yZGVzaWduLmNvbVwvd3AtY29udGVudFwvdXBsb2Fkc1wvMjAyM1wvMTBcLzEzNTAxLmpwZyIsInNsaWRlc2hvdyI6IjZjY2RlYWYifQ%3D%3D\">\n\t\t\t\t\t<div class=\"e-gallery-image elementor-gallery-item__image\" data-thumbnail=\"https:\/\/decoluxeinteriordesign.com\/wp-content\/uploads\/2023\/10\/13501.jpg\" data-width=\"1364\" data-height=\"908\" aria-label=\"\" role=\"img\" ><\/div>\n\t\t\t\t\t\t\t\t\t\t\t<div class=\"elementor-gallery-item__overlay\"><\/div>\n\t\t\t\t\t\t\t\t\t\t\t\t\t\t<\/a>\n\t\t\t\t\t\t\t<a class=\"e-gallery-item elementor-gallery-item elementor-animated-content\" href=\"https:\/\/decoluxeinteriordesign.com\/wp-content\/uploads\/2023\/10\/13498.jpg\" data-elementor-open-lightbox=\"yes\" data-elementor-lightbox-slideshow=\"6ccdeaf\" data-e-action-hash=\"#elementor-action%3Aaction%3Dlightbox%26settings%3DeyJpZCI6MTAyMzYsInVybCI6Imh0dHBzOlwvXC9kZWNvbHV4ZWludGVyaW9yZGVzaWduLmNvbVwvd3AtY29udGVudFwvdXBsb2Fkc1wvMjAyM1wvMTBcLzEzNDk4LmpwZyIsInNsaWRlc2hvdyI6IjZjY2RlYWYifQ%3D%3D\">\n\t\t\t\t\t<div class=\"e-gallery-image elementor-gallery-item__image\" data-thumbnail=\"https:\/\/decoluxeinteriordesign.com\/wp-content\/uploads\/2023\/10\/13498.jpg\" data-width=\"1440\" data-height=\"960\" aria-label=\"\" role=\"img\" ><\/div>\n\t\t\t\t\t\t\t\t\t\t\t<div class=\"elementor-gallery-item__overlay\"><\/div>\n\t\t\t\t\t\t\t\t\t\t\t\t\t\t<\/a>\n\t\t\t\t\t\t\t<a class=\"e-gallery-item elementor-gallery-item elementor-animated-content\" href=\"https:\/\/decoluxeinteriordesign.com\/wp-content\/uploads\/2023\/10\/13496.jpg\" data-elementor-open-lightbox=\"yes\" data-elementor-lightbox-slideshow=\"6ccdeaf\" data-e-action-hash=\"#elementor-action%3Aaction%3Dlightbox%26settings%3DeyJpZCI6MTAyMzIsInVybCI6Imh0dHBzOlwvXC9kZWNvbHV4ZWludGVyaW9yZGVzaWduLmNvbVwvd3AtY29udGVudFwvdXBsb2Fkc1wvMjAyM1wvMTBcLzEzNDk2LmpwZyIsInNsaWRlc2hvdyI6IjZjY2RlYWYifQ%3D%3D\">\n\t\t\t\t\t<div class=\"e-gallery-image elementor-gallery-item__image\" data-thumbnail=\"https:\/\/decoluxeinteriordesign.com\/wp-content\/uploads\/2023\/10\/13496.jpg\" data-width=\"1440\" data-height=\"960\" aria-label=\"\" role=\"img\" ><\/div>\n\t\t\t\t\t\t\t\t\t\t\t<div class=\"elementor-gallery-item__overlay\"><\/div>\n\t\t\t\t\t\t\t\t\t\t\t\t\t\t<\/a>\n\t\t\t\t\t\t\t<a class=\"e-gallery-item elementor-gallery-item elementor-animated-content\" href=\"https:\/\/decoluxeinteriordesign.com\/wp-content\/uploads\/2023\/10\/13495.jpg\" data-elementor-open-lightbox=\"yes\" data-elementor-lightbox-slideshow=\"6ccdeaf\" data-e-action-hash=\"#elementor-action%3Aaction%3Dlightbox%26settings%3DeyJpZCI6MTAyMjgsInVybCI6Imh0dHBzOlwvXC9kZWNvbHV4ZWludGVyaW9yZGVzaWduLmNvbVwvd3AtY29udGVudFwvdXBsb2Fkc1wvMjAyM1wvMTBcLzEzNDk1LmpwZyIsInNsaWRlc2hvdyI6IjZjY2RlYWYifQ%3D%3D\">\n\t\t\t\t\t<div class=\"e-gallery-image elementor-gallery-item__image\" data-thumbnail=\"https:\/\/decoluxeinteriordesign.com\/wp-content\/uploads\/2023\/10\/13495.jpg\" data-width=\"1440\" data-height=\"960\" aria-label=\"\" role=\"img\" ><\/div>\n\t\t\t\t\t\t\t\t\t\t\t<div class=\"elementor-gallery-item__overlay\"><\/div>\n\t\t\t\t\t\t\t\t\t\t\t\t\t\t<\/a>\n\t\t\t\t\t\t\t<a class=\"e-gallery-item elementor-gallery-item elementor-animated-content\" href=\"https:\/\/decoluxeinteriordesign.com\/wp-content\/uploads\/2023\/10\/13494.jpg\" data-elementor-open-lightbox=\"yes\" data-elementor-lightbox-slideshow=\"6ccdeaf\" data-e-action-hash=\"#elementor-action%3Aaction%3Dlightbox%26settings%3DeyJpZCI6MTAyMjQsInVybCI6Imh0dHBzOlwvXC9kZWNvbHV4ZWludGVyaW9yZGVzaWduLmNvbVwvd3AtY29udGVudFwvdXBsb2Fkc1wvMjAyM1wvMTBcLzEzNDk0LmpwZyIsInNsaWRlc2hvdyI6IjZjY2RlYWYifQ%3D%3D\">\n\t\t\t\t\t<div class=\"e-gallery-image elementor-gallery-item__image\" data-thumbnail=\"https:\/\/decoluxeinteriordesign.com\/wp-content\/uploads\/2023\/10\/13494.jpg\" data-width=\"1440\" data-height=\"960\" aria-label=\"\" role=\"img\" ><\/div>\n\t\t\t\t\t\t\t\t\t\t\t<div class=\"elementor-gallery-item__overlay\"><\/div>\n\t\t\t\t\t\t\t\t\t\t\t\t\t\t<\/a>\n\t\t\t\t\t\t\t<a class=\"e-gallery-item elementor-gallery-item elementor-animated-content\" href=\"https:\/\/decoluxeinteriordesign.com\/wp-content\/uploads\/2023\/10\/1.-Kerria-38_081-1.jpg\" data-elementor-open-lightbox=\"yes\" data-elementor-lightbox-slideshow=\"6ccdeaf\" data-e-action-hash=\"#elementor-action%3Aaction%3Dlightbox%26settings%3DeyJpZCI6MTAyMjAsInVybCI6Imh0dHBzOlwvXC9kZWNvbHV4ZWludGVyaW9yZGVzaWduLmNvbVwvd3AtY29udGVudFwvdXBsb2Fkc1wvMjAyM1wvMTBcLzEuLUtlcnJpYS0zOF8wODEtMS5qcGciLCJzbGlkZXNob3ciOiI2Y2NkZWFmIn0%3D\">\n\t\t\t\t\t<div class=\"e-gallery-image elementor-gallery-item__image\" data-thumbnail=\"https:\/\/decoluxeinteriordesign.com\/wp-content\/uploads\/2023\/10\/1.-Kerria-38_081-1.jpg\" data-width=\"1440\" data-height=\"960\" aria-label=\"\" role=\"img\" ><\/div>\n\t\t\t\t\t\t\t\t\t\t\t<div class=\"elementor-gallery-item__overlay\"><\/div>\n\t\t\t\t\t\t\t\t\t\t\t\t\t\t<\/a>\n\t\t\t\t\t<\/div>\n\t\t\t<\/div>\n\t\t\t\t<\/div>\n\t\t\t\t<\/div>\n\t\t\t\t<\/div>\n\t\t\t\t<\/div>\n\t\t","protected":false},"excerpt":{"rendered":"<p>Logement SOTO DE LA MORALEJA Logement contemporain caract\u00e9ris\u00e9 par son design et son style moderne, refl\u00e9tant les tendances actuelles, mettant en valeur des mat\u00e9riaux naturels sur les murs, et des pi\u00e8ces de mobilier uniques.<\/p>\n","protected":false},"author":2,"featured_media":0,"parent":0,"menu_order":0,"comment_status":"closed","ping_status":"closed","template":"elementor_header_footer","meta":{"footnotes":""},"class_list":["post-14886","page","type-page","status-publish","hentry"],"aioseo_notices":[],"_links":{"self":[{"href":"https:\/\/decoluxeinteriordesign.com\/fr\/wp-json\/wp\/v2\/pages\/14886","targetHints":{"allow":["GET"]}}],"collection":[{"href":"https:\/\/decoluxeinteriordesign.com\/fr\/wp-json\/wp\/v2\/pages"}],"about":[{"href":"https:\/\/decoluxeinteriordesign.com\/fr\/wp-json\/wp\/v2\/types\/page"}],"author":[{"embeddable":true,"href":"https:\/\/decoluxeinteriordesign.com\/fr\/wp-json\/wp\/v2\/users\/2"}],"replies":[{"embeddable":true,"href":"https:\/\/decoluxeinteriordesign.com\/fr\/wp-json\/wp\/v2\/comments?post=14886"}],"version-history":[{"count":4,"href":"https:\/\/decoluxeinteriordesign.com\/fr\/wp-json\/wp\/v2\/pages\/14886\/revisions"}],"predecessor-version":[{"id":27524,"href":"https:\/\/decoluxeinteriordesign.com\/fr\/wp-json\/wp\/v2\/pages\/14886\/revisions\/27524"}],"wp:attachment":[{"href":"https:\/\/decoluxeinteriordesign.com\/fr\/wp-json\/wp\/v2\/media?parent=14886"}],"curies":[{"name":"wp","href":"https:\/\/api.w.org\/{rel}","templated":true}]}}