{"id":9143,"date":"2023-10-16T08:13:58","date_gmt":"2023-10-16T08:13:58","guid":{"rendered":"https:\/\/decoluxe.es\/kacheln\/"},"modified":"2023-12-21T10:16:38","modified_gmt":"2023-12-21T10:16:38","slug":"kacheln","status":"publish","type":"page","link":"https:\/\/decoluxeinteriordesign.com\/de\/kacheln\/","title":{"rendered":"Kacheln"},"content":{"rendered":"\t\t<div data-elementor-type=\"wp-page\" data-elementor-id=\"9143\" class=\"elementor elementor-9143 elementor-5159\" data-elementor-post-type=\"page\">\n\t\t\t\t<div class=\"elementor-element elementor-element-188cc97d e-flex e-con-boxed e-con e-parent\" data-id=\"188cc97d\" data-element_type=\"container\" data-settings=\"{&quot;background_background&quot;:&quot;classic&quot;}\">\n\t\t\t\t\t<div class=\"e-con-inner\">\n\t\t<div class=\"elementor-element elementor-element-4ddc607e e-con-full e-flex e-con e-child\" data-id=\"4ddc607e\" data-element_type=\"container\">\n\t\t\t\t<div class=\"elementor-element elementor-element-6bff8d8b elementor-widget elementor-widget-image\" data-id=\"6bff8d8b\" data-element_type=\"widget\" data-widget_type=\"image.default\">\n\t\t\t\t<div class=\"elementor-widget-container\">\n\t\t\t\t\t\t\t\t\t\t\t\t\t<img fetchpriority=\"high\" decoding=\"async\" width=\"1080\" height=\"1081\" src=\"https:\/\/decoluxeinteriordesign.com\/wp-content\/uploads\/2023\/10\/366653324_670586438444174_2406959517991550973_n.jpg\" class=\"attachment-full size-full wp-image-1647\" alt=\"\" srcset=\"https:\/\/decoluxeinteriordesign.com\/wp-content\/uploads\/2023\/10\/366653324_670586438444174_2406959517991550973_n.jpg 1080w, https:\/\/decoluxeinteriordesign.com\/wp-content\/uploads\/2023\/10\/366653324_670586438444174_2406959517991550973_n-300x300.jpg 300w, https:\/\/decoluxeinteriordesign.com\/wp-content\/uploads\/2023\/10\/366653324_670586438444174_2406959517991550973_n-1024x1024.jpg 1024w, https:\/\/decoluxeinteriordesign.com\/wp-content\/uploads\/2023\/10\/366653324_670586438444174_2406959517991550973_n-150x150.jpg 150w, https:\/\/decoluxeinteriordesign.com\/wp-content\/uploads\/2023\/10\/366653324_670586438444174_2406959517991550973_n-768x769.jpg 768w\" sizes=\"(max-width: 1080px) 100vw, 1080px\" \/>\t\t\t\t\t\t\t\t\t\t\t\t\t<\/div>\n\t\t\t\t<\/div>\n\t\t\t\t<\/div>\n\t\t<div class=\"elementor-element elementor-element-3f51f82b e-con-full animated-slow e-flex elementor-invisible e-con e-child\" data-id=\"3f51f82b\" data-element_type=\"container\" data-settings=\"{&quot;background_background&quot;:&quot;classic&quot;,&quot;animation&quot;:&quot;fadeInDown&quot;}\">\n\t\t<div class=\"elementor-element elementor-element-4a33f1af e-flex e-con-boxed e-con e-child\" data-id=\"4a33f1af\" data-element_type=\"container\">\n\t\t\t\t\t<div class=\"e-con-inner\">\n\t\t\t\t<div class=\"elementor-element elementor-element-44304b9 elementor-widget__width-auto elementor-hidden-tablet elementor-hidden-mobile elementor-widget elementor-widget-image\" data-id=\"44304b9\" data-element_type=\"widget\" data-widget_type=\"image.default\">\n\t\t\t\t<div class=\"elementor-widget-container\">\n\t\t\t\t\t\t\t\t\t\t\t\t\t<img decoding=\"async\" width=\"60\" height=\"60\" src=\"https:\/\/decoluxeinteriordesign.com\/wp-content\/uploads\/2023\/09\/punto.png\" class=\"attachment-large size-large wp-image-184\" alt=\"\" \/>\t\t\t\t\t\t\t\t\t\t\t\t\t<\/div>\n\t\t\t\t<\/div>\n\t\t\t\t<div class=\"elementor-element elementor-element-47169d43 elementor-widget__width-auto elementor-widget elementor-widget-heading\" data-id=\"47169d43\" data-element_type=\"widget\" data-widget_type=\"heading.default\">\n\t\t\t\t<div class=\"elementor-widget-container\">\n\t\t\t<h1 class=\"elementor-heading-title elementor-size-default\">Fliesen<br><span style=\"font-weight:300\"><\/span><\/h1>\t\t<\/div>\n\t\t\t\t<\/div>\n\t\t\t\t\t<\/div>\n\t\t\t\t<\/div>\n\t\t\t\t<div class=\"elementor-element elementor-element-13062ef elementor-widget elementor-widget-text-editor\" data-id=\"13062ef\" data-element_type=\"widget\" data-widget_type=\"text-editor.default\">\n\t\t\t\t<div class=\"elementor-widget-container\">\n\t\t\t\t\t\t\t<p><span>Fliesen mit ihrem Glanz und ihren Farben sind wie Fragmente des Himmels, die in unsere H\u00e4user fallen und sie schm\u00fccken.  <\/span><span>Jedes St\u00fcck erz\u00e4hlt eine Geschichte, von der Sorgfalt des Handwerkers bis zum Zauber des Designs.  <\/span><span>An den W\u00e4nden und auf den B\u00f6den werden die Fliesen zu einem Mosaik der Tr\u00e4ume und schaffen eine Atmosph\u00e4re, in der Kreativit\u00e4t und Sch\u00f6nheit in jedem Winkel zu finden sind.  <\/span><span>Sie sind stumme Zeugen des gemeinsamen Lachens und besonderer Momente und verleihen jedem Raum einen Hauch von Charme und Eleganz.  <\/span><span>Fliesen sind viel mehr als nur Dekoration;  <\/span><span>sind ein Ausdruck von Stil und eine Einladung in eine Welt der Phantasie und Kunst.<\/span><\/p>\n\t\t\t\t\t\t<\/div>\n\t\t\t\t<\/div>\n\t\t\t\t<div class=\"elementor-element elementor-element-1712126a elementor-view-default elementor-widget elementor-widget-icon\" data-id=\"1712126a\" data-element_type=\"widget\" data-widget_type=\"icon.default\">\n\t\t\t\t<div class=\"elementor-widget-container\">\n\t\t\t\t\t<div class=\"elementor-icon-wrapper\">\n\t\t\t<div class=\"elementor-icon\">\n\t\t\t<i aria-hidden=\"true\" class=\"fas fa-chevron-down\"><\/i>\t\t\t<\/div>\n\t\t<\/div>\n\t\t\t\t<\/div>\n\t\t\t\t<\/div>\n\t\t\t\t<\/div>\n\t\t\t\t\t<\/div>\n\t\t\t\t<\/div>\n\t\t<div class=\"elementor-element elementor-element-692202d8 e-flex e-con-boxed e-con e-parent\" data-id=\"692202d8\" data-element_type=\"container\">\n\t\t\t\t\t<div class=\"e-con-inner\">\n\t\t\t\t<div class=\"elementor-element elementor-element-2206c496 elementor-arrows-position-inside elementor-widget elementor-widget-image-carousel\" data-id=\"2206c496\" data-element_type=\"widget\" data-settings=\"{&quot;navigation&quot;:&quot;arrows&quot;,&quot;image_spacing_custom&quot;:{&quot;unit&quot;:&quot;px&quot;,&quot;size&quot;:2,&quot;sizes&quot;:[]},&quot;autoplay&quot;:&quot;yes&quot;,&quot;pause_on_hover&quot;:&quot;yes&quot;,&quot;pause_on_interaction&quot;:&quot;yes&quot;,&quot;autoplay_speed&quot;:5000,&quot;infinite&quot;:&quot;yes&quot;,&quot;speed&quot;:500,&quot;image_spacing_custom_tablet&quot;:{&quot;unit&quot;:&quot;px&quot;,&quot;size&quot;:&quot;&quot;,&quot;sizes&quot;:[]},&quot;image_spacing_custom_mobile&quot;:{&quot;unit&quot;:&quot;px&quot;,&quot;size&quot;:&quot;&quot;,&quot;sizes&quot;:[]}}\" data-widget_type=\"image-carousel.default\">\n\t\t\t\t<div class=\"elementor-widget-container\">\n\t\t\t\t\t<div class=\"elementor-image-carousel-wrapper swiper\" dir=\"ltr\">\n\t\t\t<div class=\"elementor-image-carousel swiper-wrapper\" aria-live=\"off\">\n\t\t\t\t\t\t\t\t<div class=\"swiper-slide\" role=\"group\" aria-roledescription=\"slide\" aria-label=\"1 von 5\"><figure class=\"swiper-slide-inner\"><img decoding=\"async\" class=\"swiper-slide-image\" src=\"https:\/\/decoluxe.es\/wp-content\/uploads\/2023\/10\/353606552_734695585324996_247287416763988160_n-3.jpg\" alt=\"\" \/><\/figure><\/div><div class=\"swiper-slide\" role=\"group\" aria-roledescription=\"slide\" aria-label=\"2 von 5\"><figure class=\"swiper-slide-inner\"><img decoding=\"async\" class=\"swiper-slide-image\" src=\"https:\/\/decoluxe.es\/wp-content\/uploads\/2023\/10\/358588320_753875473407007_3869268690062118028_n-2.jpg\" alt=\"\" \/><\/figure><\/div><div class=\"swiper-slide\" role=\"group\" aria-roledescription=\"slide\" aria-label=\"3 von 5\"><figure class=\"swiper-slide-inner\"><img decoding=\"async\" class=\"swiper-slide-image\" src=\"https:\/\/decoluxe.es\/wp-content\/uploads\/2023\/10\/304302352_10159914565673168_2320460028616206338_n-2.jpg\" alt=\"\" \/><\/figure><\/div><div class=\"swiper-slide\" role=\"group\" aria-roledescription=\"slide\" aria-label=\"4 von 5\"><figure class=\"swiper-slide-inner\"><img decoding=\"async\" class=\"swiper-slide-image\" src=\"https:\/\/decoluxe.es\/wp-content\/uploads\/2023\/10\/366653324_670586438444174_2406959517991550973_n-3.jpg\" alt=\"\" \/><\/figure><\/div><div class=\"swiper-slide\" role=\"group\" aria-roledescription=\"slide\" aria-label=\"5 von 5\"><figure class=\"swiper-slide-inner\"><img decoding=\"async\" class=\"swiper-slide-image\" src=\"https:\/\/decoluxe.es\/wp-content\/uploads\/2023\/10\/300524435_10159907447133168_739090255996010929_n-2.jpg\" alt=\"\" \/><\/figure><\/div>\t\t\t<\/div>\n\t\t\t\t\t\t\t\t\t\t\t\t<div class=\"elementor-swiper-button elementor-swiper-button-prev\" role=\"button\" tabindex=\"0\">\n\t\t\t\t\t\t<i aria-hidden=\"true\" class=\"eicon-chevron-left\"><\/i>\t\t\t\t\t<\/div>\n\t\t\t\t\t<div class=\"elementor-swiper-button elementor-swiper-button-next\" role=\"button\" tabindex=\"0\">\n\t\t\t\t\t\t<i aria-hidden=\"true\" class=\"eicon-chevron-right\"><\/i>\t\t\t\t\t<\/div>\n\t\t\t\t\n\t\t\t\t\t\t\t\t\t<\/div>\n\t\t\t\t<\/div>\n\t\t\t\t<\/div>\n\t\t\t\t\t<\/div>\n\t\t\t\t<\/div>\n\t\t<div class=\"elementor-element elementor-element-1f1402ae e-con-full elementor-hidden-mobile e-flex e-con e-parent\" data-id=\"1f1402ae\" data-element_type=\"container\">\n\t\t<div class=\"elementor-element elementor-element-7be5d6fd e-con-full e-flex e-con e-child\" data-id=\"7be5d6fd\" data-element_type=\"container\" data-settings=\"{&quot;background_background&quot;:&quot;classic&quot;}\">\n\t\t\t\t<div class=\"elementor-element elementor-element-28366736 elementor-widget elementor-widget-spacer\" data-id=\"28366736\" data-element_type=\"widget\" data-widget_type=\"spacer.default\">\n\t\t\t\t<div class=\"elementor-widget-container\">\n\t\t\t\t\t<div class=\"elementor-spacer\">\n\t\t\t<div class=\"elementor-spacer-inner\"><\/div>\n\t\t<\/div>\n\t\t\t\t<\/div>\n\t\t\t\t<\/div>\n\t\t\t\t<\/div>\n\t\t<div class=\"elementor-element elementor-element-fa9199c e-con-full e-flex e-con e-child\" data-id=\"fa9199c\" data-element_type=\"container\" data-settings=\"{&quot;background_background&quot;:&quot;classic&quot;,&quot;sticky&quot;:&quot;bottom&quot;,&quot;sticky_on&quot;:[&quot;desktop&quot;,&quot;tablet&quot;,&quot;mobile&quot;],&quot;sticky_offset&quot;:0,&quot;sticky_effects_offset&quot;:0,&quot;sticky_anchor_link_offset&quot;:0}\">\n\t\t\t\t<div class=\"elementor-element elementor-element-42686d3a elementor-widget__width-initial elementor-widget elementor-widget-text-editor\" data-id=\"42686d3a\" data-element_type=\"widget\" data-widget_type=\"text-editor.default\">\n\t\t\t\t<div class=\"elementor-widget-container\">\n\t\t\t\t\t\t\t<p>Das k\u00f6nnte Sie auch interessieren:<\/p>\n\t\t\t\t\t\t<\/div>\n\t\t\t\t<\/div>\n\t\t\t\t<\/div>\n\t\t<div class=\"elementor-element elementor-element-459aa476 e-flex e-con-boxed e-con e-child\" data-id=\"459aa476\" data-element_type=\"container\" data-settings=\"{&quot;background_background&quot;:&quot;classic&quot;,&quot;sticky&quot;:&quot;bottom&quot;,&quot;sticky_on&quot;:[&quot;desktop&quot;,&quot;tablet&quot;,&quot;mobile&quot;],&quot;sticky_offset&quot;:0,&quot;sticky_effects_offset&quot;:0,&quot;sticky_anchor_link_offset&quot;:0}\">\n\t\t\t\t\t<div class=\"e-con-inner\">\n\t\t<div class=\"elementor-element elementor-element-32422be9 e-con-full e-flex e-con e-child\" data-id=\"32422be9\" data-element_type=\"container\">\n\t\t\t\t<div class=\"elementor-element elementor-element-31c7a2ce elementor-widget elementor-widget-text-editor\" data-id=\"31c7a2ce\" data-element_type=\"widget\" data-widget_type=\"text-editor.default\">\n\t\t\t\t<div class=\"elementor-widget-container\">\n\t\t\t\t\t\t\t<p style=\"text-align: center;\"><a href=\"https:\/\/decoluxe.es\/de\/kuechenarbeitsplatten\/\"><span style=\"color: #999999;\">K\u00fcchenarbeitsplatten<\/span><\/a><\/p>\n\t\t\t\t\t\t<\/div>\n\t\t\t\t<\/div>\n\t\t\t\t<\/div>\n\t\t<div class=\"elementor-element elementor-element-5b455336 e-con-full e-flex e-con e-child\" data-id=\"5b455336\" data-element_type=\"container\">\n\t\t\t\t<div class=\"elementor-element elementor-element-70ef01a6 elementor-widget elementor-widget-text-editor\" data-id=\"70ef01a6\" data-element_type=\"widget\" data-widget_type=\"text-editor.default\">\n\t\t\t\t<div class=\"elementor-widget-container\">\n\t\t\t\t\t\t\t<p style=\"text-align: center;\"><a href=\"https:\/\/decoluxe.es\/de\/kuechenmoebel\/\"><span style=\"color: #808080;\">K\u00fcchenm\u00f6bel<\/span><\/a><\/p>\n\t\t\t\t\t\t<\/div>\n\t\t\t\t<\/div>\n\t\t\t\t<\/div>\n\t\t<div class=\"elementor-element elementor-element-51059124 e-con-full e-flex e-con e-child\" data-id=\"51059124\" data-element_type=\"container\">\n\t\t\t\t<div class=\"elementor-element elementor-element-774c92a8 elementor-widget elementor-widget-text-editor\" data-id=\"774c92a8\" data-element_type=\"widget\" data-widget_type=\"text-editor.default\">\n\t\t\t\t<div class=\"elementor-widget-container\">\n\t\t\t\t\t\t\t<p style=\"text-align: center;\"><a href=\"https:\/\/decoluxe.es\/de\/tische\/\"><span style=\"color: #808080;\">K\u00fcchentische<\/span><\/a><\/p>\n\t\t\t\t\t\t<\/div>\n\t\t\t\t<\/div>\n\t\t\t\t<\/div>\n\t\t<div class=\"elementor-element elementor-element-a1fa7d5 e-con-full e-flex e-con e-child\" data-id=\"a1fa7d5\" data-element_type=\"container\">\n\t\t\t\t<div class=\"elementor-element elementor-element-2b25614f elementor-widget elementor-widget-text-editor\" data-id=\"2b25614f\" data-element_type=\"widget\" data-widget_type=\"text-editor.default\">\n\t\t\t\t<div class=\"elementor-widget-container\">\n\t\t\t\t\t\t\t<p style=\"text-align: center;\"><a href=\"https:\/\/decoluxe.es\/de\/toiletten\/\"><span style=\"color: #808080;\">Toiletten<\/span><\/a><\/p>\n\t\t\t\t\t\t<\/div>\n\t\t\t\t<\/div>\n\t\t\t\t<\/div>\n\t\t<div class=\"elementor-element elementor-element-349413cb e-con-full e-flex e-con e-child\" data-id=\"349413cb\" data-element_type=\"container\">\n\t\t\t\t<div class=\"elementor-element elementor-element-3735947d elementor-widget elementor-widget-text-editor\" data-id=\"3735947d\" data-element_type=\"widget\" data-widget_type=\"text-editor.default\">\n\t\t\t\t<div class=\"elementor-widget-container\">\n\t\t\t\t\t\t\t<p style=\"text-align: center;\"><a href=\"https:\/\/decoluxe.es\/de\/moebel-fuer-das-badezimmer\/\"><span style=\"color: #808080;\">M\u00f6bel f\u00fcr das Badezimmer<\/span><\/a><\/p>\n\t\t\t\t\t\t<\/div>\n\t\t\t\t<\/div>\n\t\t\t\t<\/div>\n\t\t\t\t\t<\/div>\n\t\t\t\t<\/div>\n\t\t<div class=\"elementor-element elementor-element-6375fca0 e-flex e-con-boxed e-con e-child\" data-id=\"6375fca0\" data-element_type=\"container\" data-settings=\"{&quot;background_background&quot;:&quot;classic&quot;}\">\n\t\t\t\t\t<div class=\"e-con-inner\">\n\t\t\t\t<div class=\"elementor-element elementor-element-180eb755 elementor-widget elementor-widget-spacer\" data-id=\"180eb755\" data-element_type=\"widget\" data-widget_type=\"spacer.default\">\n\t\t\t\t<div class=\"elementor-widget-container\">\n\t\t\t\t\t<div class=\"elementor-spacer\">\n\t\t\t<div class=\"elementor-spacer-inner\"><\/div>\n\t\t<\/div>\n\t\t\t\t<\/div>\n\t\t\t\t<\/div>\n\t\t\t\t\t<\/div>\n\t\t\t\t<\/div>\n\t\t\t\t<\/div>\n\t\t\t\t<\/div>\n\t\t","protected":false},"excerpt":{"rendered":"<p>Fliesen Fliesen mit ihrem Glanz und ihren Farben sind wie Fragmente des Himmels, die in unsere H\u00e4user fallen und sie schm\u00fccken. Jedes St\u00fcck erz\u00e4hlt eine Geschichte, von der Sorgfalt des Handwerkers bis zum Zauber des Designs. An den W\u00e4nden und auf den B\u00f6den werden die Fliesen zu einem Mosaik der Tr\u00e4ume und schaffen eine Atmosph\u00e4re, [&hellip;]<\/p>\n","protected":false},"author":3,"featured_media":0,"parent":0,"menu_order":0,"comment_status":"closed","ping_status":"closed","template":"elementor_header_footer","meta":{"footnotes":""},"class_list":["post-9143","page","type-page","status-publish","hentry"],"aioseo_notices":[],"_links":{"self":[{"href":"https:\/\/decoluxeinteriordesign.com\/de\/wp-json\/wp\/v2\/pages\/9143","targetHints":{"allow":["GET"]}}],"collection":[{"href":"https:\/\/decoluxeinteriordesign.com\/de\/wp-json\/wp\/v2\/pages"}],"about":[{"href":"https:\/\/decoluxeinteriordesign.com\/de\/wp-json\/wp\/v2\/types\/page"}],"author":[{"embeddable":true,"href":"https:\/\/decoluxeinteriordesign.com\/de\/wp-json\/wp\/v2\/users\/3"}],"replies":[{"embeddable":true,"href":"https:\/\/decoluxeinteriordesign.com\/de\/wp-json\/wp\/v2\/comments?post=9143"}],"version-history":[{"count":3,"href":"https:\/\/decoluxeinteriordesign.com\/de\/wp-json\/wp\/v2\/pages\/9143\/revisions"}],"predecessor-version":[{"id":24479,"href":"https:\/\/decoluxeinteriordesign.com\/de\/wp-json\/wp\/v2\/pages\/9143\/revisions\/24479"}],"wp:attachment":[{"href":"https:\/\/decoluxeinteriordesign.com\/de\/wp-json\/wp\/v2\/media?parent=9143"}],"curies":[{"name":"wp","href":"https:\/\/api.w.org\/{rel}","templated":true}]}}