{"id":8977,"date":"2023-10-16T08:26:09","date_gmt":"2023-10-16T08:26:09","guid":{"rendered":"https:\/\/decoluxe.es\/holz\/"},"modified":"2023-12-21T10:16:19","modified_gmt":"2023-12-21T10:16:19","slug":"holz","status":"publish","type":"page","link":"https:\/\/decoluxeinteriordesign.com\/de\/holz\/","title":{"rendered":"Holz"},"content":{"rendered":"\t\t<div data-elementor-type=\"wp-page\" data-elementor-id=\"8977\" class=\"elementor elementor-8977 elementor-5176\" data-elementor-post-type=\"page\">\n\t\t\t\t<div class=\"elementor-element elementor-element-11a8a862 e-flex e-con-boxed e-con e-parent\" data-id=\"11a8a862\" data-element_type=\"container\" data-settings=\"{&quot;background_background&quot;:&quot;classic&quot;}\">\n\t\t\t\t\t<div class=\"e-con-inner\">\n\t\t<div class=\"elementor-element elementor-element-1e0470c4 e-con-full e-flex e-con e-child\" data-id=\"1e0470c4\" data-element_type=\"container\">\n\t\t\t\t<div class=\"elementor-element elementor-element-43875b13 elementor-widget elementor-widget-image\" data-id=\"43875b13\" data-element_type=\"widget\" data-widget_type=\"image.default\">\n\t\t\t\t<div class=\"elementor-widget-container\">\n\t\t\t\t\t\t\t\t\t\t\t\t\t<img fetchpriority=\"high\" decoding=\"async\" width=\"1875\" height=\"1056\" src=\"https:\/\/decoluxeinteriordesign.com\/wp-content\/uploads\/2023\/10\/andaz-maui-wailea-resort-02.jpg\" class=\"attachment-full size-full wp-image-2716\" alt=\"\" srcset=\"https:\/\/decoluxeinteriordesign.com\/wp-content\/uploads\/2023\/10\/andaz-maui-wailea-resort-02.jpg 1875w, https:\/\/decoluxeinteriordesign.com\/wp-content\/uploads\/2023\/10\/andaz-maui-wailea-resort-02-300x169.jpg 300w, https:\/\/decoluxeinteriordesign.com\/wp-content\/uploads\/2023\/10\/andaz-maui-wailea-resort-02-1024x577.jpg 1024w, https:\/\/decoluxeinteriordesign.com\/wp-content\/uploads\/2023\/10\/andaz-maui-wailea-resort-02-768x433.jpg 768w, https:\/\/decoluxeinteriordesign.com\/wp-content\/uploads\/2023\/10\/andaz-maui-wailea-resort-02-1536x865.jpg 1536w\" sizes=\"(max-width: 1875px) 100vw, 1875px\" \/>\t\t\t\t\t\t\t\t\t\t\t\t\t<\/div>\n\t\t\t\t<\/div>\n\t\t\t\t<\/div>\n\t\t<div class=\"elementor-element elementor-element-5a6cc2b3 e-con-full animated-slow e-flex elementor-invisible e-con e-child\" data-id=\"5a6cc2b3\" data-element_type=\"container\" data-settings=\"{&quot;background_background&quot;:&quot;classic&quot;,&quot;animation&quot;:&quot;fadeInDown&quot;}\">\n\t\t<div class=\"elementor-element elementor-element-f8730a7 e-flex e-con-boxed e-con e-child\" data-id=\"f8730a7\" data-element_type=\"container\">\n\t\t\t\t\t<div class=\"e-con-inner\">\n\t\t\t\t<div class=\"elementor-element elementor-element-4070582 elementor-widget__width-auto elementor-hidden-tablet elementor-hidden-mobile elementor-widget elementor-widget-image\" data-id=\"4070582\" data-element_type=\"widget\" data-widget_type=\"image.default\">\n\t\t\t\t<div class=\"elementor-widget-container\">\n\t\t\t\t\t\t\t\t\t\t\t\t\t<img decoding=\"async\" width=\"60\" height=\"60\" src=\"https:\/\/decoluxeinteriordesign.com\/wp-content\/uploads\/2023\/09\/punto.png\" class=\"attachment-large size-large wp-image-184\" alt=\"\" \/>\t\t\t\t\t\t\t\t\t\t\t\t\t<\/div>\n\t\t\t\t<\/div>\n\t\t\t\t<div class=\"elementor-element elementor-element-6bb6d7a7 elementor-widget__width-auto elementor-widget elementor-widget-heading\" data-id=\"6bb6d7a7\" data-element_type=\"widget\" data-widget_type=\"heading.default\">\n\t\t\t\t<div class=\"elementor-widget-container\">\n\t\t\t<h1 class=\"elementor-heading-title elementor-size-default\">Holz<br><span style=\"font-weight:300\"><\/span><\/h1>\t\t<\/div>\n\t\t\t\t<\/div>\n\t\t\t\t\t<\/div>\n\t\t\t\t<\/div>\n\t\t\t\t<div class=\"elementor-element elementor-element-76865e24 elementor-widget elementor-widget-text-editor\" data-id=\"76865e24\" data-element_type=\"widget\" data-widget_type=\"text-editor.default\">\n\t\t\t\t<div class=\"elementor-widget-container\">\n\t\t\t\t\t\t\t<p><span>Holz mit seiner weichen und warmen Textur ist wie eine Umarmung in der Welt des Designs.  <\/span><span>Es ist das Echo des Waldes in unseren H\u00e4usern, eine greifbare Erinnerung an die Natur in ihrer sch\u00f6nsten Form.  <\/span><span>Jede Maserung erz\u00e4hlt eine alte Geschichte, jede polierte Oberfl\u00e4che ist eine Ode an die Handwerkskunst.  <\/span><span>Im Design ist Holz mehr als nur ein Material;  <\/span><span>ist eine emotionale Verbindung zur Erde, eine Verbindung zwischen dem Nat\u00fcrlichen und dem vom Menschen Geschaffenen.  <\/span><span>Sie verwandelt R\u00e4ume in einladende Orte, wo Eleganz auf Schlichtheit und Funktionalit\u00e4t auf \u00c4sthetik trifft.  <\/span><span>Im Holz finden wir die perfekte Harmonie zwischen dem Rustikalen und dem Raffinierten und schaffen eine Atmosph\u00e4re, in der sich die Sch\u00f6nheit auf organische und zeitlose Weise entfaltet.<\/span><\/p>\n\t\t\t\t\t\t<\/div>\n\t\t\t\t<\/div>\n\t\t\t\t<div class=\"elementor-element elementor-element-6ed4edf7 elementor-view-default elementor-widget elementor-widget-icon\" data-id=\"6ed4edf7\" data-element_type=\"widget\" data-widget_type=\"icon.default\">\n\t\t\t\t<div class=\"elementor-widget-container\">\n\t\t\t\t\t<div class=\"elementor-icon-wrapper\">\n\t\t\t<div class=\"elementor-icon\">\n\t\t\t<i aria-hidden=\"true\" class=\"fas fa-chevron-down\"><\/i>\t\t\t<\/div>\n\t\t<\/div>\n\t\t\t\t<\/div>\n\t\t\t\t<\/div>\n\t\t\t\t<\/div>\n\t\t\t\t\t<\/div>\n\t\t\t\t<\/div>\n\t\t<div class=\"elementor-element elementor-element-14876e96 e-flex e-con-boxed e-con e-parent\" data-id=\"14876e96\" data-element_type=\"container\">\n\t\t\t\t\t<div class=\"e-con-inner\">\n\t\t\t\t<div class=\"elementor-element elementor-element-3390db67 elementor-arrows-position-inside elementor-widget elementor-widget-image-carousel\" data-id=\"3390db67\" data-element_type=\"widget\" data-settings=\"{&quot;navigation&quot;:&quot;arrows&quot;,&quot;image_spacing_custom&quot;:{&quot;unit&quot;:&quot;px&quot;,&quot;size&quot;:2,&quot;sizes&quot;:[]},&quot;autoplay&quot;:&quot;yes&quot;,&quot;pause_on_hover&quot;:&quot;yes&quot;,&quot;pause_on_interaction&quot;:&quot;yes&quot;,&quot;autoplay_speed&quot;:5000,&quot;infinite&quot;:&quot;yes&quot;,&quot;speed&quot;:500,&quot;image_spacing_custom_tablet&quot;:{&quot;unit&quot;:&quot;px&quot;,&quot;size&quot;:&quot;&quot;,&quot;sizes&quot;:[]},&quot;image_spacing_custom_mobile&quot;:{&quot;unit&quot;:&quot;px&quot;,&quot;size&quot;:&quot;&quot;,&quot;sizes&quot;:[]}}\" data-widget_type=\"image-carousel.default\">\n\t\t\t\t<div class=\"elementor-widget-container\">\n\t\t\t\t\t<div class=\"elementor-image-carousel-wrapper swiper\" dir=\"ltr\">\n\t\t\t<div class=\"elementor-image-carousel swiper-wrapper\" aria-live=\"off\">\n\t\t\t\t\t\t\t\t<div class=\"swiper-slide\" role=\"group\" aria-roledescription=\"slide\" aria-label=\"1 von 3\"><figure class=\"swiper-slide-inner\"><img decoding=\"async\" class=\"swiper-slide-image\" src=\"https:\/\/decoluxe.es\/wp-content\/uploads\/2023\/10\/315421266_6418448868182065_5723864331624132662_n-2.jpg\" alt=\"\" \/><\/figure><\/div><div class=\"swiper-slide\" role=\"group\" aria-roledescription=\"slide\" aria-label=\"2 von 3\"><figure class=\"swiper-slide-inner\"><img decoding=\"async\" class=\"swiper-slide-image\" src=\"https:\/\/decoluxe.es\/wp-content\/uploads\/2023\/10\/369734893_686557296850210_8596736583625537573_n.jpg\" alt=\"\" \/><\/figure><\/div><div class=\"swiper-slide\" role=\"group\" aria-roledescription=\"slide\" aria-label=\"3 von 3\"><figure class=\"swiper-slide-inner\"><img decoding=\"async\" class=\"swiper-slide-image\" src=\"https:\/\/decoluxe.es\/wp-content\/uploads\/2023\/10\/19453010_1531761673513779_3631466529213894498_o-1.jpg\" alt=\"\" \/><\/figure><\/div>\t\t\t<\/div>\n\t\t\t\t\t\t\t\t\t\t\t\t<div class=\"elementor-swiper-button elementor-swiper-button-prev\" role=\"button\" tabindex=\"0\">\n\t\t\t\t\t\t<i aria-hidden=\"true\" class=\"eicon-chevron-left\"><\/i>\t\t\t\t\t<\/div>\n\t\t\t\t\t<div class=\"elementor-swiper-button elementor-swiper-button-next\" role=\"button\" tabindex=\"0\">\n\t\t\t\t\t\t<i aria-hidden=\"true\" class=\"eicon-chevron-right\"><\/i>\t\t\t\t\t<\/div>\n\t\t\t\t\n\t\t\t\t\t\t\t\t\t<\/div>\n\t\t\t\t<\/div>\n\t\t\t\t<\/div>\n\t\t\t\t\t<\/div>\n\t\t\t\t<\/div>\n\t\t<div class=\"elementor-element elementor-element-63e31fd5 e-con-full elementor-hidden-mobile e-flex e-con e-parent\" data-id=\"63e31fd5\" data-element_type=\"container\">\n\t\t<div class=\"elementor-element elementor-element-36c257ca e-con-full e-flex e-con e-child\" data-id=\"36c257ca\" data-element_type=\"container\" data-settings=\"{&quot;background_background&quot;:&quot;classic&quot;}\">\n\t\t\t\t<div class=\"elementor-element elementor-element-4d46f38c elementor-widget elementor-widget-spacer\" data-id=\"4d46f38c\" data-element_type=\"widget\" data-widget_type=\"spacer.default\">\n\t\t\t\t<div class=\"elementor-widget-container\">\n\t\t\t\t\t<div class=\"elementor-spacer\">\n\t\t\t<div class=\"elementor-spacer-inner\"><\/div>\n\t\t<\/div>\n\t\t\t\t<\/div>\n\t\t\t\t<\/div>\n\t\t\t\t<\/div>\n\t\t<div class=\"elementor-element elementor-element-440ac2 e-con-full e-flex e-con e-child\" data-id=\"440ac2\" data-element_type=\"container\" data-settings=\"{&quot;background_background&quot;:&quot;classic&quot;,&quot;sticky&quot;:&quot;bottom&quot;,&quot;sticky_on&quot;:[&quot;desktop&quot;,&quot;tablet&quot;,&quot;mobile&quot;],&quot;sticky_offset&quot;:0,&quot;sticky_effects_offset&quot;:0,&quot;sticky_anchor_link_offset&quot;:0}\">\n\t\t\t\t<div class=\"elementor-element elementor-element-1cf14f93 elementor-widget__width-initial elementor-widget elementor-widget-text-editor\" data-id=\"1cf14f93\" data-element_type=\"widget\" data-widget_type=\"text-editor.default\">\n\t\t\t\t<div class=\"elementor-widget-container\">\n\t\t\t\t\t\t\t<p>Das k\u00f6nnte Sie auch interessieren:<\/p>\n\t\t\t\t\t\t<\/div>\n\t\t\t\t<\/div>\n\t\t\t\t<\/div>\n\t\t<div class=\"elementor-element elementor-element-527c0cd7 e-flex e-con-boxed e-con e-child\" data-id=\"527c0cd7\" data-element_type=\"container\" data-settings=\"{&quot;background_background&quot;:&quot;classic&quot;,&quot;sticky&quot;:&quot;bottom&quot;,&quot;sticky_on&quot;:[&quot;desktop&quot;,&quot;tablet&quot;,&quot;mobile&quot;],&quot;sticky_offset&quot;:0,&quot;sticky_effects_offset&quot;:0,&quot;sticky_anchor_link_offset&quot;:0}\">\n\t\t\t\t\t<div class=\"e-con-inner\">\n\t\t<div class=\"elementor-element elementor-element-7f78781a e-con-full e-flex e-con e-child\" data-id=\"7f78781a\" data-element_type=\"container\">\n\t\t\t\t<div class=\"elementor-element elementor-element-11c084d8 elementor-widget elementor-widget-text-editor\" data-id=\"11c084d8\" data-element_type=\"widget\" data-widget_type=\"text-editor.default\">\n\t\t\t\t<div class=\"elementor-widget-container\">\n\t\t\t\t\t\t\t<p style=\"text-align: center;\"><a href=\"https:\/\/decoluxe.es\/de\/tapete\/\"><span style=\"color: #999999;\">Tapete<\/span><\/a><\/p>\n\t\t\t\t\t\t<\/div>\n\t\t\t\t<\/div>\n\t\t\t\t<\/div>\n\t\t<div class=\"elementor-element elementor-element-15f212af e-con-full e-flex e-con e-child\" data-id=\"15f212af\" data-element_type=\"container\">\n\t\t\t\t<div class=\"elementor-element elementor-element-6b01868f elementor-widget elementor-widget-text-editor\" data-id=\"6b01868f\" data-element_type=\"widget\" data-widget_type=\"text-editor.default\">\n\t\t\t\t<div class=\"elementor-widget-container\">\n\t\t\t\t\t\t\t<p style=\"text-align: center;\"><a href=\"https:\/\/decoluxe.es\/de\/kacheln\/\"><span style=\"color: #808080;\">Kacheln<\/span><\/a><\/p>\n\t\t\t\t\t\t<\/div>\n\t\t\t\t<\/div>\n\t\t\t\t<\/div>\n\t\t<div class=\"elementor-element elementor-element-618f46e4 e-con-full e-flex e-con e-child\" data-id=\"618f46e4\" data-element_type=\"container\">\n\t\t\t\t<div class=\"elementor-element elementor-element-200d23e8 elementor-widget elementor-widget-text-editor\" data-id=\"200d23e8\" data-element_type=\"widget\" data-widget_type=\"text-editor.default\">\n\t\t\t\t<div class=\"elementor-widget-container\">\n\t\t\t\t\t\t\t<p style=\"text-align: center;\"><a href=\"https:\/\/decoluxe.es\/de\/hilfsmoebel\/\"><span style=\"color: #808080;\">Hilfsm\u00f6bel<\/span><\/a><\/p>\n\t\t\t\t\t\t<\/div>\n\t\t\t\t<\/div>\n\t\t\t\t<\/div>\n\t\t<div class=\"elementor-element elementor-element-68fda85b e-con-full e-flex e-con e-child\" data-id=\"68fda85b\" data-element_type=\"container\">\n\t\t\t\t<div class=\"elementor-element elementor-element-5d36f853 elementor-widget elementor-widget-text-editor\" data-id=\"5d36f853\" data-element_type=\"widget\" data-widget_type=\"text-editor.default\">\n\t\t\t\t<div class=\"elementor-widget-container\">\n\t\t\t\t\t\t\t<p style=\"text-align: center;\"><a href=\"https:\/\/decoluxe.es\/de\/vorhaenge\/\"><span style=\"color: #808080;\">Vorh\u00e4nge<\/span><\/a><\/p>\n\t\t\t\t\t\t<\/div>\n\t\t\t\t<\/div>\n\t\t\t\t<\/div>\n\t\t<div class=\"elementor-element elementor-element-1525eb99 e-con-full e-flex e-con e-child\" data-id=\"1525eb99\" data-element_type=\"container\">\n\t\t\t\t<div class=\"elementor-element elementor-element-169be469 elementor-widget elementor-widget-text-editor\" data-id=\"169be469\" data-element_type=\"widget\" data-widget_type=\"text-editor.default\">\n\t\t\t\t<div class=\"elementor-widget-container\">\n\t\t\t\t\t\t\t<p style=\"text-align: center;\"><a href=\"https:\/\/decoluxe.es\/de\/sofas\/\"><span style=\"color: #808080;\">Sofas<\/span><\/a><\/p>\n\t\t\t\t\t\t<\/div>\n\t\t\t\t<\/div>\n\t\t\t\t<\/div>\n\t\t\t\t\t<\/div>\n\t\t\t\t<\/div>\n\t\t<div class=\"elementor-element elementor-element-ff51ebe e-flex e-con-boxed e-con e-child\" data-id=\"ff51ebe\" data-element_type=\"container\" data-settings=\"{&quot;background_background&quot;:&quot;classic&quot;}\">\n\t\t\t\t\t<div class=\"e-con-inner\">\n\t\t\t\t<div class=\"elementor-element elementor-element-6da557f elementor-widget elementor-widget-spacer\" data-id=\"6da557f\" data-element_type=\"widget\" data-widget_type=\"spacer.default\">\n\t\t\t\t<div class=\"elementor-widget-container\">\n\t\t\t\t\t<div class=\"elementor-spacer\">\n\t\t\t<div class=\"elementor-spacer-inner\"><\/div>\n\t\t<\/div>\n\t\t\t\t<\/div>\n\t\t\t\t<\/div>\n\t\t\t\t\t<\/div>\n\t\t\t\t<\/div>\n\t\t\t\t<\/div>\n\t\t\t\t<\/div>\n\t\t","protected":false},"excerpt":{"rendered":"<p>Holz Holz mit seiner weichen und warmen Textur ist wie eine Umarmung in der Welt des Designs. Es ist das Echo des Waldes in unseren H\u00e4usern, eine greifbare Erinnerung an die Natur in ihrer sch\u00f6nsten Form. Jede Maserung erz\u00e4hlt eine alte Geschichte, jede polierte Oberfl\u00e4che ist eine Ode an die Handwerkskunst. Im Design ist Holz [&hellip;]<\/p>\n","protected":false},"author":3,"featured_media":0,"parent":0,"menu_order":0,"comment_status":"closed","ping_status":"closed","template":"elementor_header_footer","meta":{"footnotes":""},"class_list":["post-8977","page","type-page","status-publish","hentry"],"aioseo_notices":[],"_links":{"self":[{"href":"https:\/\/decoluxeinteriordesign.com\/de\/wp-json\/wp\/v2\/pages\/8977","targetHints":{"allow":["GET"]}}],"collection":[{"href":"https:\/\/decoluxeinteriordesign.com\/de\/wp-json\/wp\/v2\/pages"}],"about":[{"href":"https:\/\/decoluxeinteriordesign.com\/de\/wp-json\/wp\/v2\/types\/page"}],"author":[{"embeddable":true,"href":"https:\/\/decoluxeinteriordesign.com\/de\/wp-json\/wp\/v2\/users\/3"}],"replies":[{"embeddable":true,"href":"https:\/\/decoluxeinteriordesign.com\/de\/wp-json\/wp\/v2\/comments?post=8977"}],"version-history":[{"count":4,"href":"https:\/\/decoluxeinteriordesign.com\/de\/wp-json\/wp\/v2\/pages\/8977\/revisions"}],"predecessor-version":[{"id":24473,"href":"https:\/\/decoluxeinteriordesign.com\/de\/wp-json\/wp\/v2\/pages\/8977\/revisions\/24473"}],"wp:attachment":[{"href":"https:\/\/decoluxeinteriordesign.com\/de\/wp-json\/wp\/v2\/media?parent=8977"}],"curies":[{"name":"wp","href":"https:\/\/api.w.org\/{rel}","templated":true}]}}