{"id":8384,"date":"2023-10-10T11:08:22","date_gmt":"2023-10-10T11:08:22","guid":{"rendered":"https:\/\/decoluxe.es\/aussenbeleuchtung\/"},"modified":"2024-04-15T12:06:10","modified_gmt":"2024-04-15T12:06:10","slug":"aussenbeleuchtung","status":"publish","type":"page","link":"https:\/\/decoluxeinteriordesign.com\/de\/aussenbeleuchtung\/","title":{"rendered":"Au\u00dfenbeleuchtung"},"content":{"rendered":"\t\t<div data-elementor-type=\"wp-page\" data-elementor-id=\"8384\" class=\"elementor elementor-8384 elementor-4574\" data-elementor-post-type=\"page\">\n\t\t\t\t<div class=\"elementor-element elementor-element-298a59f7 e-flex e-con-boxed e-con e-parent\" data-id=\"298a59f7\" data-element_type=\"container\" data-settings=\"{&quot;background_background&quot;:&quot;classic&quot;}\">\n\t\t\t\t\t<div class=\"e-con-inner\">\n\t\t<div class=\"elementor-element elementor-element-5bc70119 e-con-full e-flex e-con e-child\" data-id=\"5bc70119\" data-element_type=\"container\">\n\t\t\t\t<div class=\"elementor-element elementor-element-6ac08c4d elementor-widget elementor-widget-image\" data-id=\"6ac08c4d\" data-element_type=\"widget\" data-widget_type=\"image.default\">\n\t\t\t\t<div class=\"elementor-widget-container\">\n\t\t\t\t\t\t\t\t\t\t\t\t\t<img fetchpriority=\"high\" decoding=\"async\" width=\"2048\" height=\"2048\" src=\"https:\/\/decoluxeinteriordesign.com\/wp-content\/uploads\/2023\/10\/217507155_4125707820838673_2538294200409336535_n.jpg\" class=\"attachment-full size-full wp-image-2523\" alt=\"\" srcset=\"https:\/\/decoluxeinteriordesign.com\/wp-content\/uploads\/2023\/10\/217507155_4125707820838673_2538294200409336535_n.jpg 2048w, https:\/\/decoluxeinteriordesign.com\/wp-content\/uploads\/2023\/10\/217507155_4125707820838673_2538294200409336535_n-300x300.jpg 300w, https:\/\/decoluxeinteriordesign.com\/wp-content\/uploads\/2023\/10\/217507155_4125707820838673_2538294200409336535_n-1024x1024.jpg 1024w, https:\/\/decoluxeinteriordesign.com\/wp-content\/uploads\/2023\/10\/217507155_4125707820838673_2538294200409336535_n-150x150.jpg 150w, https:\/\/decoluxeinteriordesign.com\/wp-content\/uploads\/2023\/10\/217507155_4125707820838673_2538294200409336535_n-768x768.jpg 768w, https:\/\/decoluxeinteriordesign.com\/wp-content\/uploads\/2023\/10\/217507155_4125707820838673_2538294200409336535_n-1536x1536.jpg 1536w\" sizes=\"(max-width: 2048px) 100vw, 2048px\" \/>\t\t\t\t\t\t\t\t\t\t\t\t\t<\/div>\n\t\t\t\t<\/div>\n\t\t\t\t<\/div>\n\t\t<div class=\"elementor-element elementor-element-67ca038d e-con-full animated-slow e-flex elementor-invisible e-con e-child\" data-id=\"67ca038d\" data-element_type=\"container\" data-settings=\"{&quot;background_background&quot;:&quot;classic&quot;,&quot;animation&quot;:&quot;fadeInDown&quot;,&quot;animation_delay&quot;:200}\">\n\t\t<div class=\"elementor-element elementor-element-663d234c e-flex e-con-boxed e-con e-child\" data-id=\"663d234c\" data-element_type=\"container\">\n\t\t\t\t\t<div class=\"e-con-inner\">\n\t\t\t\t<div class=\"elementor-element elementor-element-1c9536ec elementor-widget__width-auto elementor-hidden-tablet elementor-hidden-mobile elementor-widget elementor-widget-image\" data-id=\"1c9536ec\" data-element_type=\"widget\" data-widget_type=\"image.default\">\n\t\t\t\t<div class=\"elementor-widget-container\">\n\t\t\t\t\t\t\t\t\t\t\t\t\t<img decoding=\"async\" width=\"60\" height=\"60\" src=\"https:\/\/decoluxeinteriordesign.com\/wp-content\/uploads\/2023\/09\/punto.png\" class=\"attachment-large size-large wp-image-184\" alt=\"\" \/>\t\t\t\t\t\t\t\t\t\t\t\t\t<\/div>\n\t\t\t\t<\/div>\n\t\t\t\t<div class=\"elementor-element elementor-element-49050ce1 elementor-widget__width-auto elementor-widget elementor-widget-heading\" data-id=\"49050ce1\" data-element_type=\"widget\" data-widget_type=\"heading.default\">\n\t\t\t\t<div class=\"elementor-widget-container\">\n\t\t\t<h1 class=\"elementor-heading-title elementor-size-default\">Beleuchtung<br><span style=\"font-weight:300\">au\u00dferhalb<\/span><\/h1>\t\t<\/div>\n\t\t\t\t<\/div>\n\t\t\t\t\t<\/div>\n\t\t\t\t<\/div>\n\t\t\t\t<div class=\"elementor-element elementor-element-7f48bebb elementor-widget elementor-widget-text-editor\" data-id=\"7f48bebb\" data-element_type=\"widget\" data-widget_type=\"text-editor.default\">\n\t\t\t\t<div class=\"elementor-widget-container\">\n\t\t\t\t\t\t\t<p>Beleuchten Sie Ihre Abende und versch\u00f6nern Sie Ihren Au\u00dfenbereich mit unseren fesselnden Beleuchtungsdesigns. Von G\u00e4rten bis zu Terrassen schaffen wir magische Atmosph\u00e4ren mit Lichtern, die die Sch\u00f6nheit Ihrer Umgebung unterstreichen. Unser Angebot an Leuchten spendet nicht nur Licht, sondern verleiht Ihrer Landschaft auch einen k\u00fcnstlerischen Touch und verwandelt Ihr Zuhause in einen Ort der Ruhe und des Stils.<\/p>\n<p>Mit modernster Technologie und stilvollem Design sind unsere Au\u00dfenleuchten energieeffizient und witterungsbest\u00e4ndig. Ob es darum geht, eine gem\u00fctliche Atmosph\u00e4re zu schaffen oder architektonische Besonderheiten hervorzuheben, unsere Beleuchtungsl\u00f6sungen werden allen Anforderungen gerecht. Lassen Sie die Au\u00dfenbeleuchtung Ihren Raum in eine n\u00e4chtliche Oase der Sch\u00f6nheit und Ruhe verwandeln. Entdecken Sie mit uns die Kunst der Beleuchtung und lassen Sie Ihr Zuhause in einem einzigartigen Glanz erstrahlen.<\/p>\n\t\t\t\t\t\t<\/div>\n\t\t\t\t<\/div>\n\t\t\t\t<div class=\"elementor-element elementor-element-42c36466 elementor-view-default elementor-widget elementor-widget-icon\" data-id=\"42c36466\" data-element_type=\"widget\" data-widget_type=\"icon.default\">\n\t\t\t\t<div class=\"elementor-widget-container\">\n\t\t\t\t\t<div class=\"elementor-icon-wrapper\">\n\t\t\t<div class=\"elementor-icon\">\n\t\t\t<i aria-hidden=\"true\" class=\"fas fa-chevron-down\"><\/i>\t\t\t<\/div>\n\t\t<\/div>\n\t\t\t\t<\/div>\n\t\t\t\t<\/div>\n\t\t\t\t<\/div>\n\t\t\t\t\t<\/div>\n\t\t\t\t<\/div>\n\t\t<div class=\"elementor-element elementor-element-42cf8c27 e-con-full e-flex e-con e-parent\" data-id=\"42cf8c27\" data-element_type=\"container\">\n\t\t\t\t<div class=\"elementor-element elementor-element-9da36a5 elementor-widget elementor-widget-gallery\" data-id=\"9da36a5\" data-element_type=\"widget\" data-settings=\"{&quot;gap&quot;:{&quot;unit&quot;:&quot;px&quot;,&quot;size&quot;:1,&quot;sizes&quot;:[]},&quot;aspect_ratio&quot;:&quot;1:1&quot;,&quot;overlay_title&quot;:&quot;caption&quot;,&quot;lazyload&quot;:&quot;yes&quot;,&quot;gallery_layout&quot;:&quot;grid&quot;,&quot;columns&quot;:4,&quot;columns_tablet&quot;:2,&quot;columns_mobile&quot;:1,&quot;gap_tablet&quot;:{&quot;unit&quot;:&quot;px&quot;,&quot;size&quot;:10,&quot;sizes&quot;:[]},&quot;gap_mobile&quot;:{&quot;unit&quot;:&quot;px&quot;,&quot;size&quot;:10,&quot;sizes&quot;:[]},&quot;link_to&quot;:&quot;file&quot;,&quot;overlay_background&quot;:&quot;yes&quot;,&quot;content_hover_animation&quot;:&quot;fade-in&quot;}\" data-widget_type=\"gallery.default\">\n\t\t\t\t<div class=\"elementor-widget-container\">\n\t\t\t\t\t<div class=\"elementor-gallery__container\">\n\t\t\t\t\t\t\t<a class=\"e-gallery-item elementor-gallery-item elementor-animated-content\" href=\"https:\/\/decoluxeinteriordesign.com\/wp-content\/uploads\/2023\/10\/coral-pendant-lamp-decor-lighting-by-arturo-alvarez-general.jpg\" data-elementor-open-lightbox=\"yes\" data-elementor-lightbox-slideshow=\"9da36a5\" data-elementor-lightbox-title=\"CORAL COLLECTION\" data-e-action-hash=\"#elementor-action%3Aaction%3Dlightbox%26settings%3DeyJpZCI6MjcxOSwidXJsIjoiaHR0cHM6XC9cL2RlY29sdXhlaW50ZXJpb3JkZXNpZ24uY29tXC93cC1jb250ZW50XC91cGxvYWRzXC8yMDIzXC8xMFwvY29yYWwtcGVuZGFudC1sYW1wLWRlY29yLWxpZ2h0aW5nLWJ5LWFydHVyby1hbHZhcmV6LWdlbmVyYWwuanBnIiwic2xpZGVzaG93IjoiOWRhMzZhNSJ9\">\n\t\t\t\t\t<div class=\"e-gallery-image elementor-gallery-item__image\" data-thumbnail=\"https:\/\/decoluxeinteriordesign.com\/wp-content\/uploads\/2023\/10\/coral-pendant-lamp-decor-lighting-by-arturo-alvarez-general.jpg\" data-width=\"1500\" data-height=\"1000\" aria-label=\"\" role=\"img\" ><\/div>\n\t\t\t\t\t\t\t\t\t\t\t<div class=\"elementor-gallery-item__overlay\"><\/div>\n\t\t\t\t\t\t\t\t\t\t\t\t\t\t\t<div class=\"elementor-gallery-item__content\">\n\t\t\t\t\t\t\t\t\t\t\t\t\t\t<div class=\"elementor-gallery-item__title\">\n\t\t\t\t\t\t\t\t\t\t\t\t\t\t\t\t\t\tCORAL COLLECTION\t\t\t\t\t\t\t\t<\/div>\n\t\t\t\t\t\t\t\t\t\t\t\t<\/div>\n\t\t\t\t\t\t\t\t\t<\/a>\n\t\t\t\t\t\t\t<a class=\"e-gallery-item elementor-gallery-item elementor-animated-content\" href=\"https:\/\/decoluxeinteriordesign.com\/wp-content\/uploads\/2023\/10\/335363850_771117314292382_3342315165802455877_n.jpg\" data-elementor-open-lightbox=\"yes\" data-elementor-lightbox-slideshow=\"9da36a5\" data-elementor-lightbox-title=\"WIRELINE\" data-e-action-hash=\"#elementor-action%3Aaction%3Dlightbox%26settings%3DeyJpZCI6MjUzNSwidXJsIjoiaHR0cHM6XC9cL2RlY29sdXhlaW50ZXJpb3JkZXNpZ24uY29tXC93cC1jb250ZW50XC91cGxvYWRzXC8yMDIzXC8xMFwvMzM1MzYzODUwXzc3MTExNzMxNDI5MjM4Ml8zMzQyMzE1MTY1ODAyNDU1ODc3X24uanBnIiwic2xpZGVzaG93IjoiOWRhMzZhNSJ9\">\n\t\t\t\t\t<div class=\"e-gallery-image elementor-gallery-item__image\" data-thumbnail=\"https:\/\/decoluxeinteriordesign.com\/wp-content\/uploads\/2023\/10\/335363850_771117314292382_3342315165802455877_n.jpg\" data-width=\"1080\" data-height=\"1350\" aria-label=\"\" role=\"img\" ><\/div>\n\t\t\t\t\t\t\t\t\t\t\t<div class=\"elementor-gallery-item__overlay\"><\/div>\n\t\t\t\t\t\t\t\t\t\t\t\t\t\t\t<div class=\"elementor-gallery-item__content\">\n\t\t\t\t\t\t\t\t\t\t\t\t\t\t<div class=\"elementor-gallery-item__title\">\n\t\t\t\t\t\t\t\t\t\t\t\t\t\t\t\t\t\tWIRELINE\t\t\t\t\t\t\t\t<\/div>\n\t\t\t\t\t\t\t\t\t\t\t\t<\/div>\n\t\t\t\t\t\t\t\t\t<\/a>\n\t\t\t\t\t\t\t<a class=\"e-gallery-item elementor-gallery-item elementor-animated-content\" href=\"https:\/\/decoluxeinteriordesign.com\/wp-content\/uploads\/2023\/10\/278177495_4982619925147454_6299931272070742793_n.jpg\" data-elementor-open-lightbox=\"yes\" data-elementor-lightbox-slideshow=\"9da36a5\" data-elementor-lightbox-title=\"MAYDAY OUTDOOR\" data-e-action-hash=\"#elementor-action%3Aaction%3Dlightbox%26settings%3DeyJpZCI6MjUyNiwidXJsIjoiaHR0cHM6XC9cL2RlY29sdXhlaW50ZXJpb3JkZXNpZ24uY29tXC93cC1jb250ZW50XC91cGxvYWRzXC8yMDIzXC8xMFwvMjc4MTc3NDk1XzQ5ODI2MTk5MjUxNDc0NTRfNjI5OTkzMTI3MjA3MDc0Mjc5M19uLmpwZyIsInNsaWRlc2hvdyI6IjlkYTM2YTUifQ%3D%3D\">\n\t\t\t\t\t<div class=\"e-gallery-image elementor-gallery-item__image\" data-thumbnail=\"https:\/\/decoluxeinteriordesign.com\/wp-content\/uploads\/2023\/10\/278177495_4982619925147454_6299931272070742793_n.jpg\" data-width=\"1365\" data-height=\"2048\" aria-label=\"\" role=\"img\" ><\/div>\n\t\t\t\t\t\t\t\t\t\t\t<div class=\"elementor-gallery-item__overlay\"><\/div>\n\t\t\t\t\t\t\t\t\t\t\t\t\t\t\t<div class=\"elementor-gallery-item__content\">\n\t\t\t\t\t\t\t\t\t\t\t\t\t\t<div class=\"elementor-gallery-item__title\">\n\t\t\t\t\t\t\t\t\t\t\t\t\t\t\t\t\t\tMAYDAY OUTDOOR\t\t\t\t\t\t\t\t<\/div>\n\t\t\t\t\t\t\t\t\t\t\t\t<\/div>\n\t\t\t\t\t\t\t\t\t<\/a>\n\t\t\t\t\t\t\t<a class=\"e-gallery-item elementor-gallery-item elementor-animated-content\" href=\"https:\/\/decoluxeinteriordesign.com\/wp-content\/uploads\/2023\/10\/278180878_4982619725147474_2198163924757834526_n.jpg\" data-elementor-open-lightbox=\"yes\" data-elementor-lightbox-slideshow=\"9da36a5\" data-elementor-lightbox-title=\"IN VITRO BOLLARD 3 \" data-e-action-hash=\"#elementor-action%3Aaction%3Dlightbox%26settings%3DeyJpZCI6MjUyNywidXJsIjoiaHR0cHM6XC9cL2RlY29sdXhlaW50ZXJpb3JkZXNpZ24uY29tXC93cC1jb250ZW50XC91cGxvYWRzXC8yMDIzXC8xMFwvMjc4MTgwODc4XzQ5ODI2MTk3MjUxNDc0NzRfMjE5ODE2MzkyNDc1NzgzNDUyNl9uLmpwZyIsInNsaWRlc2hvdyI6IjlkYTM2YTUifQ%3D%3D\">\n\t\t\t\t\t<div class=\"e-gallery-image elementor-gallery-item__image\" data-thumbnail=\"https:\/\/decoluxeinteriordesign.com\/wp-content\/uploads\/2023\/10\/278180878_4982619725147474_2198163924757834526_n.jpg\" data-width=\"1365\" data-height=\"2048\" aria-label=\"\" role=\"img\" ><\/div>\n\t\t\t\t\t\t\t\t\t\t\t<div class=\"elementor-gallery-item__overlay\"><\/div>\n\t\t\t\t\t\t\t\t\t\t\t\t\t\t\t<div class=\"elementor-gallery-item__content\">\n\t\t\t\t\t\t\t\t\t\t\t\t\t\t<div class=\"elementor-gallery-item__title\">\n\t\t\t\t\t\t\t\t\t\t\t\t\t\t\t\t\t\tIN VITRO BOLLARD 3 \t\t\t\t\t\t\t\t<\/div>\n\t\t\t\t\t\t\t\t\t\t\t\t<\/div>\n\t\t\t\t\t\t\t\t\t<\/a>\n\t\t\t\t\t\t\t<a class=\"e-gallery-item elementor-gallery-item elementor-animated-content\" href=\"https:\/\/decoluxeinteriordesign.com\/wp-content\/uploads\/2023\/10\/278185102_4982619801814133_4752539309207673430_n.jpg\" data-elementor-open-lightbox=\"yes\" data-elementor-lightbox-slideshow=\"9da36a5\" data-elementor-lightbox-title=\"IN VITRO BOLLARD 3 \" data-e-action-hash=\"#elementor-action%3Aaction%3Dlightbox%26settings%3DeyJpZCI6MjUyOCwidXJsIjoiaHR0cHM6XC9cL2RlY29sdXhlaW50ZXJpb3JkZXNpZ24uY29tXC93cC1jb250ZW50XC91cGxvYWRzXC8yMDIzXC8xMFwvMjc4MTg1MTAyXzQ5ODI2MTk4MDE4MTQxMzNfNDc1MjUzOTMwOTIwNzY3MzQzMF9uLmpwZyIsInNsaWRlc2hvdyI6IjlkYTM2YTUifQ%3D%3D\">\n\t\t\t\t\t<div class=\"e-gallery-image elementor-gallery-item__image\" data-thumbnail=\"https:\/\/decoluxeinteriordesign.com\/wp-content\/uploads\/2023\/10\/278185102_4982619801814133_4752539309207673430_n.jpg\" data-width=\"1365\" data-height=\"2048\" aria-label=\"\" role=\"img\" ><\/div>\n\t\t\t\t\t\t\t\t\t\t\t<div class=\"elementor-gallery-item__overlay\"><\/div>\n\t\t\t\t\t\t\t\t\t\t\t\t\t\t\t<div class=\"elementor-gallery-item__content\">\n\t\t\t\t\t\t\t\t\t\t\t\t\t\t<div class=\"elementor-gallery-item__title\">\n\t\t\t\t\t\t\t\t\t\t\t\t\t\t\t\t\t\tIN VITRO BOLLARD 3 \t\t\t\t\t\t\t\t<\/div>\n\t\t\t\t\t\t\t\t\t\t\t\t<\/div>\n\t\t\t\t\t\t\t\t\t<\/a>\n\t\t\t\t\t\t\t<a class=\"e-gallery-item elementor-gallery-item elementor-animated-content\" href=\"https:\/\/decoluxeinteriordesign.com\/wp-content\/uploads\/2023\/10\/278193488_4982619711814142_676056222081601595_n.jpg\" data-elementor-open-lightbox=\"yes\" data-elementor-lightbox-slideshow=\"9da36a5\" data-elementor-lightbox-title=\"MAYDAY OUTDOOR \" data-e-action-hash=\"#elementor-action%3Aaction%3Dlightbox%26settings%3DeyJpZCI6MjUyOSwidXJsIjoiaHR0cHM6XC9cL2RlY29sdXhlaW50ZXJpb3JkZXNpZ24uY29tXC93cC1jb250ZW50XC91cGxvYWRzXC8yMDIzXC8xMFwvMjc4MTkzNDg4XzQ5ODI2MTk3MTE4MTQxNDJfNjc2MDU2MjIyMDgxNjAxNTk1X24uanBnIiwic2xpZGVzaG93IjoiOWRhMzZhNSJ9\">\n\t\t\t\t\t<div class=\"e-gallery-image elementor-gallery-item__image\" data-thumbnail=\"https:\/\/decoluxeinteriordesign.com\/wp-content\/uploads\/2023\/10\/278193488_4982619711814142_676056222081601595_n.jpg\" data-width=\"2048\" data-height=\"1365\" aria-label=\"\" role=\"img\" ><\/div>\n\t\t\t\t\t\t\t\t\t\t\t<div class=\"elementor-gallery-item__overlay\"><\/div>\n\t\t\t\t\t\t\t\t\t\t\t\t\t\t\t<div class=\"elementor-gallery-item__content\">\n\t\t\t\t\t\t\t\t\t\t\t\t\t\t<div class=\"elementor-gallery-item__title\">\n\t\t\t\t\t\t\t\t\t\t\t\t\t\t\t\t\t\tMAYDAY OUTDOOR \t\t\t\t\t\t\t\t<\/div>\n\t\t\t\t\t\t\t\t\t\t\t\t<\/div>\n\t\t\t\t\t\t\t\t\t<\/a>\n\t\t\t\t\t\t\t<a class=\"e-gallery-item elementor-gallery-item elementor-animated-content\" href=\"https:\/\/decoluxeinteriordesign.com\/wp-content\/uploads\/2023\/10\/287583582_5174511542624957_4287377249831992516_n.jpg\" data-elementor-open-lightbox=\"yes\" data-elementor-lightbox-slideshow=\"9da36a5\" data-elementor-lightbox-title=\"MAYDAY OUTDOOR \" data-e-action-hash=\"#elementor-action%3Aaction%3Dlightbox%26settings%3DeyJpZCI6MjUzMiwidXJsIjoiaHR0cHM6XC9cL2RlY29sdXhlaW50ZXJpb3JkZXNpZ24uY29tXC93cC1jb250ZW50XC91cGxvYWRzXC8yMDIzXC8xMFwvMjg3NTgzNTgyXzUxNzQ1MTE1NDI2MjQ5NTdfNDI4NzM3NzI0OTgzMTk5MjUxNl9uLmpwZyIsInNsaWRlc2hvdyI6IjlkYTM2YTUifQ%3D%3D\">\n\t\t\t\t\t<div class=\"e-gallery-image elementor-gallery-item__image\" data-thumbnail=\"https:\/\/decoluxeinteriordesign.com\/wp-content\/uploads\/2023\/10\/287583582_5174511542624957_4287377249831992516_n.jpg\" data-width=\"2000\" data-height=\"1766\" aria-label=\"\" role=\"img\" ><\/div>\n\t\t\t\t\t\t\t\t\t\t\t<div class=\"elementor-gallery-item__overlay\"><\/div>\n\t\t\t\t\t\t\t\t\t\t\t\t\t\t\t<div class=\"elementor-gallery-item__content\">\n\t\t\t\t\t\t\t\t\t\t\t\t\t\t<div class=\"elementor-gallery-item__title\">\n\t\t\t\t\t\t\t\t\t\t\t\t\t\t\t\t\t\tMAYDAY OUTDOOR \t\t\t\t\t\t\t\t<\/div>\n\t\t\t\t\t\t\t\t\t\t\t\t<\/div>\n\t\t\t\t\t\t\t\t\t<\/a>\n\t\t\t\t\t\t\t<a class=\"e-gallery-item elementor-gallery-item elementor-animated-content\" href=\"https:\/\/decoluxeinteriordesign.com\/wp-content\/uploads\/2023\/10\/217733083_4125618717514250_843336280131822423_n.jpg\" data-elementor-open-lightbox=\"yes\" data-elementor-lightbox-slideshow=\"9da36a5\" data-elementor-lightbox-title=\"MILE BOLLARD 2 DOUBLE\" data-e-action-hash=\"#elementor-action%3Aaction%3Dlightbox%26settings%3DeyJpZCI6MjUyNCwidXJsIjoiaHR0cHM6XC9cL2RlY29sdXhlaW50ZXJpb3JkZXNpZ24uY29tXC93cC1jb250ZW50XC91cGxvYWRzXC8yMDIzXC8xMFwvMjE3NzMzMDgzXzQxMjU2MTg3MTc1MTQyNTBfODQzMzM2MjgwMTMxODIyNDIzX24uanBnIiwic2xpZGVzaG93IjoiOWRhMzZhNSJ9\">\n\t\t\t\t\t<div class=\"e-gallery-image elementor-gallery-item__image\" data-thumbnail=\"https:\/\/decoluxeinteriordesign.com\/wp-content\/uploads\/2023\/10\/217733083_4125618717514250_843336280131822423_n.jpg\" data-width=\"2000\" data-height=\"2000\" aria-label=\"\" role=\"img\" ><\/div>\n\t\t\t\t\t\t\t\t\t\t\t<div class=\"elementor-gallery-item__overlay\"><\/div>\n\t\t\t\t\t\t\t\t\t\t\t\t\t\t\t<div class=\"elementor-gallery-item__content\">\n\t\t\t\t\t\t\t\t\t\t\t\t\t\t<div class=\"elementor-gallery-item__title\">\n\t\t\t\t\t\t\t\t\t\t\t\t\t\t\t\t\t\tMILE BOLLARD 2 DOUBLE\t\t\t\t\t\t\t\t<\/div>\n\t\t\t\t\t\t\t\t\t\t\t\t<\/div>\n\t\t\t\t\t\t\t\t\t<\/a>\n\t\t\t\t\t\t\t<a class=\"e-gallery-item elementor-gallery-item elementor-animated-content\" href=\"https:\/\/decoluxeinteriordesign.com\/wp-content\/uploads\/2023\/10\/217507155_4125707820838673_2538294200409336535_n.jpg\" data-elementor-open-lightbox=\"yes\" data-elementor-lightbox-slideshow=\"9da36a5\" data-elementor-lightbox-title=\"MILE WALL 2 ASYMMETRIC\" data-e-action-hash=\"#elementor-action%3Aaction%3Dlightbox%26settings%3DeyJpZCI6MjUyMywidXJsIjoiaHR0cHM6XC9cL2RlY29sdXhlaW50ZXJpb3JkZXNpZ24uY29tXC93cC1jb250ZW50XC91cGxvYWRzXC8yMDIzXC8xMFwvMjE3NTA3MTU1XzQxMjU3MDc4MjA4Mzg2NzNfMjUzODI5NDIwMDQwOTMzNjUzNV9uLmpwZyIsInNsaWRlc2hvdyI6IjlkYTM2YTUifQ%3D%3D\">\n\t\t\t\t\t<div class=\"e-gallery-image elementor-gallery-item__image\" data-thumbnail=\"https:\/\/decoluxeinteriordesign.com\/wp-content\/uploads\/2023\/10\/217507155_4125707820838673_2538294200409336535_n.jpg\" data-width=\"2048\" data-height=\"2048\" aria-label=\"\" role=\"img\" ><\/div>\n\t\t\t\t\t\t\t\t\t\t\t<div class=\"elementor-gallery-item__overlay\"><\/div>\n\t\t\t\t\t\t\t\t\t\t\t\t\t\t\t<div class=\"elementor-gallery-item__content\">\n\t\t\t\t\t\t\t\t\t\t\t\t\t\t<div class=\"elementor-gallery-item__title\">\n\t\t\t\t\t\t\t\t\t\t\t\t\t\t\t\t\t\tMILE WALL 2 ASYMMETRIC\t\t\t\t\t\t\t\t<\/div>\n\t\t\t\t\t\t\t\t\t\t\t\t<\/div>\n\t\t\t\t\t\t\t\t\t<\/a>\n\t\t\t\t\t<\/div>\n\t\t\t<\/div>\n\t\t\t\t<\/div>\n\t\t\t\t<\/div>\n\t\t<div class=\"elementor-element elementor-element-58b88bf6 e-con-full elementor-hidden-mobile e-flex e-con e-parent\" data-id=\"58b88bf6\" data-element_type=\"container\">\n\t\t<div class=\"elementor-element elementor-element-1034a6e7 e-con-full e-flex e-con e-child\" data-id=\"1034a6e7\" data-element_type=\"container\" data-settings=\"{&quot;background_background&quot;:&quot;classic&quot;}\">\n\t\t\t\t<div class=\"elementor-element elementor-element-33dad953 elementor-widget elementor-widget-spacer\" data-id=\"33dad953\" data-element_type=\"widget\" data-widget_type=\"spacer.default\">\n\t\t\t\t<div class=\"elementor-widget-container\">\n\t\t\t\t\t<div class=\"elementor-spacer\">\n\t\t\t<div class=\"elementor-spacer-inner\"><\/div>\n\t\t<\/div>\n\t\t\t\t<\/div>\n\t\t\t\t<\/div>\n\t\t\t\t<\/div>\n\t\t<div class=\"elementor-element elementor-element-d65cc86 e-con-full e-flex e-con e-child\" data-id=\"d65cc86\" data-element_type=\"container\" data-settings=\"{&quot;background_background&quot;:&quot;classic&quot;,&quot;sticky&quot;:&quot;bottom&quot;,&quot;sticky_on&quot;:[&quot;desktop&quot;,&quot;tablet&quot;,&quot;mobile&quot;],&quot;sticky_offset&quot;:0,&quot;sticky_effects_offset&quot;:0,&quot;sticky_anchor_link_offset&quot;:0}\">\n\t\t\t\t<div class=\"elementor-element elementor-element-dc27beb elementor-widget__width-initial elementor-widget elementor-widget-text-editor\" data-id=\"dc27beb\" data-element_type=\"widget\" data-widget_type=\"text-editor.default\">\n\t\t\t\t<div class=\"elementor-widget-container\">\n\t\t\t\t\t\t\t<p>Das k\u00f6nnte Sie auch interessieren:<\/p>\n\t\t\t\t\t\t<\/div>\n\t\t\t\t<\/div>\n\t\t\t\t<\/div>\n\t\t<div class=\"elementor-element elementor-element-bf4b7f2 e-flex e-con-boxed e-con e-child\" data-id=\"bf4b7f2\" data-element_type=\"container\" data-settings=\"{&quot;background_background&quot;:&quot;classic&quot;,&quot;sticky&quot;:&quot;bottom&quot;,&quot;sticky_on&quot;:[&quot;desktop&quot;,&quot;tablet&quot;,&quot;mobile&quot;],&quot;sticky_offset&quot;:0,&quot;sticky_effects_offset&quot;:0,&quot;sticky_anchor_link_offset&quot;:0}\">\n\t\t\t\t\t<div class=\"e-con-inner\">\n\t\t<div class=\"elementor-element elementor-element-4cb28cb7 e-con-full e-flex e-con e-child\" data-id=\"4cb28cb7\" data-element_type=\"container\">\n\t\t\t\t<div class=\"elementor-element elementor-element-46aaaa58 elementor-widget elementor-widget-text-editor\" data-id=\"46aaaa58\" data-element_type=\"widget\" data-widget_type=\"text-editor.default\">\n\t\t\t\t<div class=\"elementor-widget-container\">\n\t\t\t\t\t\t\t<p style=\"text-align: center;\"><a href=\"https:\/\/decoluxe.es\/de\/tische-fuer-draussen\/\"><span style=\"color: #999999;\">Tische f\u00fcr drau\u00dfen<\/span><\/a><\/p>\n\t\t\t\t\t\t<\/div>\n\t\t\t\t<\/div>\n\t\t\t\t<\/div>\n\t\t<div class=\"elementor-element elementor-element-24d906b3 e-con-full e-flex e-con e-child\" data-id=\"24d906b3\" data-element_type=\"container\">\n\t\t\t\t<div class=\"elementor-element elementor-element-59ae45b2 elementor-widget elementor-widget-text-editor\" data-id=\"59ae45b2\" data-element_type=\"widget\" data-widget_type=\"text-editor.default\">\n\t\t\t\t<div class=\"elementor-widget-container\">\n\t\t\t\t\t\t\t<p style=\"text-align: center;\"><a href=\"https:\/\/decoluxe.es\/de\/stuehle-fuer-draussen\/\"><span style=\"color: #808080;\">St\u00fchle f\u00fcr drau\u00dfen<\/span><\/a><\/p>\n\t\t\t\t\t\t<\/div>\n\t\t\t\t<\/div>\n\t\t\t\t<\/div>\n\t\t<div class=\"elementor-element elementor-element-2a6a68a7 e-con-full e-flex e-con e-child\" data-id=\"2a6a68a7\" data-element_type=\"container\">\n\t\t\t\t<div class=\"elementor-element elementor-element-554f0e6b elementor-widget elementor-widget-text-editor\" data-id=\"554f0e6b\" data-element_type=\"widget\" data-widget_type=\"text-editor.default\">\n\t\t\t\t<div class=\"elementor-widget-container\">\n\t\t\t\t\t\t\t<p style=\"text-align: center;\"><a href=\"https:\/\/decoluxe.es\/de\/outdoor-sessel\/\"><span style=\"color: #808080;\">Outdoor-Sessel<\/span><\/a><\/p>\n\t\t\t\t\t\t<\/div>\n\t\t\t\t<\/div>\n\t\t\t\t<\/div>\n\t\t<div class=\"elementor-element elementor-element-640a2962 e-con-full e-flex e-con e-child\" data-id=\"640a2962\" data-element_type=\"container\">\n\t\t\t\t<div class=\"elementor-element elementor-element-14af83e0 elementor-widget elementor-widget-text-editor\" data-id=\"14af83e0\" data-element_type=\"widget\" data-widget_type=\"text-editor.default\">\n\t\t\t\t<div class=\"elementor-widget-container\">\n\t\t\t\t\t\t\t<p style=\"text-align: center;\"><a href=\"https:\/\/decoluxe.es\/de\/outdoor-sofas\/\"><span style=\"color: #808080;\">Outdoor-Sofas<\/span><\/a><\/p>\n\t\t\t\t\t\t<\/div>\n\t\t\t\t<\/div>\n\t\t\t\t<\/div>\n\t\t<div class=\"elementor-element elementor-element-442e9575 e-con-full e-flex e-con e-child\" data-id=\"442e9575\" data-element_type=\"container\">\n\t\t\t\t<div class=\"elementor-element elementor-element-6462f815 elementor-widget elementor-widget-text-editor\" data-id=\"6462f815\" data-element_type=\"widget\" data-widget_type=\"text-editor.default\">\n\t\t\t\t<div class=\"elementor-widget-container\">\n\t\t\t\t\t\t\t<p style=\"text-align: center;\"><a href=\"https:\/\/decoluxe.es\/de\/gartenarbeit\/\"><span style=\"color: #808080;\">Gartenarbeit<\/span><\/a><\/p>\n\t\t\t\t\t\t<\/div>\n\t\t\t\t<\/div>\n\t\t\t\t<\/div>\n\t\t\t\t\t<\/div>\n\t\t\t\t<\/div>\n\t\t<div class=\"elementor-element elementor-element-7abf0684 e-flex e-con-boxed e-con e-child\" data-id=\"7abf0684\" data-element_type=\"container\" data-settings=\"{&quot;background_background&quot;:&quot;classic&quot;}\">\n\t\t\t\t\t<div class=\"e-con-inner\">\n\t\t\t\t<div class=\"elementor-element elementor-element-1bf9c30c elementor-widget elementor-widget-spacer\" data-id=\"1bf9c30c\" data-element_type=\"widget\" data-widget_type=\"spacer.default\">\n\t\t\t\t<div class=\"elementor-widget-container\">\n\t\t\t\t\t<div class=\"elementor-spacer\">\n\t\t\t<div class=\"elementor-spacer-inner\"><\/div>\n\t\t<\/div>\n\t\t\t\t<\/div>\n\t\t\t\t<\/div>\n\t\t\t\t\t<\/div>\n\t\t\t\t<\/div>\n\t\t\t\t<\/div>\n\t\t\t\t<\/div>\n\t\t","protected":false},"excerpt":{"rendered":"<p>Beleuchtungau\u00dferhalb Beleuchten Sie Ihre Abende und versch\u00f6nern Sie Ihren Au\u00dfenbereich mit unseren fesselnden Beleuchtungsdesigns. Von G\u00e4rten bis zu Terrassen schaffen wir magische Atmosph\u00e4ren mit Lichtern, die die Sch\u00f6nheit Ihrer Umgebung unterstreichen. Unser Angebot an Leuchten spendet nicht nur Licht, sondern verleiht Ihrer Landschaft auch einen k\u00fcnstlerischen Touch und verwandelt Ihr Zuhause in einen Ort der [&hellip;]<\/p>\n","protected":false},"author":3,"featured_media":0,"parent":0,"menu_order":0,"comment_status":"closed","ping_status":"closed","template":"elementor_header_footer","meta":{"footnotes":""},"class_list":["post-8384","page","type-page","status-publish","hentry"],"aioseo_notices":[],"_links":{"self":[{"href":"https:\/\/decoluxeinteriordesign.com\/de\/wp-json\/wp\/v2\/pages\/8384","targetHints":{"allow":["GET"]}}],"collection":[{"href":"https:\/\/decoluxeinteriordesign.com\/de\/wp-json\/wp\/v2\/pages"}],"about":[{"href":"https:\/\/decoluxeinteriordesign.com\/de\/wp-json\/wp\/v2\/types\/page"}],"author":[{"embeddable":true,"href":"https:\/\/decoluxeinteriordesign.com\/de\/wp-json\/wp\/v2\/users\/3"}],"replies":[{"embeddable":true,"href":"https:\/\/decoluxeinteriordesign.com\/de\/wp-json\/wp\/v2\/comments?post=8384"}],"version-history":[{"count":9,"href":"https:\/\/decoluxeinteriordesign.com\/de\/wp-json\/wp\/v2\/pages\/8384\/revisions"}],"predecessor-version":[{"id":27377,"href":"https:\/\/decoluxeinteriordesign.com\/de\/wp-json\/wp\/v2\/pages\/8384\/revisions\/27377"}],"wp:attachment":[{"href":"https:\/\/decoluxeinteriordesign.com\/de\/wp-json\/wp\/v2\/media?parent=8384"}],"curies":[{"name":"wp","href":"https:\/\/api.w.org\/{rel}","templated":true}]}}