{"id":8010,"date":"2023-10-04T11:18:13","date_gmt":"2023-10-04T11:18:13","guid":{"rendered":"https:\/\/decoluxe.es\/haus-in-phoenix\/"},"modified":"2024-04-15T12:06:07","modified_gmt":"2024-04-15T12:06:07","slug":"haus-in-phoenix","status":"publish","type":"page","link":"https:\/\/decoluxeinteriordesign.com\/de\/haus-in-phoenix\/","title":{"rendered":"Haus in Phoenix"},"content":{"rendered":"\t\t<div data-elementor-type=\"wp-page\" data-elementor-id=\"8010\" class=\"elementor elementor-8010 elementor-1976\" data-elementor-post-type=\"page\">\n\t\t\t\t<div class=\"elementor-element elementor-element-5aabbc6c e-flex e-con-boxed e-con e-parent\" data-id=\"5aabbc6c\" data-element_type=\"container\">\n\t\t\t\t\t<div class=\"e-con-inner\">\n\t\t<div class=\"elementor-element elementor-element-43795941 e-flex e-con-boxed e-con e-child\" data-id=\"43795941\" data-element_type=\"container\">\n\t\t\t\t\t<div class=\"e-con-inner\">\n\t\t<div class=\"elementor-element elementor-element-23971207 e-con-full e-flex e-con e-child\" data-id=\"23971207\" data-element_type=\"container\">\n\t\t\t\t<div class=\"elementor-element elementor-element-48c193c elementor-widget__width-initial elementor-widget elementor-widget-heading\" data-id=\"48c193c\" data-element_type=\"widget\" data-widget_type=\"heading.default\">\n\t\t\t\t<div class=\"elementor-widget-container\">\n\t\t\t<h2 class=\"elementor-heading-title elementor-size-xxl\">Haus Phoenix<\/h2>\t\t<\/div>\n\t\t\t\t<\/div>\n\t\t\t\t<div class=\"elementor-element elementor-element-2e74a0f elementor-widget elementor-widget-heading\" data-id=\"2e74a0f\" data-element_type=\"widget\" data-widget_type=\"heading.default\">\n\t\t\t\t<div class=\"elementor-widget-container\">\n\t\t\t<h2 class=\"elementor-heading-title elementor-size-xxl\">arizona<\/h2>\t\t<\/div>\n\t\t\t\t<\/div>\n\t\t\t\t<div class=\"elementor-element elementor-element-1291d59d elementor-widget elementor-widget-text-editor\" data-id=\"1291d59d\" data-element_type=\"widget\" data-widget_type=\"text-editor.default\">\n\t\t\t\t<div class=\"elementor-widget-container\">\n\t\t\t\t\t\t\t<p>Adam Long, Kreativdirektor, und Cecilie Bresson, Visagistin, sind ein junges Paar, das beschlossen hat, in diesem Haus in Phoenix zu leben, in einem der Viertel, die die wilde Seite mit der Stadt verbinden.<\/p>\n\t\t\t\t\t\t<\/div>\n\t\t\t\t<\/div>\n\t\t\t\t<div class=\"elementor-element elementor-element-3cc452f9 elementor-view-default elementor-widget elementor-widget-icon\" data-id=\"3cc452f9\" data-element_type=\"widget\" data-widget_type=\"icon.default\">\n\t\t\t\t<div class=\"elementor-widget-container\">\n\t\t\t\t\t<div class=\"elementor-icon-wrapper\">\n\t\t\t<div class=\"elementor-icon\">\n\t\t\t<i aria-hidden=\"true\" class=\"fas fa-chevron-down\"><\/i>\t\t\t<\/div>\n\t\t<\/div>\n\t\t\t\t<\/div>\n\t\t\t\t<\/div>\n\t\t\t\t<\/div>\n\t\t<div class=\"elementor-element elementor-element-53ddd533 e-con-full e-flex e-con e-child\" data-id=\"53ddd533\" data-element_type=\"container\">\n\t\t\t\t<div class=\"elementor-element elementor-element-69aed811 elementor-widget elementor-widget-image\" data-id=\"69aed811\" data-element_type=\"widget\" data-widget_type=\"image.default\">\n\t\t\t\t<div class=\"elementor-widget-container\">\n\t\t\t\t\t\t\t\t\t\t\t\t\t<img fetchpriority=\"high\" decoding=\"async\" width=\"1920\" height=\"1371\" src=\"https:\/\/decoluxeinteriordesign.com\/wp-content\/uploads\/2023\/10\/unidad-de-pared-de-la-sala-de-estar-moderna-or-pared-equipada-36e8-or-lago.jpeg\" class=\"attachment-full size-full wp-image-1982\" alt=\"\" srcset=\"https:\/\/decoluxeinteriordesign.com\/wp-content\/uploads\/2023\/10\/unidad-de-pared-de-la-sala-de-estar-moderna-or-pared-equipada-36e8-or-lago.jpeg 1920w, https:\/\/decoluxeinteriordesign.com\/wp-content\/uploads\/2023\/10\/unidad-de-pared-de-la-sala-de-estar-moderna-or-pared-equipada-36e8-or-lago-300x214.jpeg 300w, https:\/\/decoluxeinteriordesign.com\/wp-content\/uploads\/2023\/10\/unidad-de-pared-de-la-sala-de-estar-moderna-or-pared-equipada-36e8-or-lago-1024x731.jpeg 1024w, https:\/\/decoluxeinteriordesign.com\/wp-content\/uploads\/2023\/10\/unidad-de-pared-de-la-sala-de-estar-moderna-or-pared-equipada-36e8-or-lago-768x548.jpeg 768w, https:\/\/decoluxeinteriordesign.com\/wp-content\/uploads\/2023\/10\/unidad-de-pared-de-la-sala-de-estar-moderna-or-pared-equipada-36e8-or-lago-1536x1097.jpeg 1536w\" sizes=\"(max-width: 1920px) 100vw, 1920px\" \/>\t\t\t\t\t\t\t\t\t\t\t\t\t<\/div>\n\t\t\t\t<\/div>\n\t\t\t\t<\/div>\n\t\t\t\t\t<\/div>\n\t\t\t\t<\/div>\n\t\t\t\t\t<\/div>\n\t\t\t\t<\/div>\n\t\t<div class=\"elementor-element elementor-element-1dd39ac4 e-flex e-con-boxed e-con e-parent\" data-id=\"1dd39ac4\" data-element_type=\"container\">\n\t\t\t\t\t<div class=\"e-con-inner\">\n\t\t\t\t<div class=\"elementor-element elementor-element-3b4d926e elementor-widget__width-initial elementor-widget elementor-widget-text-editor\" data-id=\"3b4d926e\" data-element_type=\"widget\" data-widget_type=\"text-editor.default\">\n\t\t\t\t<div class=\"elementor-widget-container\">\n\t\t\t\t\t\t\t<p style=\"text-align: center;\"><em>Von dieser Position aus<\/em> &#8222;, erkl\u00e4rt Cecilie, &#8222;m\u00fcssen wir in der Lage sein  <em>Wir atmen den Pioniergeist Arizonas und gleichzeitig seine Modernit\u00e4t. Bei der Einrichtung des Hauses haben wir warme Farben und nat\u00fcrliche Materialien in den Vordergrund gestellt, um die R\u00e4ume harmonisch und gem\u00fctlich zu gestalten. Das LAGO-Design schafft eine Verbindung zwischen der Kreativit\u00e4t von Phoenix und dem Raum, in dem wir leben.  <strong>Das Haus ist f\u00fcr uns ein intimer Ort, aber auch ein Ort des Austauschs. Es geht darum, zuzuh\u00f6ren und neue Perspektiven zuzulassen.<\/strong>&#8222;<\/em><\/p>\n<p style=\"text-align: center;\">Die klaren Linien der <strong>LAGO-M\u00f6bel<\/strong> und ihr einzigartiges Design schaffen eine emotionale Reise, die den \u00dcbergang von den grundlegenden Momenten der Geselligkeit zur Zeit des Studiums und der Intimit\u00e4t stimuliert. Eine elegante Einladung zum Erforschen und \u00dcberraschen, zum t\u00e4glichen Wiederentdecken neuer M\u00f6glichkeiten, h\u00e4usliche R\u00e4ume zu erleben.<\/p>\n\t\t\t\t\t\t<\/div>\n\t\t\t\t<\/div>\n\t\t\t\t\t<\/div>\n\t\t\t\t<\/div>\n\t\t<div class=\"elementor-element elementor-element-16482de0 e-con-full e-flex e-con e-parent\" data-id=\"16482de0\" data-element_type=\"container\" data-settings=\"{&quot;background_background&quot;:&quot;classic&quot;}\">\n\t\t<div class=\"elementor-element elementor-element-2f371b21 e-con-full e-flex e-con e-child\" data-id=\"2f371b21\" data-element_type=\"container\">\n\t\t\t\t<div class=\"elementor-element elementor-element-e2ad69e elementor-widget elementor-widget-gallery\" data-id=\"e2ad69e\" data-element_type=\"widget\" data-settings=\"{&quot;gap&quot;:{&quot;unit&quot;:&quot;px&quot;,&quot;size&quot;:1,&quot;sizes&quot;:[]},&quot;aspect_ratio&quot;:&quot;1:1&quot;,&quot;lazyload&quot;:&quot;yes&quot;,&quot;gallery_layout&quot;:&quot;grid&quot;,&quot;columns&quot;:4,&quot;columns_tablet&quot;:2,&quot;columns_mobile&quot;:1,&quot;gap_tablet&quot;:{&quot;unit&quot;:&quot;px&quot;,&quot;size&quot;:10,&quot;sizes&quot;:[]},&quot;gap_mobile&quot;:{&quot;unit&quot;:&quot;px&quot;,&quot;size&quot;:10,&quot;sizes&quot;:[]},&quot;link_to&quot;:&quot;file&quot;,&quot;overlay_background&quot;:&quot;yes&quot;,&quot;content_hover_animation&quot;:&quot;fade-in&quot;}\" data-widget_type=\"gallery.default\">\n\t\t\t\t<div class=\"elementor-widget-container\">\n\t\t\t\t\t<div class=\"elementor-gallery__container\">\n\t\t\t\t\t\t\t<a class=\"e-gallery-item elementor-gallery-item elementor-animated-content\" href=\"https:\/\/decoluxeinteriordesign.com\/wp-content\/uploads\/2023\/11\/LAGO-CASA-EN-PHOENIX-7.jpeg\" data-elementor-open-lightbox=\"yes\" data-elementor-lightbox-slideshow=\"e2ad69e\" data-elementor-lightbox-title=\"CASA EN PHOENIX\" data-e-action-hash=\"#elementor-action%3Aaction%3Dlightbox%26settings%3DeyJpZCI6MTk3ODIsInVybCI6Imh0dHBzOlwvXC9kZWNvbHV4ZWludGVyaW9yZGVzaWduLmNvbVwvd3AtY29udGVudFwvdXBsb2Fkc1wvMjAyM1wvMTFcL0xBR08tQ0FTQS1FTi1QSE9FTklYLTcuanBlZyIsInNsaWRlc2hvdyI6ImUyYWQ2OWUifQ%3D%3D\">\n\t\t\t\t\t<div class=\"e-gallery-image elementor-gallery-item__image\" data-thumbnail=\"https:\/\/decoluxeinteriordesign.com\/wp-content\/uploads\/2023\/11\/LAGO-CASA-EN-PHOENIX-7.jpeg\" data-width=\"1920\" data-height=\"1371\" aria-label=\"\" role=\"img\" ><\/div>\n\t\t\t\t\t\t\t\t\t\t\t<div class=\"elementor-gallery-item__overlay\"><\/div>\n\t\t\t\t\t\t\t\t\t\t\t\t\t\t<\/a>\n\t\t\t\t\t\t\t<a class=\"e-gallery-item elementor-gallery-item elementor-animated-content\" href=\"https:\/\/decoluxeinteriordesign.com\/wp-content\/uploads\/2023\/11\/LAGO-CASA-EN-PHOENIX-6.jpeg\" data-elementor-open-lightbox=\"yes\" data-elementor-lightbox-slideshow=\"e2ad69e\" data-elementor-lightbox-title=\"CASA EN PHOENIX\" data-e-action-hash=\"#elementor-action%3Aaction%3Dlightbox%26settings%3DeyJpZCI6MTk3NzgsInVybCI6Imh0dHBzOlwvXC9kZWNvbHV4ZWludGVyaW9yZGVzaWduLmNvbVwvd3AtY29udGVudFwvdXBsb2Fkc1wvMjAyM1wvMTFcL0xBR08tQ0FTQS1FTi1QSE9FTklYLTYuanBlZyIsInNsaWRlc2hvdyI6ImUyYWQ2OWUifQ%3D%3D\">\n\t\t\t\t\t<div class=\"e-gallery-image elementor-gallery-item__image\" data-thumbnail=\"https:\/\/decoluxeinteriordesign.com\/wp-content\/uploads\/2023\/11\/LAGO-CASA-EN-PHOENIX-6.jpeg\" data-width=\"1920\" data-height=\"2474\" aria-label=\"\" role=\"img\" ><\/div>\n\t\t\t\t\t\t\t\t\t\t\t<div class=\"elementor-gallery-item__overlay\"><\/div>\n\t\t\t\t\t\t\t\t\t\t\t\t\t\t<\/a>\n\t\t\t\t\t\t\t<a class=\"e-gallery-item elementor-gallery-item elementor-animated-content\" href=\"https:\/\/decoluxeinteriordesign.com\/wp-content\/uploads\/2023\/11\/LAGO-CASA-EN-PHOENIX-5.jpeg\" data-elementor-open-lightbox=\"yes\" data-elementor-lightbox-slideshow=\"e2ad69e\" data-elementor-lightbox-title=\"CASA EN PHOENIX\" data-e-action-hash=\"#elementor-action%3Aaction%3Dlightbox%26settings%3DeyJpZCI6MTk3NzQsInVybCI6Imh0dHBzOlwvXC9kZWNvbHV4ZWludGVyaW9yZGVzaWduLmNvbVwvd3AtY29udGVudFwvdXBsb2Fkc1wvMjAyM1wvMTFcL0xBR08tQ0FTQS1FTi1QSE9FTklYLTUuanBlZyIsInNsaWRlc2hvdyI6ImUyYWQ2OWUifQ%3D%3D\">\n\t\t\t\t\t<div class=\"e-gallery-image elementor-gallery-item__image\" data-thumbnail=\"https:\/\/decoluxeinteriordesign.com\/wp-content\/uploads\/2023\/11\/LAGO-CASA-EN-PHOENIX-5.jpeg\" data-width=\"1920\" data-height=\"1371\" aria-label=\"\" role=\"img\" ><\/div>\n\t\t\t\t\t\t\t\t\t\t\t<div class=\"elementor-gallery-item__overlay\"><\/div>\n\t\t\t\t\t\t\t\t\t\t\t\t\t\t<\/a>\n\t\t\t\t\t\t\t<a class=\"e-gallery-item elementor-gallery-item elementor-animated-content\" href=\"https:\/\/decoluxeinteriordesign.com\/wp-content\/uploads\/2023\/11\/LAGO-CASA-EN-PHOENIX-4-scaled.jpeg\" data-elementor-open-lightbox=\"yes\" data-elementor-lightbox-slideshow=\"e2ad69e\" data-elementor-lightbox-title=\"CASA EN PHOENIX\" data-e-action-hash=\"#elementor-action%3Aaction%3Dlightbox%26settings%3DeyJpZCI6MTk3NzAsInVybCI6Imh0dHBzOlwvXC9kZWNvbHV4ZWludGVyaW9yZGVzaWduLmNvbVwvd3AtY29udGVudFwvdXBsb2Fkc1wvMjAyM1wvMTFcL0xBR08tQ0FTQS1FTi1QSE9FTklYLTQtc2NhbGVkLmpwZWciLCJzbGlkZXNob3ciOiJlMmFkNjllIn0%3D\">\n\t\t\t\t\t<div class=\"e-gallery-image elementor-gallery-item__image\" data-thumbnail=\"https:\/\/decoluxeinteriordesign.com\/wp-content\/uploads\/2023\/11\/LAGO-CASA-EN-PHOENIX-4-scaled.jpeg\" data-width=\"1914\" data-height=\"2560\" aria-label=\"\" role=\"img\" ><\/div>\n\t\t\t\t\t\t\t\t\t\t\t<div class=\"elementor-gallery-item__overlay\"><\/div>\n\t\t\t\t\t\t\t\t\t\t\t\t\t\t<\/a>\n\t\t\t\t\t\t\t<a class=\"e-gallery-item elementor-gallery-item elementor-animated-content\" href=\"https:\/\/decoluxeinteriordesign.com\/wp-content\/uploads\/2023\/11\/LAGO-CASA-EN-PHOENIX-3-scaled.jpeg\" data-elementor-open-lightbox=\"yes\" data-elementor-lightbox-slideshow=\"e2ad69e\" data-elementor-lightbox-title=\"CASA EN PHOENIX\" data-e-action-hash=\"#elementor-action%3Aaction%3Dlightbox%26settings%3DeyJpZCI6MTk3NjYsInVybCI6Imh0dHBzOlwvXC9kZWNvbHV4ZWludGVyaW9yZGVzaWduLmNvbVwvd3AtY29udGVudFwvdXBsb2Fkc1wvMjAyM1wvMTFcL0xBR08tQ0FTQS1FTi1QSE9FTklYLTMtc2NhbGVkLmpwZWciLCJzbGlkZXNob3ciOiJlMmFkNjllIn0%3D\">\n\t\t\t\t\t<div class=\"e-gallery-image elementor-gallery-item__image\" data-thumbnail=\"https:\/\/decoluxeinteriordesign.com\/wp-content\/uploads\/2023\/11\/LAGO-CASA-EN-PHOENIX-3-scaled.jpeg\" data-width=\"1914\" data-height=\"2560\" aria-label=\"\" role=\"img\" ><\/div>\n\t\t\t\t\t\t\t\t\t\t\t<div class=\"elementor-gallery-item__overlay\"><\/div>\n\t\t\t\t\t\t\t\t\t\t\t\t\t\t<\/a>\n\t\t\t\t\t\t\t<a class=\"e-gallery-item elementor-gallery-item elementor-animated-content\" href=\"https:\/\/decoluxeinteriordesign.com\/wp-content\/uploads\/2023\/11\/LAGO-CASA-EN-PHOENIX-2.jpeg\" data-elementor-open-lightbox=\"yes\" data-elementor-lightbox-slideshow=\"e2ad69e\" data-elementor-lightbox-title=\"CASA EN PHOENIX\" data-e-action-hash=\"#elementor-action%3Aaction%3Dlightbox%26settings%3DeyJpZCI6MTk3NjIsInVybCI6Imh0dHBzOlwvXC9kZWNvbHV4ZWludGVyaW9yZGVzaWduLmNvbVwvd3AtY29udGVudFwvdXBsb2Fkc1wvMjAyM1wvMTFcL0xBR08tQ0FTQS1FTi1QSE9FTklYLTIuanBlZyIsInNsaWRlc2hvdyI6ImUyYWQ2OWUifQ%3D%3D\">\n\t\t\t\t\t<div class=\"e-gallery-image elementor-gallery-item__image\" data-thumbnail=\"https:\/\/decoluxeinteriordesign.com\/wp-content\/uploads\/2023\/11\/LAGO-CASA-EN-PHOENIX-2.jpeg\" data-width=\"1920\" data-height=\"1080\" aria-label=\"\" role=\"img\" ><\/div>\n\t\t\t\t\t\t\t\t\t\t\t<div class=\"elementor-gallery-item__overlay\"><\/div>\n\t\t\t\t\t\t\t\t\t\t\t\t\t\t<\/a>\n\t\t\t\t\t\t\t<a class=\"e-gallery-item elementor-gallery-item elementor-animated-content\" href=\"https:\/\/decoluxeinteriordesign.com\/wp-content\/uploads\/2023\/11\/LAGO-CASA-EN-PHOENIX-scaled.jpeg\" data-elementor-open-lightbox=\"yes\" data-elementor-lightbox-slideshow=\"e2ad69e\" data-elementor-lightbox-title=\"CASA EN PHOENIX\" data-e-action-hash=\"#elementor-action%3Aaction%3Dlightbox%26settings%3DeyJpZCI6MTk3NTgsInVybCI6Imh0dHBzOlwvXC9kZWNvbHV4ZWludGVyaW9yZGVzaWduLmNvbVwvd3AtY29udGVudFwvdXBsb2Fkc1wvMjAyM1wvMTFcL0xBR08tQ0FTQS1FTi1QSE9FTklYLXNjYWxlZC5qcGVnIiwic2xpZGVzaG93IjoiZTJhZDY5ZSJ9\">\n\t\t\t\t\t<div class=\"e-gallery-image elementor-gallery-item__image\" data-thumbnail=\"https:\/\/decoluxeinteriordesign.com\/wp-content\/uploads\/2023\/11\/LAGO-CASA-EN-PHOENIX-scaled.jpeg\" data-width=\"1827\" data-height=\"2560\" aria-label=\"\" role=\"img\" ><\/div>\n\t\t\t\t\t\t\t\t\t\t\t<div class=\"elementor-gallery-item__overlay\"><\/div>\n\t\t\t\t\t\t\t\t\t\t\t\t\t\t<\/a>\n\t\t\t\t\t\t\t<a class=\"e-gallery-item elementor-gallery-item elementor-animated-content\" href=\"https:\/\/decoluxeinteriordesign.com\/wp-content\/uploads\/2023\/11\/LAGO-CASA-EN-PHOENIX-11.jpeg\" data-elementor-open-lightbox=\"yes\" data-elementor-lightbox-slideshow=\"e2ad69e\" data-elementor-lightbox-title=\"CASA EN PHOENIX\" data-e-action-hash=\"#elementor-action%3Aaction%3Dlightbox%26settings%3DeyJpZCI6MTk3NTQsInVybCI6Imh0dHBzOlwvXC9kZWNvbHV4ZWludGVyaW9yZGVzaWduLmNvbVwvd3AtY29udGVudFwvdXBsb2Fkc1wvMjAyM1wvMTFcL0xBR08tQ0FTQS1FTi1QSE9FTklYLTExLmpwZWciLCJzbGlkZXNob3ciOiJlMmFkNjllIn0%3D\">\n\t\t\t\t\t<div class=\"e-gallery-image elementor-gallery-item__image\" data-thumbnail=\"https:\/\/decoluxeinteriordesign.com\/wp-content\/uploads\/2023\/11\/LAGO-CASA-EN-PHOENIX-11.jpeg\" data-width=\"1920\" data-height=\"1371\" aria-label=\"\" role=\"img\" ><\/div>\n\t\t\t\t\t\t\t\t\t\t\t<div class=\"elementor-gallery-item__overlay\"><\/div>\n\t\t\t\t\t\t\t\t\t\t\t\t\t\t<\/a>\n\t\t\t\t\t\t\t<a class=\"e-gallery-item elementor-gallery-item elementor-animated-content\" href=\"https:\/\/decoluxeinteriordesign.com\/wp-content\/uploads\/2023\/11\/LAGO-CASA-EN-PHOENIX-10-scaled.jpeg\" data-elementor-open-lightbox=\"yes\" data-elementor-lightbox-slideshow=\"e2ad69e\" data-elementor-lightbox-title=\"CASA EN PHOENIX\" data-e-action-hash=\"#elementor-action%3Aaction%3Dlightbox%26settings%3DeyJpZCI6MTk3NTAsInVybCI6Imh0dHBzOlwvXC9kZWNvbHV4ZWludGVyaW9yZGVzaWduLmNvbVwvd3AtY29udGVudFwvdXBsb2Fkc1wvMjAyM1wvMTFcL0xBR08tQ0FTQS1FTi1QSE9FTklYLTEwLXNjYWxlZC5qcGVnIiwic2xpZGVzaG93IjoiZTJhZDY5ZSJ9\">\n\t\t\t\t\t<div class=\"e-gallery-image elementor-gallery-item__image\" data-thumbnail=\"https:\/\/decoluxeinteriordesign.com\/wp-content\/uploads\/2023\/11\/LAGO-CASA-EN-PHOENIX-10-scaled.jpeg\" data-width=\"1827\" data-height=\"2560\" aria-label=\"\" role=\"img\" ><\/div>\n\t\t\t\t\t\t\t\t\t\t\t<div class=\"elementor-gallery-item__overlay\"><\/div>\n\t\t\t\t\t\t\t\t\t\t\t\t\t\t<\/a>\n\t\t\t\t\t\t\t<a class=\"e-gallery-item elementor-gallery-item elementor-animated-content\" href=\"https:\/\/decoluxeinteriordesign.com\/wp-content\/uploads\/2023\/11\/LAGO-CASA-EN-PHOENIX-9.jpeg\" data-elementor-open-lightbox=\"yes\" data-elementor-lightbox-slideshow=\"e2ad69e\" data-elementor-lightbox-title=\"CASA EN PHOENIX\" data-e-action-hash=\"#elementor-action%3Aaction%3Dlightbox%26settings%3DeyJpZCI6MTk3NDYsInVybCI6Imh0dHBzOlwvXC9kZWNvbHV4ZWludGVyaW9yZGVzaWduLmNvbVwvd3AtY29udGVudFwvdXBsb2Fkc1wvMjAyM1wvMTFcL0xBR08tQ0FTQS1FTi1QSE9FTklYLTkuanBlZyIsInNsaWRlc2hvdyI6ImUyYWQ2OWUifQ%3D%3D\">\n\t\t\t\t\t<div class=\"e-gallery-image elementor-gallery-item__image\" data-thumbnail=\"https:\/\/decoluxeinteriordesign.com\/wp-content\/uploads\/2023\/11\/LAGO-CASA-EN-PHOENIX-9.jpeg\" data-width=\"1920\" data-height=\"1371\" aria-label=\"\" role=\"img\" ><\/div>\n\t\t\t\t\t\t\t\t\t\t\t<div class=\"elementor-gallery-item__overlay\"><\/div>\n\t\t\t\t\t\t\t\t\t\t\t\t\t\t<\/a>\n\t\t\t\t\t\t\t<a class=\"e-gallery-item elementor-gallery-item elementor-animated-content\" href=\"https:\/\/decoluxeinteriordesign.com\/wp-content\/uploads\/2023\/11\/LAGO-CASA-EN-PHOENIX-8.jpeg\" data-elementor-open-lightbox=\"yes\" data-elementor-lightbox-slideshow=\"e2ad69e\" data-elementor-lightbox-title=\"CASA EN PHOENIX\" data-e-action-hash=\"#elementor-action%3Aaction%3Dlightbox%26settings%3DeyJpZCI6MTk3NDIsInVybCI6Imh0dHBzOlwvXC9kZWNvbHV4ZWludGVyaW9yZGVzaWduLmNvbVwvd3AtY29udGVudFwvdXBsb2Fkc1wvMjAyM1wvMTFcL0xBR08tQ0FTQS1FTi1QSE9FTklYLTguanBlZyIsInNsaWRlc2hvdyI6ImUyYWQ2OWUifQ%3D%3D\">\n\t\t\t\t\t<div class=\"e-gallery-image elementor-gallery-item__image\" data-thumbnail=\"https:\/\/decoluxeinteriordesign.com\/wp-content\/uploads\/2023\/11\/LAGO-CASA-EN-PHOENIX-8.jpeg\" data-width=\"1920\" data-height=\"1371\" aria-label=\"\" role=\"img\" ><\/div>\n\t\t\t\t\t\t\t\t\t\t\t<div class=\"elementor-gallery-item__overlay\"><\/div>\n\t\t\t\t\t\t\t\t\t\t\t\t\t\t<\/a>\n\t\t\t\t\t<\/div>\n\t\t\t<\/div>\n\t\t\t\t<\/div>\n\t\t\t\t<\/div>\n\t\t\t\t<\/div>\n\t\t\t\t<\/div>\n\t\t","protected":false},"excerpt":{"rendered":"<p>Haus Phoenix arizona Adam Long, Kreativdirektor, und Cecilie Bresson, Visagistin, sind ein junges Paar, das beschlossen hat, in diesem Haus in Phoenix zu leben, in einem der Viertel, die die wilde Seite mit der Stadt verbinden. Von dieser Position aus &#8222;, erkl\u00e4rt Cecilie, &#8222;m\u00fcssen wir in der Lage sein Wir atmen den Pioniergeist Arizonas und [&hellip;]<\/p>\n","protected":false},"author":2,"featured_media":0,"parent":0,"menu_order":0,"comment_status":"closed","ping_status":"closed","template":"elementor_header_footer","meta":{"footnotes":""},"class_list":["post-8010","page","type-page","status-publish","hentry"],"aioseo_notices":[],"_links":{"self":[{"href":"https:\/\/decoluxeinteriordesign.com\/de\/wp-json\/wp\/v2\/pages\/8010","targetHints":{"allow":["GET"]}}],"collection":[{"href":"https:\/\/decoluxeinteriordesign.com\/de\/wp-json\/wp\/v2\/pages"}],"about":[{"href":"https:\/\/decoluxeinteriordesign.com\/de\/wp-json\/wp\/v2\/types\/page"}],"author":[{"embeddable":true,"href":"https:\/\/decoluxeinteriordesign.com\/de\/wp-json\/wp\/v2\/users\/2"}],"replies":[{"embeddable":true,"href":"https:\/\/decoluxeinteriordesign.com\/de\/wp-json\/wp\/v2\/comments?post=8010"}],"version-history":[{"count":5,"href":"https:\/\/decoluxeinteriordesign.com\/de\/wp-json\/wp\/v2\/pages\/8010\/revisions"}],"predecessor-version":[{"id":27301,"href":"https:\/\/decoluxeinteriordesign.com\/de\/wp-json\/wp\/v2\/pages\/8010\/revisions\/27301"}],"wp:attachment":[{"href":"https:\/\/decoluxeinteriordesign.com\/de\/wp-json\/wp\/v2\/media?parent=8010"}],"curies":[{"name":"wp","href":"https:\/\/api.w.org\/{rel}","templated":true}]}}