{"id":16586,"date":"2023-11-13T06:37:08","date_gmt":"2023-11-13T06:37:08","guid":{"rendered":"https:\/\/decoluxe.es\/tische-3\/"},"modified":"2023-11-13T12:57:39","modified_gmt":"2023-11-13T12:57:39","slug":"tische-3","status":"publish","type":"page","link":"https:\/\/decoluxeinteriordesign.com\/de\/tische-3\/","title":{"rendered":"Tische"},"content":{"rendered":"\t\t<div data-elementor-type=\"wp-page\" data-elementor-id=\"16586\" class=\"elementor elementor-16586 elementor-16582\" data-elementor-post-type=\"page\">\n\t\t\t\t<div class=\"elementor-element elementor-element-b13ba30 e-con-full e-flex e-con e-parent\" data-id=\"b13ba30\" data-element_type=\"container\" data-settings=\"{&quot;background_background&quot;:&quot;classic&quot;}\">\n\t\t<div class=\"elementor-element elementor-element-b8fd451 e-flex e-con-boxed e-con e-child\" data-id=\"b8fd451\" data-element_type=\"container\">\n\t\t\t\t\t<div class=\"e-con-inner\">\n\t\t\t\t<div class=\"elementor-element elementor-element-40236f13 elementor-absolute elementor-widget elementor-widget-image\" data-id=\"40236f13\" data-element_type=\"widget\" data-settings=\"{&quot;_position&quot;:&quot;absolute&quot;}\" data-widget_type=\"image.default\">\n\t\t\t\t<div class=\"elementor-widget-container\">\n\t\t\t\t\t\t\t\t\t\t\t\t\t<img decoding=\"async\" width=\"60\" height=\"60\" src=\"https:\/\/decoluxeinteriordesign.com\/wp-content\/uploads\/2023\/09\/punto.png\" class=\"attachment-large size-large wp-image-184\" alt=\"\" \/>\t\t\t\t\t\t\t\t\t\t\t\t\t<\/div>\n\t\t\t\t<\/div>\n\t\t\t\t<div class=\"elementor-element elementor-element-4b49994 elementor-widget elementor-widget-heading\" data-id=\"4b49994\" data-element_type=\"widget\" data-widget_type=\"heading.default\">\n\t\t\t\t<div class=\"elementor-widget-container\">\n\t\t\t<h1 class=\"elementor-heading-title elementor-size-default\">Innentische<br><span style=\"font-weight:300\">Entwurf<\/span><\/h1>\t\t<\/div>\n\t\t\t\t<\/div>\n\t\t\t\t\t<\/div>\n\t\t\t\t<\/div>\n\t\t\t\t<\/div>\n\t\t<div class=\"elementor-element elementor-element-6144cd07 e-flex e-con-boxed e-con e-parent\" data-id=\"6144cd07\" data-element_type=\"container\">\n\t\t\t\t\t<div class=\"e-con-inner\">\n\t\t<div class=\"elementor-element elementor-element-3640a3b6 e-con-full e-flex e-con e-child\" data-id=\"3640a3b6\" data-element_type=\"container\">\n\t\t\t\t<\/div>\n\t\t<div class=\"elementor-element elementor-element-5cfe4272 e-con-full e-flex e-con e-child\" data-id=\"5cfe4272\" data-element_type=\"container\" data-settings=\"{&quot;background_background&quot;:&quot;classic&quot;}\">\n\t\t\t\t<div class=\"elementor-element elementor-element-63194fdb elementor-view-default elementor-widget elementor-widget-icon\" data-id=\"63194fdb\" data-element_type=\"widget\" data-widget_type=\"icon.default\">\n\t\t\t\t<div class=\"elementor-widget-container\">\n\t\t\t\t\t<div class=\"elementor-icon-wrapper\">\n\t\t\t<div class=\"elementor-icon\">\n\t\t\t<i aria-hidden=\"true\" class=\"fas fa-chevron-down\"><\/i>\t\t\t<\/div>\n\t\t<\/div>\n\t\t\t\t<\/div>\n\t\t\t\t<\/div>\n\t\t\t\t<div class=\"elementor-element elementor-element-62c43af0 elementor-widget elementor-widget-text-editor\" data-id=\"62c43af0\" data-element_type=\"widget\" data-widget_type=\"text-editor.default\">\n\t\t\t\t<div class=\"elementor-widget-container\">\n\t\t\t\t\t\t\t<p>Entdecken Sie funktionale Eleganz mit unseren Tischen. Jedes St\u00fcck ist ein Statement f\u00fcr Stil und Zweckm\u00e4\u00dfigkeit, das jeden Raum aufwertet. Unsere Tische werden aus hochwertigen Materialien und mit raffinierten Oberfl\u00e4chen hergestellt und sind langlebig und optisch ansprechend. Von Couchtischen, die einen Hauch von Raffinesse verleihen, bis hin zu Esstischen, die eine gem\u00fctliche Atmosph\u00e4re schaffen, deckt unsere Kollektion alle Stile und Bed\u00fcrfnisse ab. Finden Sie den perfekten Tisch, der Ihre Einrichtung erg\u00e4nzt und zu Ihrem Alltag passt. Erkunden Sie jetzt unsere Optionen und entdecken Sie, wie unsere Tische Ihre R\u00e4ume mit Anmut und Funktionalit\u00e4t verwandeln k\u00f6nnen.<\/p>\n\t\t\t\t\t\t<\/div>\n\t\t\t\t<\/div>\n\t\t\t\t<\/div>\n\t\t<div class=\"elementor-element elementor-element-55b0235f e-con-full e-flex e-con e-child\" data-id=\"55b0235f\" data-element_type=\"container\">\n\t\t\t\t<\/div>\n\t\t\t\t\t<\/div>\n\t\t\t\t<\/div>\n\t\t<div class=\"elementor-element elementor-element-223a871a e-flex e-con-boxed e-con e-parent\" data-id=\"223a871a\" data-element_type=\"container\">\n\t\t\t\t\t<div class=\"e-con-inner\">\n\t\t<div class=\"elementor-element elementor-element-330f9543 e-con-full elementor-hidden-mobile e-flex e-con e-child\" data-id=\"330f9543\" data-element_type=\"container\" data-settings=\"{&quot;background_background&quot;:&quot;classic&quot;}\">\n\t\t\t\t<\/div>\n\t\t<div class=\"elementor-element elementor-element-27fba2a7 e-con-full e-flex e-con e-child\" data-id=\"27fba2a7\" data-element_type=\"container\">\n\t\t\t\t<div class=\"elementor-element elementor-element-b6f541 elementor-widget elementor-widget-heading\" data-id=\"b6f541\" data-element_type=\"widget\" data-widget_type=\"heading.default\">\n\t\t\t\t<div class=\"elementor-widget-container\">\n\t\t\t<h2 class=\"elementor-heading-title elementor-size-default\"><img decoding=\"async\" src=\"https:\/\/decoluxe.es\/wp-content\/uploads\/2023\/09\/punto.png\" alt=\"Punkt\" style=\"height: 1.2rem;margin-right: 1px\"> <span style=\"font-weight:300\"> Esstische<\/span><\/h2>\t\t<\/div>\n\t\t\t\t<\/div>\n\t\t\t\t<div class=\"elementor-element elementor-element-2b45b882 elementor-widget elementor-widget-text-editor\" data-id=\"2b45b882\" data-element_type=\"widget\" data-widget_type=\"text-editor.default\">\n\t\t\t\t<div class=\"elementor-widget-container\">\n\t\t\t\t\t\t\t<p>Genie\u00dfen Sie unvergessliche Momente an unseren Esstischen. Jedes St\u00fcck ist eine Verschmelzung von Eleganz und Funktionalit\u00e4t und soll Ihre kulinarischen Begegnungen bereichern.  <\/p>\n\t\t\t\t\t\t<\/div>\n\t\t\t\t<\/div>\n\t\t\t\t<div class=\"elementor-element elementor-element-a43a058 elementor-align-right elementor-widget elementor-widget-button\" data-id=\"a43a058\" data-element_type=\"widget\" data-widget_type=\"button.default\">\n\t\t\t\t<div class=\"elementor-widget-container\">\n\t\t\t\t\t\t\t<div class=\"elementor-button-wrapper\">\n\t\t\t\t\t<a class=\"elementor-button elementor-button-link elementor-size-sm\" href=\"#\">\n\t\t\t\t\t\t<span class=\"elementor-button-content-wrapper\">\n\t\t\t\t\t\t\t\t\t<span class=\"elementor-button-text\">MEHR SEHEN<\/span>\n\t\t\t\t\t<\/span>\n\t\t\t\t\t<\/a>\n\t\t\t\t<\/div>\n\t\t\t\t\t\t<\/div>\n\t\t\t\t<\/div>\n\t\t\t\t<\/div>\n\t\t\t\t\t<\/div>\n\t\t\t\t<\/div>\n\t\t<div class=\"elementor-element elementor-element-5fc4816f e-flex e-con-boxed e-con e-parent\" data-id=\"5fc4816f\" data-element_type=\"container\" data-settings=\"{&quot;background_background&quot;:&quot;classic&quot;}\">\n\t\t\t\t\t<div class=\"e-con-inner\">\n\t\t<div class=\"elementor-element elementor-element-6443477b e-con-full e-flex e-con e-child\" data-id=\"6443477b\" data-element_type=\"container\">\n\t\t\t\t<div class=\"elementor-element elementor-element-14e62796 elementor-widget elementor-widget-heading\" data-id=\"14e62796\" data-element_type=\"widget\" data-widget_type=\"heading.default\">\n\t\t\t\t<div class=\"elementor-widget-container\">\n\t\t\t<h2 class=\"elementor-heading-title elementor-size-default\"><img decoding=\"async\" src=\"https:\/\/decoluxe.es\/wp-content\/uploads\/2023\/09\/punto.png\" alt=\"Punkt\" style=\"height: 1.2rem;margin-right: 1px\"> <span style=\"font-weight:300\"> B\u00fcroschreibtische<\/span><\/h2>\t\t<\/div>\n\t\t\t\t<\/div>\n\t\t\t\t<div class=\"elementor-element elementor-element-46b3e0a2 elementor-widget elementor-widget-text-editor\" data-id=\"46b3e0a2\" data-element_type=\"widget\" data-widget_type=\"text-editor.default\">\n\t\t\t\t<div class=\"elementor-widget-container\">\n\t\t\t\t\t\t\t<p><span>Optimieren Sie Ihren Arbeitsbereich mit unseren B\u00fcrotischen.  <\/span><span>Jedes Design ist eine Verschmelzung von Funktionalit\u00e4t und Stil, um die Produktivit\u00e4t zu steigern und Ihre Arbeitsumgebung zu versch\u00f6nern.  <\/span><span>Unsere B\u00fcrotische werden aus hochwertigen Materialien und modernen Oberfl\u00e4chen hergestellt und sind langlebig und stilvoll.<\/span><\/p>\n\t\t\t\t\t\t<\/div>\n\t\t\t\t<\/div>\n\t\t\t\t<div class=\"elementor-element elementor-element-633c9e5a elementor-align-right elementor-widget elementor-widget-button\" data-id=\"633c9e5a\" data-element_type=\"widget\" data-widget_type=\"button.default\">\n\t\t\t\t<div class=\"elementor-widget-container\">\n\t\t\t\t\t\t\t<div class=\"elementor-button-wrapper\">\n\t\t\t\t\t<a class=\"elementor-button elementor-button-link elementor-size-sm\" href=\"#\">\n\t\t\t\t\t\t<span class=\"elementor-button-content-wrapper\">\n\t\t\t\t\t\t\t\t\t<span class=\"elementor-button-text\">MEHR SEHEN<\/span>\n\t\t\t\t\t<\/span>\n\t\t\t\t\t<\/a>\n\t\t\t\t<\/div>\n\t\t\t\t\t\t<\/div>\n\t\t\t\t<\/div>\n\t\t\t\t<\/div>\n\t\t<div class=\"elementor-element elementor-element-4cf9d6ec e-con-full elementor-hidden-mobile e-flex e-con e-child\" data-id=\"4cf9d6ec\" data-element_type=\"container\" data-settings=\"{&quot;background_background&quot;:&quot;classic&quot;}\">\n\t\t\t\t<\/div>\n\t\t\t\t\t<\/div>\n\t\t\t\t<\/div>\n\t\t<div class=\"elementor-element elementor-element-4d1bbcf9 e-flex e-con-boxed e-con e-parent\" data-id=\"4d1bbcf9\" data-element_type=\"container\">\n\t\t\t\t\t<div class=\"e-con-inner\">\n\t\t<div class=\"elementor-element elementor-element-44d3e2ec e-con-full elementor-hidden-mobile e-flex e-con e-child\" data-id=\"44d3e2ec\" data-element_type=\"container\" data-settings=\"{&quot;background_background&quot;:&quot;classic&quot;}\">\n\t\t\t\t<\/div>\n\t\t<div class=\"elementor-element elementor-element-24190376 e-con-full e-flex e-con e-child\" data-id=\"24190376\" data-element_type=\"container\">\n\t\t\t\t<div class=\"elementor-element elementor-element-6033a1f8 elementor-widget elementor-widget-heading\" data-id=\"6033a1f8\" data-element_type=\"widget\" data-widget_type=\"heading.default\">\n\t\t\t\t<div class=\"elementor-widget-container\">\n\t\t\t<h2 class=\"elementor-heading-title elementor-size-default\"><img decoding=\"async\" src=\"https:\/\/decoluxe.es\/wp-content\/uploads\/2023\/09\/punto.png\" alt=\"Punkt\" style=\"height: 1.2rem;margin-right: 1px\"> <span style=\"font-weight:300\"> Couchtische<\/span><\/h2>\t\t<\/div>\n\t\t\t\t<\/div>\n\t\t\t\t<div class=\"elementor-element elementor-element-27e415b8 elementor-widget elementor-widget-text-editor\" data-id=\"27e415b8\" data-element_type=\"widget\" data-widget_type=\"text-editor.default\">\n\t\t\t\t<div class=\"elementor-widget-container\">\n\t\t\t\t\t\t\t<p><span>Verzaubern Sie Ihren Wohnbereich mit unseren Couchtischen.  <\/span><span>Jedes St\u00fcck ist eine Verschmelzung von Stil und Zweckm\u00e4\u00dfigkeit und soll die Sch\u00f6nheit Ihres Wohnzimmers unterstreichen.  <\/span><span>Unsere Couchtische werden aus hochwertigen Materialien und mit eleganten Oberfl\u00e4chen hergestellt und sind langlebig und attraktiv.<\/span><\/p>\n\t\t\t\t\t\t<\/div>\n\t\t\t\t<\/div>\n\t\t\t\t<div class=\"elementor-element elementor-element-2aad964c elementor-align-right elementor-widget elementor-widget-button\" data-id=\"2aad964c\" data-element_type=\"widget\" data-widget_type=\"button.default\">\n\t\t\t\t<div class=\"elementor-widget-container\">\n\t\t\t\t\t\t\t<div class=\"elementor-button-wrapper\">\n\t\t\t\t\t<a class=\"elementor-button elementor-button-link elementor-size-sm\" href=\"#\">\n\t\t\t\t\t\t<span class=\"elementor-button-content-wrapper\">\n\t\t\t\t\t\t\t\t\t<span class=\"elementor-button-text\">MEHR SEHEN<\/span>\n\t\t\t\t\t<\/span>\n\t\t\t\t\t<\/a>\n\t\t\t\t<\/div>\n\t\t\t\t\t\t<\/div>\n\t\t\t\t<\/div>\n\t\t\t\t<\/div>\n\t\t\t\t\t<\/div>\n\t\t\t\t<\/div>\n\t\t<div class=\"elementor-element elementor-element-6dc81966 e-con-full e-flex e-con e-parent\" data-id=\"6dc81966\" data-element_type=\"container\">\n\t\t\t\t<div class=\"elementor-element elementor-element-260932ae elementor-widget elementor-widget-gallery\" data-id=\"260932ae\" data-element_type=\"widget\" data-settings=\"{&quot;gap&quot;:{&quot;unit&quot;:&quot;px&quot;,&quot;size&quot;:1,&quot;sizes&quot;:[]},&quot;aspect_ratio&quot;:&quot;1:1&quot;,&quot;overlay_title&quot;:&quot;caption&quot;,&quot;lazyload&quot;:&quot;yes&quot;,&quot;gallery_layout&quot;:&quot;grid&quot;,&quot;columns&quot;:4,&quot;columns_tablet&quot;:2,&quot;columns_mobile&quot;:1,&quot;gap_tablet&quot;:{&quot;unit&quot;:&quot;px&quot;,&quot;size&quot;:10,&quot;sizes&quot;:[]},&quot;gap_mobile&quot;:{&quot;unit&quot;:&quot;px&quot;,&quot;size&quot;:10,&quot;sizes&quot;:[]},&quot;overlay_background&quot;:&quot;yes&quot;,&quot;content_hover_animation&quot;:&quot;fade-in&quot;}\" data-widget_type=\"gallery.default\">\n\t\t\t\t<div class=\"elementor-widget-container\">\n\t\t\t\t\t<div class=\"elementor-gallery__container\">\n\t\t\t\t\t<\/div>\n\t\t\t<\/div>\n\t\t\t\t<\/div>\n\t\t\t\t<\/div>\n\t\t\t\t<\/div>\n\t\t","protected":false},"excerpt":{"rendered":"<p>InnentischeEntwurf Entdecken Sie funktionale Eleganz mit unseren Tischen. Jedes St\u00fcck ist ein Statement f\u00fcr Stil und Zweckm\u00e4\u00dfigkeit, das jeden Raum aufwertet. Unsere Tische werden aus hochwertigen Materialien und mit raffinierten Oberfl\u00e4chen hergestellt und sind langlebig und optisch ansprechend. Von Couchtischen, die einen Hauch von Raffinesse verleihen, bis hin zu Esstischen, die eine gem\u00fctliche Atmosph\u00e4re schaffen, [&hellip;]<\/p>\n","protected":false},"author":3,"featured_media":0,"parent":0,"menu_order":0,"comment_status":"closed","ping_status":"closed","template":"elementor_header_footer","meta":{"footnotes":""},"class_list":["post-16586","page","type-page","status-publish","hentry"],"aioseo_notices":[],"_links":{"self":[{"href":"https:\/\/decoluxeinteriordesign.com\/de\/wp-json\/wp\/v2\/pages\/16586","targetHints":{"allow":["GET"]}}],"collection":[{"href":"https:\/\/decoluxeinteriordesign.com\/de\/wp-json\/wp\/v2\/pages"}],"about":[{"href":"https:\/\/decoluxeinteriordesign.com\/de\/wp-json\/wp\/v2\/types\/page"}],"author":[{"embeddable":true,"href":"https:\/\/decoluxeinteriordesign.com\/de\/wp-json\/wp\/v2\/users\/3"}],"replies":[{"embeddable":true,"href":"https:\/\/decoluxeinteriordesign.com\/de\/wp-json\/wp\/v2\/comments?post=16586"}],"version-history":[{"count":6,"href":"https:\/\/decoluxeinteriordesign.com\/de\/wp-json\/wp\/v2\/pages\/16586\/revisions"}],"predecessor-version":[{"id":16754,"href":"https:\/\/decoluxeinteriordesign.com\/de\/wp-json\/wp\/v2\/pages\/16586\/revisions\/16754"}],"wp:attachment":[{"href":"https:\/\/decoluxeinteriordesign.com\/de\/wp-json\/wp\/v2\/media?parent=16586"}],"curies":[{"name":"wp","href":"https:\/\/api.w.org\/{rel}","templated":true}]}}