{"id":16499,"date":"2023-11-10T12:29:20","date_gmt":"2023-11-10T12:29:20","guid":{"rendered":"https:\/\/decoluxe.es\/tische-2\/"},"modified":"2023-11-10T12:46:01","modified_gmt":"2023-11-10T12:46:01","slug":"tische-2","status":"publish","type":"page","link":"https:\/\/decoluxeinteriordesign.com\/de\/tische-2\/","title":{"rendered":"Tische"},"content":{"rendered":"\t\t<div data-elementor-type=\"wp-page\" data-elementor-id=\"16499\" class=\"elementor elementor-16499\" data-elementor-post-type=\"page\">\n\t\t\t\t<div class=\"elementor-element elementor-element-4e9f1d54 e-con-full e-flex e-con e-parent\" data-id=\"4e9f1d54\" data-element_type=\"container\" data-settings=\"{&quot;background_background&quot;:&quot;classic&quot;}\">\n\t\t<div class=\"elementor-element elementor-element-34c0f1c7 e-flex e-con-boxed e-con e-child\" data-id=\"34c0f1c7\" data-element_type=\"container\">\n\t\t\t\t\t<div class=\"e-con-inner\">\n\t\t\t\t<div class=\"elementor-element elementor-element-3d3c2b0b elementor-absolute elementor-widget elementor-widget-image\" data-id=\"3d3c2b0b\" data-element_type=\"widget\" data-settings=\"{&quot;_position&quot;:&quot;absolute&quot;}\" data-widget_type=\"image.default\">\n\t\t\t\t<div class=\"elementor-widget-container\">\n\t\t\t\t\t\t\t\t\t\t\t\t\t<img decoding=\"async\" width=\"60\" height=\"60\" src=\"https:\/\/decoluxeinteriordesign.com\/wp-content\/uploads\/2023\/09\/punto.png\" class=\"attachment-large size-large wp-image-184\" alt=\"\" \/>\t\t\t\t\t\t\t\t\t\t\t\t\t<\/div>\n\t\t\t\t<\/div>\n\t\t\t\t<div class=\"elementor-element elementor-element-15d9662d elementor-widget elementor-widget-heading\" data-id=\"15d9662d\" data-element_type=\"widget\" data-widget_type=\"heading.default\">\n\t\t\t\t<div class=\"elementor-widget-container\">\n\t\t\t<h1 class=\"elementor-heading-title elementor-size-default\">Tabellen<br><span style=\"font-weight:300\">Kantine<\/span><\/h1>\t\t<\/div>\n\t\t\t\t<\/div>\n\t\t\t\t\t<\/div>\n\t\t\t\t<\/div>\n\t\t\t\t<\/div>\n\t\t<div class=\"elementor-element elementor-element-52daded1 e-flex e-con-boxed e-con e-parent\" data-id=\"52daded1\" data-element_type=\"container\">\n\t\t\t\t\t<div class=\"e-con-inner\">\n\t\t<div class=\"elementor-element elementor-element-66ed0fb3 e-con-full e-flex e-con e-child\" data-id=\"66ed0fb3\" data-element_type=\"container\">\n\t\t\t\t<\/div>\n\t\t<div class=\"elementor-element elementor-element-3267a4a5 e-con-full e-flex e-con e-child\" data-id=\"3267a4a5\" data-element_type=\"container\" data-settings=\"{&quot;background_background&quot;:&quot;classic&quot;}\">\n\t\t\t\t<div class=\"elementor-element elementor-element-6f8f4150 elementor-view-default elementor-widget elementor-widget-icon\" data-id=\"6f8f4150\" data-element_type=\"widget\" data-widget_type=\"icon.default\">\n\t\t\t\t<div class=\"elementor-widget-container\">\n\t\t\t\t\t<div class=\"elementor-icon-wrapper\">\n\t\t\t<div class=\"elementor-icon\">\n\t\t\t<i aria-hidden=\"true\" class=\"fas fa-chevron-down\"><\/i>\t\t\t<\/div>\n\t\t<\/div>\n\t\t\t\t<\/div>\n\t\t\t\t<\/div>\n\t\t\t\t<div class=\"elementor-element elementor-element-42dd7be3 elementor-widget elementor-widget-text-editor\" data-id=\"42dd7be3\" data-element_type=\"widget\" data-widget_type=\"text-editor.default\">\n\t\t\t\t<div class=\"elementor-widget-container\">\n\t\t\t\t\t\t\t<p>Entdecken Sie funktionale Eleganz mit unseren Tischen. Jedes St\u00fcck ist ein Statement f\u00fcr Stil und Zweckm\u00e4\u00dfigkeit, das jeden Raum aufwertet. Unsere Tische werden aus hochwertigen Materialien und mit raffinierten Oberfl\u00e4chen hergestellt und sind langlebig und optisch ansprechend. Von Couchtischen, die einen Hauch von Raffinesse verleihen, bis hin zu Esstischen, die eine gem\u00fctliche Atmosph\u00e4re schaffen, deckt unsere Kollektion alle Stile und Bed\u00fcrfnisse ab. Finden Sie den perfekten Tisch, der Ihre Einrichtung erg\u00e4nzt und zu Ihrem Alltag passt. Erkunden Sie jetzt unsere Optionen und entdecken Sie, wie unsere Tische Ihre R\u00e4ume mit Anmut und Funktionalit\u00e4t verwandeln k\u00f6nnen.<\/p>\n\t\t\t\t\t\t<\/div>\n\t\t\t\t<\/div>\n\t\t\t\t<\/div>\n\t\t<div class=\"elementor-element elementor-element-14caa82 e-con-full e-flex e-con e-child\" data-id=\"14caa82\" data-element_type=\"container\">\n\t\t\t\t<\/div>\n\t\t\t\t\t<\/div>\n\t\t\t\t<\/div>\n\t\t<div class=\"elementor-element elementor-element-23aba34e e-flex e-con-boxed e-con e-parent\" data-id=\"23aba34e\" data-element_type=\"container\">\n\t\t\t\t\t<div class=\"e-con-inner\">\n\t\t<div class=\"elementor-element elementor-element-7b3f3d19 e-con-full elementor-hidden-mobile e-flex e-con e-child\" data-id=\"7b3f3d19\" data-element_type=\"container\" data-settings=\"{&quot;background_background&quot;:&quot;classic&quot;}\">\n\t\t\t\t<\/div>\n\t\t<div class=\"elementor-element elementor-element-6ea088fe e-con-full e-flex e-con e-child\" data-id=\"6ea088fe\" data-element_type=\"container\">\n\t\t\t\t<div class=\"elementor-element elementor-element-5a2b7458 elementor-widget elementor-widget-heading\" data-id=\"5a2b7458\" data-element_type=\"widget\" data-widget_type=\"heading.default\">\n\t\t\t\t<div class=\"elementor-widget-container\">\n\t\t\t<h2 class=\"elementor-heading-title elementor-size-default\"><img decoding=\"async\" src=\"https:\/\/decoluxe.es\/wp-content\/uploads\/2023\/09\/punto.png\" alt=\"Punkt\" style=\"height: 1.2rem;margin-right: 1px\"> <span style=\"font-weight:300\"> Esstische<\/span><\/h2>\t\t<\/div>\n\t\t\t\t<\/div>\n\t\t\t\t<div class=\"elementor-element elementor-element-25dc37d4 elementor-widget elementor-widget-text-editor\" data-id=\"25dc37d4\" data-element_type=\"widget\" data-widget_type=\"text-editor.default\">\n\t\t\t\t<div class=\"elementor-widget-container\">\n\t\t\t\t\t\t\t<p>In unserem Ausstellungsraum f\u00fcr Innenarchitektur zeichnen wir uns aus durch<br \/>bieten eine exklusive Auswahl: Luxusk\u00fcchen mit unschlagbarem Design und Materialien. Jede Kreation ist eine perfekte Synthese aus \u00c4sthetik und Funktionalit\u00e4t und spiegelt die einzigartigen Vorlieben unserer Kunden wider. Wir verwenden die hochwertigsten Materialien und die neueste Technologie, um K\u00fcchen zu schaffen, die die Zeit \u00fcberdauern. Unser Ziel ist es, diese R\u00e4ume in kulinarische Kunstwerke zu verwandeln, in denen die&#8230;<\/p>\n\t\t\t\t\t\t<\/div>\n\t\t\t\t<\/div>\n\t\t\t\t<div class=\"elementor-element elementor-element-160ce35b elementor-align-right elementor-widget elementor-widget-button\" data-id=\"160ce35b\" data-element_type=\"widget\" data-widget_type=\"button.default\">\n\t\t\t\t<div class=\"elementor-widget-container\">\n\t\t\t\t\t\t\t<div class=\"elementor-button-wrapper\">\n\t\t\t\t\t<a class=\"elementor-button elementor-button-link elementor-size-sm\" href=\"#\">\n\t\t\t\t\t\t<span class=\"elementor-button-content-wrapper\">\n\t\t\t\t\t\t\t\t\t<span class=\"elementor-button-text\">MEHR SEHEN<\/span>\n\t\t\t\t\t<\/span>\n\t\t\t\t\t<\/a>\n\t\t\t\t<\/div>\n\t\t\t\t\t\t<\/div>\n\t\t\t\t<\/div>\n\t\t\t\t<\/div>\n\t\t\t\t\t<\/div>\n\t\t\t\t<\/div>\n\t\t<div class=\"elementor-element elementor-element-18f57d7e e-flex e-con-boxed e-con e-parent\" data-id=\"18f57d7e\" data-element_type=\"container\" data-settings=\"{&quot;background_background&quot;:&quot;classic&quot;}\">\n\t\t\t\t\t<div class=\"e-con-inner\">\n\t\t<div class=\"elementor-element elementor-element-58a7d1e2 e-con-full e-flex e-con e-child\" data-id=\"58a7d1e2\" data-element_type=\"container\">\n\t\t\t\t<div class=\"elementor-element elementor-element-6e30588b elementor-widget elementor-widget-heading\" data-id=\"6e30588b\" data-element_type=\"widget\" data-widget_type=\"heading.default\">\n\t\t\t\t<div class=\"elementor-widget-container\">\n\t\t\t<h2 class=\"elementor-heading-title elementor-size-default\"><img decoding=\"async\" src=\"https:\/\/decoluxe.es\/wp-content\/uploads\/2023\/09\/punto.png\" alt=\"Punkt\" style=\"height: 1.2rem;margin-right: 1px\"> <span style=\"font-weight:300\"> Couchtische<\/span><\/h2>\t\t<\/div>\n\t\t\t\t<\/div>\n\t\t\t\t<div class=\"elementor-element elementor-element-3a2be5a4 elementor-widget elementor-widget-text-editor\" data-id=\"3a2be5a4\" data-element_type=\"widget\" data-widget_type=\"text-editor.default\">\n\t\t\t\t<div class=\"elementor-widget-container\">\n\t\t\t\t\t\t\t<p>In unserem Ausstellungsraum f\u00fcr Innenarchitektur zeichnen wir uns aus durch<br \/>bieten eine exklusive Auswahl: Luxusk\u00fcchen mit unschlagbarem Design und Materialien. Jede Kreation ist eine perfekte Synthese aus \u00c4sthetik und Funktionalit\u00e4t und spiegelt die einzigartigen Vorlieben unserer Kunden wider. Wir verwenden die hochwertigsten Materialien und die neueste Technologie, um K\u00fcchen zu schaffen, die die Zeit \u00fcberdauern. Unser Ziel ist es, diese R\u00e4ume in kulinarische Kunstwerke zu verwandeln, in denen die&#8230;<\/p>\n\t\t\t\t\t\t<\/div>\n\t\t\t\t<\/div>\n\t\t\t\t<div class=\"elementor-element elementor-element-6525b9a5 elementor-align-right elementor-widget elementor-widget-button\" data-id=\"6525b9a5\" data-element_type=\"widget\" data-widget_type=\"button.default\">\n\t\t\t\t<div class=\"elementor-widget-container\">\n\t\t\t\t\t\t\t<div class=\"elementor-button-wrapper\">\n\t\t\t\t\t<a class=\"elementor-button elementor-button-link elementor-size-sm\" href=\"#\">\n\t\t\t\t\t\t<span class=\"elementor-button-content-wrapper\">\n\t\t\t\t\t\t\t\t\t<span class=\"elementor-button-text\">MEHR SEHEN<\/span>\n\t\t\t\t\t<\/span>\n\t\t\t\t\t<\/a>\n\t\t\t\t<\/div>\n\t\t\t\t\t\t<\/div>\n\t\t\t\t<\/div>\n\t\t\t\t<\/div>\n\t\t<div class=\"elementor-element elementor-element-54d3f90c e-con-full elementor-hidden-mobile e-flex e-con e-child\" data-id=\"54d3f90c\" data-element_type=\"container\" data-settings=\"{&quot;background_background&quot;:&quot;classic&quot;}\">\n\t\t\t\t<\/div>\n\t\t\t\t\t<\/div>\n\t\t\t\t<\/div>\n\t\t<div class=\"elementor-element elementor-element-725820fa e-flex e-con-boxed e-con e-parent\" data-id=\"725820fa\" data-element_type=\"container\">\n\t\t\t\t\t<div class=\"e-con-inner\">\n\t\t<div class=\"elementor-element elementor-element-4fbb735 e-con-full elementor-hidden-mobile e-flex e-con e-child\" data-id=\"4fbb735\" data-element_type=\"container\" data-settings=\"{&quot;background_background&quot;:&quot;classic&quot;}\">\n\t\t\t\t<\/div>\n\t\t<div class=\"elementor-element elementor-element-47080761 e-con-full e-flex e-con e-child\" data-id=\"47080761\" data-element_type=\"container\">\n\t\t\t\t<div class=\"elementor-element elementor-element-3e70306a elementor-widget elementor-widget-heading\" data-id=\"3e70306a\" data-element_type=\"widget\" data-widget_type=\"heading.default\">\n\t\t\t\t<div class=\"elementor-widget-container\">\n\t\t\t<h2 class=\"elementor-heading-title elementor-size-default\"><img decoding=\"async\" src=\"https:\/\/decoluxe.es\/wp-content\/uploads\/2023\/09\/punto.png\" alt=\"Punkt\" style=\"height: 1.2rem;margin-right: 1px\"> <span style=\"font-weight:300\"> B\u00fcroschreibtische<\/span><\/h2>\t\t<\/div>\n\t\t\t\t<\/div>\n\t\t\t\t<div class=\"elementor-element elementor-element-2854efee elementor-widget elementor-widget-text-editor\" data-id=\"2854efee\" data-element_type=\"widget\" data-widget_type=\"text-editor.default\">\n\t\t\t\t<div class=\"elementor-widget-container\">\n\t\t\t\t\t\t\t<p>In unserem Ausstellungsraum f\u00fcr Innenarchitektur zeichnen wir uns aus durch<br \/>bieten eine exklusive Auswahl: Luxusk\u00fcchen mit unschlagbarem Design und Materialien. Jede Kreation ist eine perfekte Synthese aus \u00c4sthetik und Funktionalit\u00e4t und spiegelt die einzigartigen Vorlieben unserer Kunden wider. Wir verwenden die hochwertigsten Materialien und die neueste Technologie, um K\u00fcchen zu schaffen, die die Zeit \u00fcberdauern. Unser Ziel ist es, diese R\u00e4ume in kulinarische Kunstwerke zu verwandeln, in denen die&#8230;<\/p>\n\t\t\t\t\t\t<\/div>\n\t\t\t\t<\/div>\n\t\t\t\t<div class=\"elementor-element elementor-element-7b2d8a8f elementor-align-right elementor-widget elementor-widget-button\" data-id=\"7b2d8a8f\" data-element_type=\"widget\" data-widget_type=\"button.default\">\n\t\t\t\t<div class=\"elementor-widget-container\">\n\t\t\t\t\t\t\t<div class=\"elementor-button-wrapper\">\n\t\t\t\t\t<a class=\"elementor-button elementor-button-link elementor-size-sm\" href=\"#\">\n\t\t\t\t\t\t<span class=\"elementor-button-content-wrapper\">\n\t\t\t\t\t\t\t\t\t<span class=\"elementor-button-text\">MEHR SEHEN<\/span>\n\t\t\t\t\t<\/span>\n\t\t\t\t\t<\/a>\n\t\t\t\t<\/div>\n\t\t\t\t\t\t<\/div>\n\t\t\t\t<\/div>\n\t\t\t\t<\/div>\n\t\t\t\t\t<\/div>\n\t\t\t\t<\/div>\n\t\t<div class=\"elementor-element elementor-element-500028c5 e-con-full e-flex e-con e-parent\" data-id=\"500028c5\" data-element_type=\"container\">\n\t\t\t\t<div class=\"elementor-element elementor-element-2d5be37d elementor-widget elementor-widget-gallery\" data-id=\"2d5be37d\" data-element_type=\"widget\" data-settings=\"{&quot;gallery_layout&quot;:&quot;justified&quot;,&quot;ideal_row_height&quot;:{&quot;unit&quot;:&quot;px&quot;,&quot;size&quot;:281,&quot;sizes&quot;:[]},&quot;gap&quot;:{&quot;unit&quot;:&quot;px&quot;,&quot;size&quot;:1,&quot;sizes&quot;:[]},&quot;lazyload&quot;:&quot;yes&quot;,&quot;ideal_row_height_tablet&quot;:{&quot;unit&quot;:&quot;px&quot;,&quot;size&quot;:150,&quot;sizes&quot;:[]},&quot;ideal_row_height_mobile&quot;:{&quot;unit&quot;:&quot;px&quot;,&quot;size&quot;:150,&quot;sizes&quot;:[]},&quot;gap_tablet&quot;:{&quot;unit&quot;:&quot;px&quot;,&quot;size&quot;:10,&quot;sizes&quot;:[]},&quot;gap_mobile&quot;:{&quot;unit&quot;:&quot;px&quot;,&quot;size&quot;:10,&quot;sizes&quot;:[]},&quot;content_hover_animation&quot;:&quot;fade-in&quot;}\" data-widget_type=\"gallery.default\">\n\t\t\t\t<div class=\"elementor-widget-container\">\n\t\t\t\t\t<div class=\"elementor-gallery__container\">\n\t\t\t\t\t\t\t<div class=\"e-gallery-item elementor-gallery-item elementor-animated-content\">\n\t\t\t\t\t<div class=\"e-gallery-image elementor-gallery-item__image\" data-thumbnail=\"https:\/\/decoluxeinteriordesign.com\/wp-content\/uploads\/2023\/09\/muebles-cocina-contenido.jpg\" data-width=\"500\" data-height=\"500\" aria-label=\"\" role=\"img\" ><\/div>\n\t\t\t\t\t\t\t\t\t\t\t\t\t\t<\/div>\n\t\t\t\t\t\t\t<div class=\"e-gallery-item elementor-gallery-item elementor-animated-content\">\n\t\t\t\t\t<div class=\"e-gallery-image elementor-gallery-item__image\" data-thumbnail=\"https:\/\/decoluxeinteriordesign.com\/wp-content\/uploads\/2023\/09\/cocina-contenido.png\" data-width=\"867\" data-height=\"472\" aria-label=\"\" role=\"img\" ><\/div>\n\t\t\t\t\t\t\t\t\t\t\t\t\t\t<\/div>\n\t\t\t\t\t\t\t<div class=\"e-gallery-item elementor-gallery-item elementor-animated-content\">\n\t\t\t\t\t<div class=\"e-gallery-image elementor-gallery-item__image\" data-thumbnail=\"https:\/\/decoluxeinteriordesign.com\/wp-content\/uploads\/2023\/09\/bg-cocina-de-lujo.jpg\" data-width=\"2100\" data-height=\"900\" aria-label=\"\" role=\"img\" ><\/div>\n\t\t\t\t\t\t\t\t\t\t\t\t\t\t<\/div>\n\t\t\t\t\t\t\t<div class=\"e-gallery-item elementor-gallery-item elementor-animated-content\">\n\t\t\t\t\t<div class=\"e-gallery-image elementor-gallery-item__image\" data-thumbnail=\"https:\/\/decoluxeinteriordesign.com\/wp-content\/uploads\/2023\/09\/cocina-de-lujo-e1695800836173.jpg\" data-width=\"325\" data-height=\"500\" aria-label=\"\" role=\"img\" ><\/div>\n\t\t\t\t\t\t\t\t\t\t\t\t\t\t<\/div>\n\t\t\t\t\t\t\t<div class=\"e-gallery-item elementor-gallery-item elementor-animated-content\">\n\t\t\t\t\t<div class=\"e-gallery-image elementor-gallery-item__image\" data-thumbnail=\"https:\/\/decoluxeinteriordesign.com\/wp-content\/uploads\/2023\/09\/accesorios-y-complementos.jpg\" data-width=\"500\" data-height=\"500\" aria-label=\"\" role=\"img\" ><\/div>\n\t\t\t\t\t\t\t\t\t\t\t\t\t\t<\/div>\n\t\t\t\t\t\t\t<div class=\"e-gallery-item elementor-gallery-item elementor-animated-content\">\n\t\t\t\t\t<div class=\"e-gallery-image elementor-gallery-item__image\" data-thumbnail=\"https:\/\/decoluxeinteriordesign.com\/wp-content\/uploads\/2023\/09\/slide-home-2-e1695800401433.jpg\" data-width=\"847\" data-height=\"800\" aria-label=\"\" role=\"img\" ><\/div>\n\t\t\t\t\t\t\t\t\t\t\t\t\t\t<\/div>\n\t\t\t\t\t<\/div>\n\t\t\t<\/div>\n\t\t\t\t<\/div>\n\t\t\t\t<\/div>\n\t\t\t\t<\/div>\n\t\t","protected":false},"excerpt":{"rendered":"<p>TabellenKantine Entdecken Sie funktionale Eleganz mit unseren Tischen. Jedes St\u00fcck ist ein Statement f\u00fcr Stil und Zweckm\u00e4\u00dfigkeit, das jeden Raum aufwertet. Unsere Tische werden aus hochwertigen Materialien und mit raffinierten Oberfl\u00e4chen hergestellt und sind langlebig und optisch ansprechend. Von Couchtischen, die einen Hauch von Raffinesse verleihen, bis hin zu Esstischen, die eine gem\u00fctliche Atmosph\u00e4re schaffen, [&hellip;]<\/p>\n","protected":false},"author":3,"featured_media":0,"parent":0,"menu_order":0,"comment_status":"closed","ping_status":"closed","template":"elementor_header_footer","meta":{"footnotes":""},"class_list":["post-16499","page","type-page","status-publish","hentry"],"aioseo_notices":[],"_links":{"self":[{"href":"https:\/\/decoluxeinteriordesign.com\/de\/wp-json\/wp\/v2\/pages\/16499","targetHints":{"allow":["GET"]}}],"collection":[{"href":"https:\/\/decoluxeinteriordesign.com\/de\/wp-json\/wp\/v2\/pages"}],"about":[{"href":"https:\/\/decoluxeinteriordesign.com\/de\/wp-json\/wp\/v2\/types\/page"}],"author":[{"embeddable":true,"href":"https:\/\/decoluxeinteriordesign.com\/de\/wp-json\/wp\/v2\/users\/3"}],"replies":[{"embeddable":true,"href":"https:\/\/decoluxeinteriordesign.com\/de\/wp-json\/wp\/v2\/comments?post=16499"}],"version-history":[{"count":2,"href":"https:\/\/decoluxeinteriordesign.com\/de\/wp-json\/wp\/v2\/pages\/16499\/revisions"}],"predecessor-version":[{"id":16581,"href":"https:\/\/decoluxeinteriordesign.com\/de\/wp-json\/wp\/v2\/pages\/16499\/revisions\/16581"}],"wp:attachment":[{"href":"https:\/\/decoluxeinteriordesign.com\/de\/wp-json\/wp\/v2\/media?parent=16499"}],"curies":[{"name":"wp","href":"https:\/\/api.w.org\/{rel}","templated":true}]}}