{"id":15128,"date":"2023-10-25T06:40:17","date_gmt":"2023-10-25T06:40:17","guid":{"rendered":"https:\/\/decoluxe.es\/einen-termin-anfragen\/"},"modified":"2024-04-15T12:06:17","modified_gmt":"2024-04-15T12:06:17","slug":"einen-termin-anfragen","status":"publish","type":"page","link":"https:\/\/decoluxeinteriordesign.com\/de\/einen-termin-anfragen\/","title":{"rendered":"Einen Termin anfragen"},"content":{"rendered":"\t\t<div data-elementor-type=\"wp-page\" data-elementor-id=\"15128\" class=\"elementor elementor-15128 elementor-9985\" data-elementor-post-type=\"page\">\n\t\t\t\t<div class=\"elementor-element elementor-element-83210e2 e-flex e-con-boxed e-con e-parent\" data-id=\"83210e2\" data-element_type=\"container\">\n\t\t\t\t\t<div class=\"e-con-inner\">\n\t\t\t\t<div class=\"elementor-element elementor-element-f538614 elementor-widget elementor-widget-heading\" data-id=\"f538614\" data-element_type=\"widget\" data-widget_type=\"heading.default\">\n\t\t\t\t<div class=\"elementor-widget-container\">\n\t\t\t<h2 class=\"elementor-heading-title elementor-size-default\">Einen Termin anfragen  \n<\/h2>\t\t<\/div>\n\t\t\t\t<\/div>\n\t\t\t\t<div class=\"elementor-element elementor-element-c5d37e3 elementor-widget elementor-widget-text-editor\" data-id=\"c5d37e3\" data-element_type=\"widget\" data-widget_type=\"text-editor.default\">\n\t\t\t\t<div class=\"elementor-widget-container\">\n\t\t\t\t\t\t\t<h5 style=\"text-align: center;\"><strong><span style=\"color: #333333;\">Pers\u00f6nliche Betreuung durch Ihren Designer-Verk\u00e4ufer<\/span><\/strong><\/h5>\n\t\t\t\t\t\t<\/div>\n\t\t\t\t<\/div>\n\t\t\t\t<div class=\"elementor-element elementor-element-5675869 elementor-hidden-tablet elementor-hidden-mobile elementor-widget elementor-widget-text-editor\" data-id=\"5675869\" data-element_type=\"widget\" data-widget_type=\"text-editor.default\">\n\t\t\t\t<div class=\"elementor-widget-container\">\n\t\t\t\t\t\t\t<p style=\"text-align: left;\">Vereinbaren Sie einen Termin f\u00fcr eine <strong>pers\u00f6nliche Beratung<\/strong> und entdecken Sie, wie wir Ihre R\u00e4ume umgestalten k\u00f6nnen. Ihre Vision ist unsere Priorit\u00e4t. Fordern Sie jetzt Ihren Termin an!<\/p>\n\t\t\t\t\t\t<\/div>\n\t\t\t\t<\/div>\n\t\t\t\t<div class=\"elementor-element elementor-element-f6e697f elementor-hidden-desktop elementor-widget elementor-widget-text-editor\" data-id=\"f6e697f\" data-element_type=\"widget\" data-widget_type=\"text-editor.default\">\n\t\t\t\t<div class=\"elementor-widget-container\">\n\t\t\t\t\t\t\t<p style=\"text-align: center;\">Vereinbaren Sie einen Termin f\u00fcr eine <strong>pers\u00f6nliche Beratung<\/strong> und entdecken Sie, wie wir Ihre R\u00e4ume umgestalten k\u00f6nnen. Ihre Vision ist unsere Priorit\u00e4t. Fordern Sie jetzt Ihren Termin an!<\/p>\n\t\t\t\t\t\t<\/div>\n\t\t\t\t<\/div>\n\t\t\t\t\t<\/div>\n\t\t\t\t<\/div>\n\t\t<div class=\"elementor-element elementor-element-67b6811 e-flex e-con-boxed e-con e-parent\" data-id=\"67b6811\" data-element_type=\"container\">\n\t\t\t\t\t<div class=\"e-con-inner\">\n\t\t<div class=\"elementor-element elementor-element-b4e2e02 e-con-full e-flex e-con e-child\" data-id=\"b4e2e02\" data-element_type=\"container\">\n\t\t\t\t<div class=\"elementor-element elementor-element-0d25493 elementor-cta--skin-classic elementor-animated-content elementor-bg-transform elementor-bg-transform-zoom-in elementor-widget elementor-widget-call-to-action\" data-id=\"0d25493\" data-element_type=\"widget\" data-widget_type=\"call-to-action.default\">\n\t\t\t\t<div class=\"elementor-widget-container\">\n\t\t\t\t\t<div class=\"elementor-cta\">\n\t\t\t\t\t<div class=\"elementor-cta__bg-wrapper\">\n\t\t\t\t<div class=\"elementor-cta__bg elementor-bg\" style=\"background-image: url(https:\/\/decoluxeinteriordesign.com\/wp-content\/uploads\/2023\/10\/pexels-andrea-piacquadio-3760263-1024x683.jpg);\" role=\"img\" aria-label=\"pexels-andrea-piacquadio-3760263\"><\/div>\n\t\t\t\t<div class=\"elementor-cta__bg-overlay\"><\/div>\n\t\t\t<\/div>\n\t\t\t\t\t\t\t<div class=\"elementor-cta__content\">\n\t\t\t\t\n\t\t\t\t\t\t\t\t\t<h2 class=\"elementor-cta__title elementor-cta__content-item elementor-content-item\">\n\t\t\t\t\t\tTelefonanruf\t\t\t\t\t<\/h2>\n\t\t\t\t\n\t\t\t\t\t\t\t\t\t<div class=\"elementor-cta__description elementor-cta__content-item elementor-content-item\">\n\t\t\t\t\t\t<p>Wir rufen Sie zum vereinbarten Zeitpunkt unter der angegebenen Nummer an.<\/p>\n\t\t\t\t\t<\/div>\n\t\t\t\t\n\t\t\t\t\t\t\t\t\t<div class=\"elementor-cta__button-wrapper elementor-cta__content-item elementor-content-item \">\n\t\t\t\t\t<a class=\"elementor-cta__button elementor-button elementor-size-\" href=\"https:\/\/calendar.google.com\/calendar\/u\/0\/appointments\/schedules\/AcZssZ3o-_HfbU9CmhtM4793DuQ_ZXzD-5Y9isIELnnVodB5pwq3-KwemMxM9RAUkUVjVgb0wH7eBiCE\" target=\"_blank\">\n\t\t\t\t\t\tEinen Anruf anfordern\t\t\t\t\t<\/a>\n\t\t\t\t\t<\/div>\n\t\t\t\t\t\t\t<\/div>\n\t\t\t\t\t\t<\/div>\n\t\t\t\t<\/div>\n\t\t\t\t<\/div>\n\t\t\t\t<\/div>\n\t\t<div class=\"elementor-element elementor-element-8e9e1ca e-con-full e-flex e-con e-child\" data-id=\"8e9e1ca\" data-element_type=\"container\">\n\t\t\t\t<div class=\"elementor-element elementor-element-70432ea elementor-cta--skin-classic elementor-animated-content elementor-bg-transform elementor-bg-transform-zoom-in elementor-widget elementor-widget-call-to-action\" data-id=\"70432ea\" data-element_type=\"widget\" data-widget_type=\"call-to-action.default\">\n\t\t\t\t<div class=\"elementor-widget-container\">\n\t\t\t\t\t<div class=\"elementor-cta\">\n\t\t\t\t\t<div class=\"elementor-cta__bg-wrapper\">\n\t\t\t\t<div class=\"elementor-cta__bg elementor-bg\" style=\"background-image: url(https:\/\/decoluxeinteriordesign.com\/wp-content\/uploads\/2023\/10\/foto-portada-1024x444.jpg);\" role=\"img\" aria-label=\"foto portada\"><\/div>\n\t\t\t\t<div class=\"elementor-cta__bg-overlay\"><\/div>\n\t\t\t<\/div>\n\t\t\t\t\t\t\t<div class=\"elementor-cta__content\">\n\t\t\t\t\n\t\t\t\t\t\t\t\t\t<h2 class=\"elementor-cta__title elementor-cta__content-item elementor-content-item\">\n\t\t\t\t\t\tPers\u00f6nliches Treffen\t\t\t\t\t<\/h2>\n\t\t\t\t\n\t\t\t\t\t\t\t\t\t<div class=\"elementor-cta__description elementor-cta__content-item elementor-content-item\">\n\t\t\t\t\t\t<p><span style=\"color: rgb(0, 0, 0); background-color: rgb(255, 255, 255);\">Vereinbaren Sie einen Termin in unserem Ausstellungsraum in Marbella<\/span>.<\/p>\n\t\t\t\t\t<\/div>\n\t\t\t\t\n\t\t\t\t\t\t\t\t\t<div class=\"elementor-cta__button-wrapper elementor-cta__content-item elementor-content-item \">\n\t\t\t\t\t<a class=\"elementor-cta__button elementor-button elementor-size-\" href=\"https:\/\/calendar.google.com\/calendar\/u\/0\/appointments\/schedules\/AcZssZ3o-_HfbU9CmhtM4793DuQ_ZXzD-5Y9isIELnnVodB5pwq3-KwemMxM9RAUkUVjVgb0wH7eBiCE\">\n\t\t\t\t\t\tAntrag auf ein Treffen\t\t\t\t\t<\/a>\n\t\t\t\t\t<\/div>\n\t\t\t\t\t\t\t<\/div>\n\t\t\t\t\t\t<\/div>\n\t\t\t\t<\/div>\n\t\t\t\t<\/div>\n\t\t\t\t<\/div>\n\t\t<div class=\"elementor-element elementor-element-a089c05 e-con-full e-flex e-con e-child\" data-id=\"a089c05\" data-element_type=\"container\">\n\t\t\t\t<div class=\"elementor-element elementor-element-89c0d4e elementor-cta--skin-classic elementor-animated-content elementor-bg-transform elementor-bg-transform-zoom-in elementor-widget elementor-widget-call-to-action\" data-id=\"89c0d4e\" data-element_type=\"widget\" data-widget_type=\"call-to-action.default\">\n\t\t\t\t<div class=\"elementor-widget-container\">\n\t\t\t\t\t<div class=\"elementor-cta\">\n\t\t\t\t\t<div class=\"elementor-cta__bg-wrapper\">\n\t\t\t\t<div class=\"elementor-cta__bg elementor-bg\" style=\"background-image: url(https:\/\/decoluxeinteriordesign.com\/wp-content\/uploads\/2023\/10\/pexels-ekaterina-bolovtsova-4049992.jpg);\" role=\"img\" aria-label=\"pexels-ekaterina-bolovtsova-4049992\"><\/div>\n\t\t\t\t<div class=\"elementor-cta__bg-overlay\"><\/div>\n\t\t\t<\/div>\n\t\t\t\t\t\t\t<div class=\"elementor-cta__content\">\n\t\t\t\t\n\t\t\t\t\t\t\t\t\t<h2 class=\"elementor-cta__title elementor-cta__content-item elementor-content-item\">\n\t\t\t\t\t\tVideokonferenz\t\t\t\t\t<\/h2>\n\t\t\t\t\n\t\t\t\t\t\t\t\t\t<div class=\"elementor-cta__description elementor-cta__content-item elementor-content-item\">\n\t\t\t\t\t\t<p>Nach der Buchung wird ein Google Meet-Link generiert.<\/p>\n\t\t\t\t\t<\/div>\n\t\t\t\t\n\t\t\t\t\t\t\t\t\t<div class=\"elementor-cta__button-wrapper elementor-cta__content-item elementor-content-item \">\n\t\t\t\t\t<a class=\"elementor-cta__button elementor-button elementor-size-\" href=\"https:\/\/calendar.google.com\/calendar\/u\/0\/appointments\/schedules\/AcZssZ3o-_HfbU9CmhtM4793DuQ_ZXzD-5Y9isIELnnVodB5pwq3-KwemMxM9RAUkUVjVgb0wH7eBiCE\">\n\t\t\t\t\t\tAnfrage Treffen\t\t\t\t\t<\/a>\n\t\t\t\t\t<\/div>\n\t\t\t\t\t\t\t<\/div>\n\t\t\t\t\t\t<\/div>\n\t\t\t\t<\/div>\n\t\t\t\t<\/div>\n\t\t\t\t<\/div>\n\t\t\t\t\t<\/div>\n\t\t\t\t<\/div>\n\t\t\t\t<\/div>\n\t\t","protected":false},"excerpt":{"rendered":"<p>Einen Termin anfragen Pers\u00f6nliche Betreuung durch Ihren Designer-Verk\u00e4ufer Vereinbaren Sie einen Termin f\u00fcr eine pers\u00f6nliche Beratung und entdecken Sie, wie wir Ihre R\u00e4ume umgestalten k\u00f6nnen. Ihre Vision ist unsere Priorit\u00e4t. Fordern Sie jetzt Ihren Termin an! Vereinbaren Sie einen Termin f\u00fcr eine pers\u00f6nliche Beratung und entdecken Sie, wie wir Ihre R\u00e4ume umgestalten k\u00f6nnen. Ihre Vision [&hellip;]<\/p>\n","protected":false},"author":2,"featured_media":0,"parent":0,"menu_order":0,"comment_status":"closed","ping_status":"closed","template":"elementor_header_footer","meta":{"footnotes":""},"class_list":["post-15128","page","type-page","status-publish","hentry"],"aioseo_notices":[],"_links":{"self":[{"href":"https:\/\/decoluxeinteriordesign.com\/de\/wp-json\/wp\/v2\/pages\/15128","targetHints":{"allow":["GET"]}}],"collection":[{"href":"https:\/\/decoluxeinteriordesign.com\/de\/wp-json\/wp\/v2\/pages"}],"about":[{"href":"https:\/\/decoluxeinteriordesign.com\/de\/wp-json\/wp\/v2\/types\/page"}],"author":[{"embeddable":true,"href":"https:\/\/decoluxeinteriordesign.com\/de\/wp-json\/wp\/v2\/users\/2"}],"replies":[{"embeddable":true,"href":"https:\/\/decoluxeinteriordesign.com\/de\/wp-json\/wp\/v2\/comments?post=15128"}],"version-history":[{"count":7,"href":"https:\/\/decoluxeinteriordesign.com\/de\/wp-json\/wp\/v2\/pages\/15128\/revisions"}],"predecessor-version":[{"id":27503,"href":"https:\/\/decoluxeinteriordesign.com\/de\/wp-json\/wp\/v2\/pages\/15128\/revisions\/27503"}],"wp:attachment":[{"href":"https:\/\/decoluxeinteriordesign.com\/de\/wp-json\/wp\/v2\/media?parent=15128"}],"curies":[{"name":"wp","href":"https:\/\/api.w.org\/{rel}","templated":true}]}}